{"id":41,"date":"2010-08-17T10:01:10","date_gmt":"2010-08-17T10:01:10","guid":{"rendered":"https:\/\/blog.iese.edu\/rahnema\/?page_id=41"},"modified":"2020-03-31T15:43:17","modified_gmt":"2020-03-31T14:43:17","slug":"otras-publicaciones","status":"publish","type":"page","link":"https:\/\/blog.iese.edu\/rahnema\/publicaciones\/otras-publicaciones\/","title":{"rendered":"OTRAS PUBLICACIONES"},"content":{"rendered":"<ul>\n<li><em>&#8220;La Capitalizaci\u00f3n de la Deuda: Una Soluci\u00f3n a la Crisis de la Deuda&#8221;<\/em>,<br \/>\nRevista de Antiguos Alumnos, IESE, Universidad de Navarra, N\u00ba 29, March 1988, p\u00e1gs. 20-22.<\/li>\n<li><em>&#8220;Evoluci\u00f3n del Entorno Financiero Internacional y sus Consecuencias&#8221;<\/em>.<br \/>\nBolet\u00edn de Antiguos, IESE, Universidad de Navarra, N\u00ba 37, March 1990, p\u00e1gs. 51-54.<\/li>\n<li><em>Innovaciones financieras en la cobertura de riesgos, <\/em>&#8220;Las finanzas en la empresa&#8221;, Volumen IV, Curso de Contabilidad y Finanzas de la enciclopedia &#8220;La empresa, direcci\u00f3n y administraci\u00f3n&#8221;, Plaza y Jan\u00e9s Editores, 1990.<\/li>\n<li><em>La Exposici\u00f3n al Riesgo de Cambio<\/em>, <span style=\"text-decoration: underline;\">Expansi\u00f3n<\/span>, 20\/4\/94, p. 29.<\/li>\n<li><em>Posici\u00f3n Competitiva y Tipo de Cambio<\/em>, <span style=\"text-decoration: underline;\">Expansi\u00f3n<\/span>, 27\/4\/94, p. 31.<\/li>\n<li><em>La Cotizaci\u00f3n en Bolsas Extranjera<\/em>, <span style=\"text-decoration: underline;\">Expansi\u00f3n<\/span>, 4\/5\/94, p. 29.<\/li>\n<li><em>Instrumentos de Cobertura de los Riesgos de Cambio<\/em>, <span style=\"text-decoration: underline;\">Expansi\u00f3n<\/span>, 11\/5\/94, p. 29.<\/li>\n<li><em>El Riesgo de Tipos de Inter\u00e9s en la Pol\u00edtica de Financiaci\u00f3n<\/em>,<span style=\"text-decoration: underline;\"> Expansi\u00f3n<\/span>, 18\/5\/94, p.33<\/li>\n<li><em>El An\u00e1lisis de la Inversi\u00f3n Directa en el Extranjero<\/em>, <span style=\"text-decoration: underline;\">Expansi\u00f3n<\/span>, 25\/5\/94, p.31.<\/li>\n<li><em>El Riesgo del Uso de los Instrumentos Financieros Derivados<\/em>, <span style=\"text-decoration: underline;\">Expansi\u00f3n<\/span>, 1\/6\/94, p.27<\/li>\n<li><em>Empresas Espa\u00f1olas en Grandes Proyectos Internacionales<\/em>, <span style=\"text-decoration: underline;\">Expansi\u00f3n<\/span>, 8\/6\/94, p\u00e1gs. 29.<\/li>\n<li><em>El Uso de los Instrumentos de Cobertura de Riesgos Financieros,<\/em> <span style=\"text-decoration: underline;\">Expansi\u00f3n<\/span>, 15\/6\/94, p.33.<\/li>\n<li><em>La Inversiones en los Mercados Emergentes,<\/em> <span style=\"text-decoration: underline;\">Expansi\u00f3n<\/span>, 29\/6\/94, p.31.<\/li>\n<li><em>La Previsi\u00f3n de Tipos de Cambio<\/em>, <span style=\"text-decoration: underline;\">Expansi\u00f3n<\/span>, 6\/7\/94, p.29.<\/li>\n<li><em>Las &#8220;Commodities&#8221; Como Inversi\u00f3n Financiera,<\/em> <span style=\"text-decoration: underline;\">Expansi\u00f3n<\/span>, 13\/7\/94, p.27.<\/li>\n<li><em>La importancia de la gesti\u00f3n del Riesgo de Cambio<\/em>, <span style=\"text-decoration: underline;\">Expansi\u00f3n<\/span>, 20\/7\/94, p.29.<\/li>\n<li><em>La gesti\u00f3n de carteras y Las Divisas<\/em>, <span style=\"text-decoration: underline;\">Expansi\u00f3n<\/span>, 27\/7\/94, p.27.<\/li>\n<li><em>El Coste Efectivo de la Financiaci\u00f3n en Divisas<\/em>, <span style=\"text-decoration: underline;\">Expansi\u00f3n<\/span>, 13\/4\/94, p. 31.<\/li>\n<li><em>Caso Pr\u00e1ctico: Aperitivos, S.A. Finanzas &amp; Contabilidad<span style=\"text-decoration: underline;\">,<\/span><\/em> Harvard-Deusto, N\u00ba 3, 1994, p\u00e1gs. 21-24.<\/li>\n<li><em>Impacto competitivo del tipo de cambio, lo que no cubre el seguro de cambio<\/em>, <span style=\"text-decoration: underline;\">Finanzas &amp; Contabilidad<\/span>, Harvard-Deusto, N\u00ba 3, 1994, p\u00e1gs. 25-27.<\/li>\n<li><em>La Exposici\u00f3n al Riesgo de Cambio,<\/em><span style=\"text-decoration: underline;\"> Finanzas &amp; Contabilidad,<\/span> Harvard-Deusto, N\u00ba 3, 1994, p\u00e1gs. 14-16.<\/li>\n<li><em>Ibersnacs, S.A.<\/em>, &#8220;European casebook on finance&#8221;, edited by Paul Stonham and Keith Redhead, Prentice-Hall, 1995, pages 443-450.<\/li>\n<li><em>Repsol, S.A<\/em>., &#8220;European casebook on finance&#8221;, edited by Paul Stonham and Keith Redhead, Prentice-Hall, 1995, pages 50-76.<\/li>\n<li><em>Aperitivos, S.A.<\/em>,<span style=\"text-decoration: underline;\"> Harvard Deusto Finanzas y Contabilidad<\/span>, No 3\/94, 1995, p\u00e1gs. 21-24.<\/li>\n<li><em>OMSA Alimentaci\u00f3n, S.A<\/em>,<span style=\"text-decoration: underline;\"> Finanzas &amp; Contabilidad,<\/span> Harvard Deusto, N\u00ba 4, 1995, p\u00e1gs. 24-32.<\/li>\n<li><em>Salidas a bolsa: La experiencia espa\u00f1ola. 1986-1990<\/em>, <span style=\"text-decoration: underline;\">Harvard Deusto Finanzas y Contabilidad<\/span>, n\u00ba 1\/95, 1995, p\u00e1gs. 20-23.<\/li>\n<li><em>Salida a Bolsa: la experiencia espa\u00f1ola<\/em>, <span style=\"text-decoration: underline;\">Finanzas &amp; Contabilidad, Harvard Deusto<\/span>, N\u00ba 4, 1995, p\u00e1gs. 20-24.<\/li>\n<li><em>Las finanzas de la distribuci\u00f3n en Espa\u00f1a: El caso Pryca<\/em>, <span style=\"text-decoration: underline;\">Harvard Deusto Marketing y Ventas<\/span>, n\u00ba 10, septiembre 1995, p\u00e1gs. 50-54.<\/li>\n<li><em>Caso pr\u00e1ctico: Metalurgia del Norte, S.A<\/em>., <span style=\"text-decoration: underline;\">Harvard Deusto Finanzas y Contabilidad<\/span>, n\u00ba 9, enero-febrero 1996, p\u00e1gs. 28-36.<\/li>\n<li><em>Posici\u00f3n Competitiva y Tipo de Cambio<\/em>, <span style=\"text-decoration: underline;\">Estrategia<\/span>, El diario de negocios de Chile, 14\/2\/96.<\/li>\n<li><em>Los riesgos y sus or\u00edgenes<\/em>, <span style=\"text-decoration: underline;\">El Financiero<\/span>, Ecuador, 22\/4\/1996<\/li>\n<li><em>El an\u00e1lisis de la inversi\u00f3n directa en el extranjero<\/em>, <span style=\"text-decoration: underline;\">Biblioteca IESE de Gesti\u00f3n de Empresas<\/span>, Vol. 12, Ediciones Folio, Barcelona, 1997.<\/li>\n<li><em>Gesti\u00f3n de riesgos de tipos de cambio,<\/em> <span style=\"text-decoration: underline;\">Biblioteca IESE de Gesti\u00f3n de Empresas<\/span>, Vol. 39, Ediciones Folio, Barcelona, 1997.<\/li>\n<li><em>El euro y el sector turismo<\/em>, <span style=\"text-decoration: underline;\">Gesti\u00f6n Y Innovaci\u00f6n<\/span>, n\u00aa 1, Febrero 1997.<\/li>\n<li><em>\u00bfAfecta al sector turismo el euro?,<\/em> <span style=\"text-decoration: underline;\">Gesti\u00f3n &amp; Innovaci\u00f3n<\/span>, n\u00ba 2, febrero 1997, p\u00e1gs. 2-3.<\/li>\n<li><em>Euromirror, S. A.<\/em>,<span style=\"text-decoration: underline;\"> Finanzas &amp; Contabilidad, Harvard Deusto<\/span>, N\u00ba 21, 1998, p\u00e1gs. 26-30.<\/li>\n<li><em>El euro y las finanzas de las peque\u00f1as y medianas empresas<\/em>, <span style=\"text-decoration: underline;\">Euroasesor<\/span>, n\u00ba 2, junio 1998, p\u00e1gs. 5-7.<\/li>\n<li><em>Los \u00edndices de referencia: Mibor, IRPH, eurolibor (2\u00aa parte)<\/em>, <span style=\"text-decoration: underline;\">Deusto en directo<\/span>, n\u00ba 15, agosto-septiembre 2001, p\u00e1gs. 64-70.<\/li>\n<li><em>Nokia\u2019s Growing Cash Mountain<\/em>, <span style=\"text-decoration: underline;\">International Journal of Finance Education<\/span>, Vol. 1, No 1, January 2005, pp. 85-112.<\/li>\n<li><em>Basilea II: Una nueva forma de relaci\u00f3n banca-empresa,<\/em><span style=\"text-decoration: underline;\"> Harvard Deusto Finanzas y Contabilidad<\/span>, No 64, marzo-abril 2005, p\u00e1gs. 40-48.<\/li>\n<li><em>Gesti\u00f3n estrat\u00e9gica del riesgo de tipos de cambio. Pr\u00e1ctico<\/em>. <span style=\"text-decoration: underline;\">Estrategia Financiera<\/span>, No 216, abril 2005, p\u00e1gs. 30-39<\/li>\n<li><em>El plan de expansi\u00f3n de DOGI en Asia<\/em>, <span style=\"text-decoration: underline;\">Estrategia Financiera<\/span>, No 220, septiembre 2005, p\u00e1gs. 20-27.<\/li>\n<li><em>Basilea II: El riesgo operacional en las entidades financieras<\/em>, <span style=\"text-decoration: underline;\">Estrategia Financiera<\/span>, No 224, enero 2006, p\u00e1gs. 14-24.<\/li>\n<\/ul>\n","protected":false},"excerpt":{"rendered":"<p>&#8220;La Capitalizaci\u00f3n de la Deuda: Una Soluci\u00f3n a la Crisis de la Deuda&#8221;, Revista de Antiguos Alumnos, IESE, Universidad de Navarra, N\u00ba 29, March 1988, p\u00e1gs. 20-22. &#8220;Evoluci\u00f3n del Entorno Financiero Internacional y sus Consecuencias&#8221;. Bolet\u00edn de Antiguos, IESE, Universidad de Navarra, N\u00ba 37, March 1990, p\u00e1gs. 51-54. Innovaciones financieras en la cobertura de riesgos, [&hellip;]<\/p>\n","protected":false},"author":12,"featured_media":0,"parent":40,"menu_order":0,"comment_status":"open","ping_status":"open","template":"","meta":{"footnotes":""},"class_list":["post-41","page","type-page","status-publish","hentry"],"aioseo_notices":[],"_links":{"self":[{"href":"https:\/\/blog.iese.edu\/rahnema\/wp-json\/wp\/v2\/pages\/41","targetHints":{"allow":["GET"]}}],"collection":[{"href":"https:\/\/blog.iese.edu\/rahnema\/wp-json\/wp\/v2\/pages"}],"about":[{"href":"https:\/\/blog.iese.edu\/rahnema\/wp-json\/wp\/v2\/types\/page"}],"author":[{"embeddable":true,"href":"https:\/\/blog.iese.edu\/rahnema\/wp-json\/wp\/v2\/users\/12"}],"replies":[{"embeddable":true,"href":"https:\/\/blog.iese.edu\/rahnema\/wp-json\/wp\/v2\/comments?post=41"}],"version-history":[{"count":3,"href":"https:\/\/blog.iese.edu\/rahnema\/wp-json\/wp\/v2\/pages\/41\/revisions"}],"predecessor-version":[{"id":168,"href":"https:\/\/blog.iese.edu\/rahnema\/wp-json\/wp\/v2\/pages\/41\/revisions\/168"}],"up":[{"embeddable":true,"href":"https:\/\/blog.iese.edu\/rahnema\/wp-json\/wp\/v2\/pages\/40"}],"wp:attachment":[{"href":"https:\/\/blog.iese.edu\/rahnema\/wp-json\/wp\/v2\/media?parent=41"}],"curies":[{"name":"wp","href":"https:\/\/api.w.org\/{rel}","templated":true}]}}