{"id":44,"date":"2010-08-17T10:06:57","date_gmt":"2010-08-17T10:06:57","guid":{"rendered":"https:\/\/blog.iese.edu\/rahnema\/?page_id=44"},"modified":"2020-03-31T15:48:55","modified_gmt":"2020-03-31T14:48:55","slug":"libros","status":"publish","type":"page","link":"https:\/\/blog.iese.edu\/rahnema\/publicaciones\/libros\/","title":{"rendered":"LIBROS"},"content":{"rendered":"<table border=\"0\" width=\"98%\" align=\"center\">\n<tbody>\n<tr>\n<td colspan=\"3\" align=\"center\" valign=\"top\" width=\"6%\">\n<div>\n<table style=\"height: 71px;\" border=\"0\" width=\"100%\">\n<tbody>\n<tr align=\"center\">\n<td width=\"33%\"><img loading=\"lazy\" decoding=\"async\" class=\"aligncenter size-full wp-image-107\" title=\"PRENSA\" src=\"https:\/\/blog.iese.edu\/rahnema\/files\/2010\/08\/PRENSA.jpg\" alt=\"\" width=\"150\" height=\"223\" \/><\/td>\n<td width=\"33%\"><img loading=\"lazy\" decoding=\"async\" class=\"aligncenter size-full wp-image-108\" title=\"CRECIMIENTO\" src=\"https:\/\/blog.iese.edu\/rahnema\/files\/2010\/08\/CRECIMIENTO.jpg\" alt=\"\" width=\"150\" height=\"223\" \/><\/td>\n<td width=\"33%\"><img loading=\"lazy\" decoding=\"async\" class=\"aligncenter size-full wp-image-109\" title=\"MERCADOS\" src=\"https:\/\/blog.iese.edu\/rahnema\/files\/2010\/08\/MERCADOS.jpg\" alt=\"\" width=\"150\" height=\"223\" \/><\/td>\n<\/tr>\n<\/tbody>\n<\/table>\n<\/div>\n<\/td>\n<\/tr>\n<tr align=\"center\">\n<td valign=\"top\">La prensa econ\u00f3mica y financiera<\/td>\n<td valign=\"top\">Crecimiento e inversi\u00f3n<\/td>\n<td valign=\"top\">Mercados financieros internacionales<\/td>\n<\/tr>\n<tr align=\"center\">\n<td valign=\"top\"><a href=\"https:\/\/blog.iese.edu\/rahnema\/2010\/08\/18\/la-prensa-economica-y-financiera-3\/\" target=\"_self\" rel=\"noopener noreferrer\">\u00cdndice<\/a><\/td>\n<td valign=\"top\"><a href=\"https:\/\/blog.iese.edu\/rahnema\/2010\/08\/17\/crecimiento-e-inversion\/\" target=\"_self\" rel=\"noopener noreferrer\">\u00cdndice<\/a><\/td>\n<td valign=\"top\"><a href=\"https:\/\/blog.iese.edu\/rahnema\/2010\/08\/17\/mercados-financieros-internacionales\" target=\"_self\" rel=\"noopener noreferrer\">\u00cdndice<\/a><\/td>\n<\/tr>\n<tr align=\"center\">\n<td valign=\"top\">PRECIO: 25.15 euros<\/td>\n<td valign=\"top\">PRECIO: 9.35 euros<\/td>\n<td valign=\"top\">PRECIO: 9.35 euros<\/td>\n<\/tr>\n<tr align=\"center\">\n<td valign=\"top\"><span style=\"font-family: Arial, Helvetica, sans-serif;\"><em><a href=\"http:\/\/www.iese.edu\/_garbi\/prof\/libros_rahnema.asp?libro=1\" target=\"_blank\" rel=\"noopener noreferrer\">REALIZAR PEDIDOS<\/a><\/em><\/span><\/td>\n<td valign=\"top\"><span style=\"font-family: Arial, Helvetica, sans-serif;\"><em><a href=\"https:\/\/www.ieseinsight.com\/\" target=\"_blank\" rel=\"noopener noreferrer\">REALIZAR PEDIDOS<\/a><\/em><\/span><\/td>\n<td valign=\"top\"><span style=\"font-family: Arial, Helvetica, sans-serif;\"><em><a href=\"https:\/\/www.ieseinsight.com\/\">REALIZAR PEDIDOS<\/a><\/em><\/span><\/td>\n<\/tr>\n<\/tbody>\n<\/table>\n<p>&nbsp;<\/p>\n<table border=\"0\" width=\"98%\" align=\"center\">\n<tbody>\n<tr>\n<td colspan=\"3\" align=\"center\" valign=\"top\">\n<div>\n<table style=\"height: 71px;\" border=\"0\" width=\"100%\">\n<tbody>\n<tr align=\"center\">\n<td width=\"33%\"><a href=\"https:\/\/blog.iese.edu\/rahnema\/files\/2010\/08\/basilea.jpg\"><img loading=\"lazy\" decoding=\"async\" class=\"aligncenter size-full wp-image-110\" title=\"basilea\" src=\"https:\/\/blog.iese.edu\/rahnema\/files\/2010\/08\/basilea.jpg\" alt=\"\" width=\"140\" height=\"215\" \/><\/a><\/td>\n<td width=\"39%\"><img loading=\"lazy\" decoding=\"async\" class=\"aligncenter size-full wp-image-112\" title=\"Finanzas-internacionales\" src=\"https:\/\/blog.iese.edu\/rahnema\/files\/2010\/08\/Finanzas-internacionales.jpg\" alt=\"\" width=\"150\" height=\"223\" \/><\/td>\n<td width=\"28%\"><\/td>\n<\/tr>\n<\/tbody>\n<\/table>\n<\/div>\n<\/td>\n<\/tr>\n<tr align=\"center\">\n<td valign=\"top\" width=\"33%\">Basilea II y la empresa<\/td>\n<td valign=\"top\" width=\"39%\">\n<div>Finanzas Internacionales<\/div>\n<\/td>\n<td valign=\"top\" width=\"28%\"><\/td>\n<\/tr>\n<tr align=\"center\">\n<td valign=\"top\"><a href=\"https:\/\/blog.iese.edu\/rahnema\/2010\/08\/18\/basilea-ii-y-la-empresa\/\" target=\"_self\" rel=\"noopener noreferrer\">\u00cdndice<\/a><\/td>\n<td valign=\"top\"><a href=\"https:\/\/blog.iese.edu\/rahnema\/2010\/08\/18\/finanzas-internacionales\/\" target=\"_self\" rel=\"noopener noreferrer\">\u00cdndice<\/a><\/td>\n<td valign=\"top\"><\/td>\n<\/tr>\n<tr align=\"center\">\n<td valign=\"top\">PRECIO: 21.5 euros<\/td>\n<td valign=\"top\">PRECIO: 26,85\u20ac<\/td>\n<td valign=\"top\"><\/td>\n<\/tr>\n<tr align=\"center\">\n<td valign=\"top\"><span style=\"font-family: Arial, Helvetica, sans-serif;\"><em><a href=\"https:\/\/www.ieseinsight.com\/\" target=\"_blank\" rel=\"noopener noreferrer\">REALIZAR PEDIDOS<\/a><\/em><\/span><\/td>\n<td valign=\"top\"><span style=\"font-family: Arial, Helvetica, sans-serif;\"><em><a href=\"https:\/\/www.ieseinsight.com\/\" target=\"_blank\" rel=\"noopener noreferrer\">REALIZAR PEDIDOS<\/a><\/em><\/span><\/td>\n<\/tr>\n<\/tbody>\n<\/table>\n","protected":false},"excerpt":{"rendered":"<p>La prensa econ\u00f3mica y financiera Crecimiento e inversi\u00f3n Mercados financieros internacionales \u00cdndice \u00cdndice \u00cdndice PRECIO: 25.15 euros PRECIO: 9.35 euros PRECIO: 9.35 euros REALIZAR PEDIDOS REALIZAR PEDIDOS REALIZAR PEDIDOS &nbsp; Basilea II y la empresa Finanzas Internacionales \u00cdndice \u00cdndice PRECIO: 21.5 euros PRECIO: 26,85\u20ac REALIZAR PEDIDOS REALIZAR PEDIDOS<\/p>\n","protected":false},"author":12,"featured_media":0,"parent":40,"menu_order":0,"comment_status":"open","ping_status":"open","template":"","meta":{"footnotes":""},"class_list":["post-44","page","type-page","status-publish","hentry"],"aioseo_notices":[],"_links":{"self":[{"href":"https:\/\/blog.iese.edu\/rahnema\/wp-json\/wp\/v2\/pages\/44","targetHints":{"allow":["GET"]}}],"collection":[{"href":"https:\/\/blog.iese.edu\/rahnema\/wp-json\/wp\/v2\/pages"}],"about":[{"href":"https:\/\/blog.iese.edu\/rahnema\/wp-json\/wp\/v2\/types\/page"}],"author":[{"embeddable":true,"href":"https:\/\/blog.iese.edu\/rahnema\/wp-json\/wp\/v2\/users\/12"}],"replies":[{"embeddable":true,"href":"https:\/\/blog.iese.edu\/rahnema\/wp-json\/wp\/v2\/comments?post=44"}],"version-history":[{"count":28,"href":"https:\/\/blog.iese.edu\/rahnema\/wp-json\/wp\/v2\/pages\/44\/revisions"}],"predecessor-version":[{"id":171,"href":"https:\/\/blog.iese.edu\/rahnema\/wp-json\/wp\/v2\/pages\/44\/revisions\/171"}],"up":[{"embeddable":true,"href":"https:\/\/blog.iese.edu\/rahnema\/wp-json\/wp\/v2\/pages\/40"}],"wp:attachment":[{"href":"https:\/\/blog.iese.edu\/rahnema\/wp-json\/wp\/v2\/media?parent=44"}],"curies":[{"name":"wp","href":"https:\/\/api.w.org\/{rel}","templated":true}]}}