{"id":120,"date":"2024-12-13T13:22:28","date_gmt":"2024-12-13T12:22:28","guid":{"rendered":"https:\/\/blog.iese.edu\/rosa-fite\/?page_id=120"},"modified":"2024-12-13T13:22:43","modified_gmt":"2024-12-13T12:22:43","slug":"action-research","status":"publish","type":"page","link":"https:\/\/blog.iese.edu\/rosa-fite\/action-research\/","title":{"rendered":"Action Research"},"content":{"rendered":"<p>La investigaci\u00f3n de Verbideas centra sus esfuerzos en actividades de <em>action research<\/em>*\u00a0 con el fin de desarrollar la efectividad pr\u00e1ctica.<\/p>\n<p><span data-contrast=\"auto\">Querer ayudar a las empresas en sus retos, por m\u00e1s dif\u00edciles que parezcan, puede dar lugar a acuerdos estables con algunas que, valorando esta doble contribuci\u00f3n, se presten a la colaboraci\u00f3n para el crecimiento, la transformaci\u00f3n, la creaci\u00f3n de maneras nuevas en gesti\u00f3n que reviertan en bienes y valores para las empresas y sus personas. <\/span><span data-ccp-props=\"{}\">\u00a0<\/span><\/p>\n<p><span data-contrast=\"auto\">La investigaci\u00f3n en management tambi\u00e9n puede requerir nuevas fuentes de evidencias bien estructuradas que permitan desarrollar producto, probar efectividad para despu\u00e9s venderlo y saberlo aplicar. Probar nuevas teor\u00edas y herramientas en management, con rigor y relevancia, contando con una infraestructura adecuada de soporte y con un marco de evaluaci\u00f3n consistente, puede ser interesante tambi\u00e9n como escuela de negocio.\u00a0 <\/span><span data-ccp-props=\"{}\">\u00a0<\/span><\/p>\n<h2><span data-contrast=\"auto\">Investigaciones en curso<\/span><span data-ccp-props=\"{}\">\u00a0<\/span><span data-ccp-props=\"{}\">\u00a0<\/span><\/h2>\n<ul>\n<li><span data-contrast=\"auto\">Persona y productividad: conceptos clave para pr\u00e1cticas efectivas. En curso<\/span><span data-ccp-props=\"{}\">\u00a0<\/span><\/li>\n<li><span data-contrast=\"auto\">Profundizaci\u00f3n y desarrollo del m\u00e9todo Verbideas. Mejoras en las operaciones. En curso<\/span><span data-ccp-props=\"{}\">\u00a0<\/span><\/li>\n<li><span data-contrast=\"auto\">Un sistema para fomentar intraemprendimiento. En curso<\/span><span data-ccp-props=\"{}\">\u00a0<\/span><\/li>\n<li><span data-contrast=\"auto\">Efectividad del modelo entre profesionales sanitarios. En curso\u00a0<\/span><span data-ccp-props=\"{}\">\u00a0<\/span><\/li>\n<li><span data-contrast=\"auto\">Colaboraci\u00f3n con profesores en investigaci\u00f3n aplicada de conceptos diversos relacionados con esta perspectiva. En curso<\/span><span data-ccp-props=\"{}\">\u00a0<\/span><\/li>\n<li><span data-contrast=\"auto\">Efectividad del modelo Verbideas en educaci\u00f3n: j\u00f3venes y docentes. Realizado<\/span><\/li>\n<\/ul>\n<p><strong>Si tiene inter\u00e9s en sumarse a esta iniciativa, escr\u00edbanos a <a href=\"mailto:rfite@iese.edu\">rfite@iese.edu<\/a><\/strong><\/p>\n<p><em>* \u201cLa investigaci\u00f3n en acci\u00f3n o el action research es un m\u00e9todo para analizar problemas y generar dos aportaciones: enriquecer la teor\u00eda y ofrecer soluciones pr\u00e1cticas al problema estudiado. Como metametodolog\u00eda presenta ventajas y oportunidades como poder testar teor\u00edas, de inter\u00e9s para la investigaci\u00f3n en management en general\u201d.\u00a0 <\/em><span data-contrast=\"auto\">Alfaro-Tanco, Jos\u00e9 A.; Avella, Luc\u00eda; Moscoso, Philip; N\u00e4slund, Dag, \u00abAn evaluation framework for the dual contribution of <\/span><i><span data-contrast=\"auto\">action research<\/span><\/i><span data-contrast=\"auto\">: oppor-tunities and challenges in the field of operations management\u00bb, <\/span><i><span data-contrast=\"auto\">International Journal of Qualitative Methods<\/span><\/i><span data-contrast=\"auto\">, 20.<\/span><span data-ccp-props=\"{}\">\u00a0<\/span><\/p>\n","protected":false},"excerpt":{"rendered":"<p>La investigaci\u00f3n de Verbideas centra sus esfuerzos en actividades de action research*\u00a0 con el fin de desarrollar la efectividad pr\u00e1ctica. Querer ayudar a las empresas en sus retos, por m\u00e1s dif\u00edciles que parezcan, puede dar lugar a acuerdos estables con algunas que, valorando esta doble contribuci\u00f3n, se presten a la colaboraci\u00f3n para el crecimiento, la [&hellip;]<\/p>\n","protected":false},"author":2455,"featured_media":0,"parent":0,"menu_order":0,"comment_status":"closed","ping_status":"closed","template":"","meta":{"footnotes":""},"class_list":["post-120","page","type-page","status-publish","hentry"],"aioseo_notices":[],"_links":{"self":[{"href":"https:\/\/blog.iese.edu\/rosa-fite\/wp-json\/wp\/v2\/pages\/120","targetHints":{"allow":["GET"]}}],"collection":[{"href":"https:\/\/blog.iese.edu\/rosa-fite\/wp-json\/wp\/v2\/pages"}],"about":[{"href":"https:\/\/blog.iese.edu\/rosa-fite\/wp-json\/wp\/v2\/types\/page"}],"author":[{"embeddable":true,"href":"https:\/\/blog.iese.edu\/rosa-fite\/wp-json\/wp\/v2\/users\/2455"}],"replies":[{"embeddable":true,"href":"https:\/\/blog.iese.edu\/rosa-fite\/wp-json\/wp\/v2\/comments?post=120"}],"version-history":[{"count":1,"href":"https:\/\/blog.iese.edu\/rosa-fite\/wp-json\/wp\/v2\/pages\/120\/revisions"}],"predecessor-version":[{"id":121,"href":"https:\/\/blog.iese.edu\/rosa-fite\/wp-json\/wp\/v2\/pages\/120\/revisions\/121"}],"wp:attachment":[{"href":"https:\/\/blog.iese.edu\/rosa-fite\/wp-json\/wp\/v2\/media?parent=120"}],"curies":[{"name":"wp","href":"https:\/\/api.w.org\/{rel}","templated":true}]}}