{"id":154,"date":"2014-02-06T23:53:20","date_gmt":"2014-02-06T22:53:20","guid":{"rendered":"https:\/\/blog.iese.edu\/ventas\/"},"modified":"2014-11-20T11:11:15","modified_gmt":"2014-11-20T10:11:15","slug":"creditos","status":"publish","type":"page","link":"https:\/\/blog.iese.edu\/ventas\/creditos\/","title":{"rendered":"Cr\u00e9ditos"},"content":{"rendered":"<h2>Autores<\/h2>\n<p><a href=\"http:\/\/www.iese.edu\/Aplicaciones\/faculty\/facultyDetail.asp?prof=JV&amp;lang=es\">Juli\u00e1n Villanueva<\/a> [<a href=\"http:\/\/julianvillanueva.com\/\">blog<\/a>, <a href=\"http:\/\/twitter.com\/#!\/jvg1970\">twitter<\/a>]<\/p>\n<p>Juli\u00e1n Villanueva es Director del Departamento de Marketing de IESE Business School. Doctor en Management (Marketing) de UCLA, MBA en el IESE, y Licenciado en Econom\u00eda (Universidad Complutense de Madrid).<\/p>\n<p>Sus intereses docentes y de investigaci\u00f3n se centran en la gesti\u00f3n de clientes, la gesti\u00f3n de las fuerzas de ventas,\u00a0la gesti\u00f3n de la marca y los nuevos medios. Sus trabajos de investigaci\u00f3n han sido publicados en <em>Journal of Marketing Research<\/em>, <em>Journal of Marketing<\/em> y <em>Quantitative Marketing and Economics<\/em>, entre otros.\u00a0El Prof. Villanueva es tambi\u00e9n autor de varios libros y m\u00e1s de 20 casos y notas t\u00e9cnicas.<\/p>\n<p>Empez\u00f3 en el IESE en 1997 como profesor ayudante en el Departamento de Marketing. Antes de hacer su MBA, trabaj\u00f3 para Continente como comprador en el departamento de marcas propias. Ha sido consultor y consejero de varias empresas. Sus proyectos de consultor\u00eda han variado desde auditor\u00edas comerciales, estudios de investigaci\u00f3n de mercado, cuadros de mandos, segmentaci\u00f3n de clientes, expansi\u00f3n internacional y estrategia de marketing general.<\/p>\n<p><a href=\"http:\/\/www.iese.edu\/Aplicaciones\/faculty\/facultyDetail.asp?lang=en&amp;prof=VVV\">Victoriano Vila<\/a><\/p>\n<p>Victoriano Vila es profesor asociado en el Departamento de Marketing. Su experiencia abarca casi tres d\u00e9cadas en los sectores de nuevas tecnolog\u00edas, donde ha trabajado en campos tales como los procesos de datos, telecomunicaciones y defensa. Su experiencia previa incluye posiciones tales como Director de Ventas de grandes cuentas y canales indirectos, Director de Marketing y M\u00e1nager General de una serie de empresas de informaci\u00f3n nacionales e internacionales especializadas en hardware y software.<\/p>\n<p>Concretamente\u00a0pas\u00f3 m\u00e1s de una d\u00e9cada como miembro y consultor para la selecci\u00f3n de ejecutivos para compa\u00f1\u00edas especializadas en nuevas tecnolog\u00edas. En su experiencia en este campo destacan puestos como Director de Marketing de Hewlett-Packard (1974-1989), M\u00e1nager General de Oracle (1989-1991), y fue miembro y Director Gerente de Tasa International AG (1991-1999). Actualmente es socio y director de Corebp SA, especializada en la b\u00fasqueda de ejecutivos.<\/p>\n<p><a href=\"http:\/\/www.iese.edu\/Aplicaciones\/faculty\/facultyDetail.asp?lang=en&amp;prof=FI\">Francisco Iniesta<\/a><\/p>\n<p>Francisco Iniesta es profesor del Departamento de Direcci\u00f3n Comercial en IESE. Es Doctor en Management por la Universidad de Boston. Es MBA del IESE y Licenciado en Derecho por la Universidad de Murcia.<\/p>\n<p>Su especializaci\u00f3n est\u00e1 en el \u00e1rea de la gesti\u00f3n de los canales de distribuci\u00f3n, la investigaci\u00f3n de mercados y la estrategia comercial. Es autor de diversos art\u00edculos sobre dichos temas en revistas especializadas.<\/p>\n<p>Se incorpor\u00f3 al IESE en 1989. Actualmente, adem\u00e1s de sus actividades docentes y de investigaci\u00f3n, es Director Asociado del Campus del IESE en Madrid.<\/p>\n<p>En consultor\u00eda, ha trabajado para clientes nacionales como World Trade Center, FMC Foret, Podium, Corporaci\u00f3n Patricio Echevarr\u00eda, etc\u2026 e internacionales como Cembureau, DKV, Pronaca, etc.<\/p>\n<p><span style=\"color: #c0c0c0;text-decoration: underline\">Javier Paniagua <a href=\"http:\/\/twitter.com\/#!\/jpaniagua86\">(twitter)<\/a><\/span><\/p>\n<p>Javier Paniagua es licenciado en Econom\u00eda y Periodismo por la Universidad Carlos III. Actualmente trabaja para el IESE como investigador\u00a0 del Departamento de Marketing. Colabora adem\u00e1s en la realizaci\u00f3n de diversos libros, elaboraci\u00f3n de material docente y en la publicaci\u00f3n de las encuestas de este\u00a0departamento.<\/p>\n<p>En ventas, ha trabajado en la gesti\u00f3n comercial y de publicidad en medios de comunicaci\u00f3n digitales. En su faceta como periodista ha participado en tertulias econ\u00f3micas de programas de radio y televisi\u00f3n de \u00e1mbito nacional y regional.<\/p>\n<h2>Producci\u00f3n<\/h2>\n<p>Producci\u00f3n audiovisual: <a href=\"http:\/\/www.elladopositivo.com\/\">elladopositivo producciones<\/a><\/p>\n<p>Producci\u00f3n y rodaje: Antonio de la Pisa y Miguel Anchipi<\/p>\n<p>Posprodrucci\u00f3n: Javier Paniagua y Miguel Anchipi<\/p>\n","protected":false},"excerpt":{"rendered":"<p>Autores Juli\u00e1n Villanueva [blog, twitter] Juli\u00e1n Villanueva es Director del Departamento de Marketing de IESE Business School. Doctor en Management (Marketing) de UCLA, MBA en el IESE, y Licenciado en Econom\u00eda (Universidad Complutense de Madrid). Sus intereses docentes y de investigaci\u00f3n se centran en la gesti\u00f3n de clientes, la gesti\u00f3n &#8230;<\/p>\n","protected":false},"author":404,"featured_media":0,"parent":0,"menu_order":6,"comment_status":"open","ping_status":"closed","template":"page-full.php","meta":{"footnotes":""},"class_list":["post-154","page","type-page","status-publish","hentry"],"_links":{"self":[{"href":"https:\/\/blog.iese.edu\/ventas\/wp-json\/wp\/v2\/pages\/154","targetHints":{"allow":["GET"]}}],"collection":[{"href":"https:\/\/blog.iese.edu\/ventas\/wp-json\/wp\/v2\/pages"}],"about":[{"href":"https:\/\/blog.iese.edu\/ventas\/wp-json\/wp\/v2\/types\/page"}],"author":[{"embeddable":true,"href":"https:\/\/blog.iese.edu\/ventas\/wp-json\/wp\/v2\/users\/404"}],"replies":[{"embeddable":true,"href":"https:\/\/blog.iese.edu\/ventas\/wp-json\/wp\/v2\/comments?post=154"}],"version-history":[{"count":17,"href":"https:\/\/blog.iese.edu\/ventas\/wp-json\/wp\/v2\/pages\/154\/revisions"}],"predecessor-version":[{"id":157,"href":"https:\/\/blog.iese.edu\/ventas\/wp-json\/wp\/v2\/pages\/154\/revisions\/157"}],"wp:attachment":[{"href":"https:\/\/blog.iese.edu\/ventas\/wp-json\/wp\/v2\/media?parent=154"}],"curies":[{"name":"wp","href":"https:\/\/api.w.org\/{rel}","templated":true}]}}