{"id":11,"date":"2026-01-30T17:42:37","date_gmt":"2026-01-30T16:42:37","guid":{"rendered":"https:\/\/blog.iese.edu\/verbideas\/?page_id=11"},"modified":"2026-02-02T17:12:47","modified_gmt":"2026-02-02T16:12:47","slug":"licenciatarios","status":"publish","type":"page","link":"https:\/\/blog.iese.edu\/verbideas\/licenciatarios\/","title":{"rendered":"Licenciatarios"},"content":{"rendered":"<h3><strong>Innovaci\u00f3n que se expande a trav\u00e9s de personas, organizaciones y pa\u00edses.<\/strong><\/h3>\n<p>VERBIDEAS\u00ae act\u00faa a trav\u00e9s de licenciatarios certificados en distintos pa\u00edses, que aplican el sistema Verbideas en contextos muy diversos:<\/p>\n<ul>\n<li>consultores que quieren ofrecer innovaci\u00f3n real a sus clientes,<\/li>\n<li>centros de investigaci\u00f3n e instituciones cient\u00edficas que necesitan convertir conocimiento en valor,<\/li>\n<li>organizaciones sectoriales que buscan activar el talento y mejorar la productividad<\/li>\n<li>empresas que desean escalar la innovaci\u00f3n de forma interna.<\/li>\n<li>universidades y escuelas que integran pensamiento emprendedor en su formaci\u00f3n<\/li>\n<\/ul>\n<p>Todos ellos forman parte de una comunidad pr\u00e1ctica que comparte experiencias, aprendizajes y nuevas aplicaciones de la metodolog\u00eda.<\/p>\n<h3><strong>Una red internacional que crece desde la acci\u00f3n<\/strong><\/h3>\n<p>Cada licenciatario aplica VERBIDEAS\u00ae en su pa\u00eds o su sector con un prop\u00f3sito com\u00fan: ayudar a otros a crear m\u00e1s valor con m\u00e1s velocidad, estructura y sostenibilidad,<\/p>\n<p>Un sistema universal que se adapta a cada contexto cultural y empresarial y a los distintos tama\u00f1os de las empresas.<\/p>\n<p>Su clave de expansi\u00f3n consiste en una activaci\u00f3n de la capacidad de pensar mejor, crear m\u00e1s valor de las personas individualmente y en equipo.<\/p>\n<p>Los licenciatarios comparten:<\/p>\n<ul>\n<li>Calidad metodol\u00f3gica: formaci\u00f3n y certificaci\u00f3n oficial.<\/li>\n<li>Coherencia en la aplicaci\u00f3n: materiales, gu\u00edas y procesos actualizados.<\/li>\n<li>Respeto profundo por la persona como creadora de valor. Ayudamos, nos sustituimos.<\/li>\n<\/ul>\n<h3><strong>\u00bfQu\u00e9 aporta un licenciatario VERBIDEAS\u00ae?<\/strong><\/h3>\n<p>Ser licenciatario representa asumir una responsabilidad profesional: llevar un sistema de creatividad estructurada a empresas, instituciones y equipos que desean velocidad y sostenibilidad, innovaci\u00f3n y eficiencia.<\/p>\n<p>Los licenciatarios reciben:<\/p>\n<p>Formaci\u00f3n para un conocimiento completo del sistema, certificaci\u00f3n y apoyo continuo.<\/p>\n<p>Materiales listos para usar.<\/p>\n<p>Estructura metodol\u00f3gica probada para dise\u00f1ar propuestas efectivas, facilitar implementaciones con eficacia y medir impactos.<\/p>\n<p>Comunidad y crecimiento: una red internacional con la que aprender, compartir y evolucionar.<\/p>\n<p>Diferenciaci\u00f3n real: una metodolog\u00eda pr\u00e1ctica y humana alineada con retos empresariales contempor\u00e1neos.<\/p>\n<h3><strong>\u00a0<\/strong><strong>\u00bfQui\u00e9nes suelen convertirse en licenciatarios?<\/strong><\/h3>\n<p>VERBIDEAS\u00ae es aplicable a todo tipo de organizaciones y perfiles, entre ellas:<\/p>\n<ul>\n<li>Consultores y empresas de consultor\u00eda de gesti\u00f3n de empresas: estrategia, operaciones, innovaci\u00f3n, liderazgo, transformaci\u00f3n, entre otras, que buscan ampliar su portafolio con un m\u00e9todo pr\u00e1ctico y escalable que genera resultados visibles.<\/li>\n<li>Profesionales independientes senior, especializados en acompa\u00f1ar empresas o equipos directivos.<\/li>\n<li>Universidades y escuelas de negocio, interesadas en ense\u00f1ar pensamiento emprendedor real.<\/li>\n<li>Centros de investigaci\u00f3n o I+D, que desean acelerar la transferencia de conocimiento al mercado.<\/li>\n<li>Organizaciones sectoriales que necesitan formar y activar talento en sus miembros.<strong>\u00a0<\/strong><\/li>\n<\/ul>\n<h3><strong>\u00a0\u00bfQuieres ser licenciatario VERBIDEAS\u00ae?<\/strong><\/h3>\n<p>Convertirse en licenciatario significa:<\/p>\n<ul>\n<li>dominar un sistema que conecta pensamiento, acci\u00f3n e impacto,<\/li>\n<li>acompa\u00f1ar a organizaciones en procesos reales de innovaci\u00f3n,<\/li>\n<li>disponer de soporte metodol\u00f3gico y materiales para crecer,<\/li>\n<li>formar parte de una red internacional en evoluci\u00f3n permanente.<\/li>\n<\/ul>\n<p>Si deseas llevar VERBIDEAS\u00ae a tus clientes, a tu instituci\u00f3n o a tu pa\u00eds, nos encantar\u00e1 hablar contigo.<\/p>\n<p>\u27a1\ufe0f <a href=\"mailto:verbideas@iese.edu\"><strong>Quiero ser licenciatario VERBIDEAS\u00ae<\/strong><\/a><\/p>\n","protected":false},"excerpt":{"rendered":"<p>Innovaci\u00f3n que se expande a trav\u00e9s de personas, organizaciones y pa\u00edses. VERBIDEAS\u00ae act\u00faa a trav\u00e9s de licenciatarios certificados en distintos pa\u00edses, que aplican el sistema Verbideas en contextos muy diversos: consultores que quieren ofrecer innovaci\u00f3n real a sus clientes, centros de investigaci\u00f3n e instituciones cient\u00edficas que necesitan convertir conocimiento en valor, organizaciones sectoriales que buscan [&hellip;]<\/p>\n","protected":false},"author":2123,"featured_media":0,"parent":0,"menu_order":0,"comment_status":"closed","ping_status":"closed","template":"","meta":{"footnotes":""},"class_list":["post-11","page","type-page","status-publish","hentry"],"aioseo_notices":[],"_links":{"self":[{"href":"https:\/\/blog.iese.edu\/verbideas\/wp-json\/wp\/v2\/pages\/11","targetHints":{"allow":["GET"]}}],"collection":[{"href":"https:\/\/blog.iese.edu\/verbideas\/wp-json\/wp\/v2\/pages"}],"about":[{"href":"https:\/\/blog.iese.edu\/verbideas\/wp-json\/wp\/v2\/types\/page"}],"author":[{"embeddable":true,"href":"https:\/\/blog.iese.edu\/verbideas\/wp-json\/wp\/v2\/users\/2123"}],"replies":[{"embeddable":true,"href":"https:\/\/blog.iese.edu\/verbideas\/wp-json\/wp\/v2\/comments?post=11"}],"version-history":[{"count":3,"href":"https:\/\/blog.iese.edu\/verbideas\/wp-json\/wp\/v2\/pages\/11\/revisions"}],"predecessor-version":[{"id":41,"href":"https:\/\/blog.iese.edu\/verbideas\/wp-json\/wp\/v2\/pages\/11\/revisions\/41"}],"wp:attachment":[{"href":"https:\/\/blog.iese.edu\/verbideas\/wp-json\/wp\/v2\/media?parent=11"}],"curies":[{"name":"wp","href":"https:\/\/api.w.org\/{rel}","templated":true}]}}