{"id":13,"date":"2026-01-30T17:42:54","date_gmt":"2026-01-30T16:42:54","guid":{"rendered":"https:\/\/blog.iese.edu\/verbideas\/?page_id=13"},"modified":"2026-02-02T17:24:34","modified_gmt":"2026-02-02T16:24:34","slug":"flyers-y-documentos-descargables","status":"publish","type":"page","link":"https:\/\/blog.iese.edu\/verbideas\/flyers-y-documentos-descargables\/","title":{"rendered":"Flyers y documentos descargables"},"content":{"rendered":"<ul>\n<li>VERBIDEAS\u00ae \u2014 Qu\u00e9 es y c\u00f3mo funciona<br \/>\nUna introducci\u00f3n clara al sistema: principios, operaciones y l\u00f3gica de innovaci\u00f3n aplicada.<br \/>\n\u27a1\ufe0f Descargar PDF<\/li>\n<\/ul>\n<ul>\n<li>Consultor\u00eda e Innovaci\u00f3n VERBIDEAS\u00ae<br \/>\nC\u00f3mo aplicar el sistema para acelerar innovaci\u00f3n y productividad en empresas de cualquier tama\u00f1o.<br \/>\n\u27a1\ufe0f Descargar PDF<\/li>\n<\/ul>\n<ul>\n<li>Executive Education \/ Formaci\u00f3n directiva con VERBIDEAS\u00ae<br \/>\nPlanes formativos basados en acci\u00f3n emprendedora real para directivos y mandos intermedios.<br \/>\n\u27a1\ufe0f Descargar PDF<\/li>\n<\/ul>\n<ul>\n<li>Start-up IN Plans \u2014 Innovaci\u00f3n y productividad en tiempo real<br \/>\nExplicaci\u00f3n de los cuatro formatos VERBIDEAS\u00ae: Activation, Executive Development, Impact Grade y Savvy Full Innovation.<br \/>\n\u27a1\ufe0f Descargar PDF<\/li>\n<\/ul>\n<ul>\n<li>Licencias y red internacional de licenciatarios VERBIDEAS\u00ae<br \/>\nInformaci\u00f3n sobre c\u00f3mo funciona la licenciaci\u00f3n, qu\u00e9 aporta y para qui\u00e9n est\u00e1 pensada.<br \/>\n\u27a1\ufe0f Descargar PDF<\/li>\n<\/ul>\n<p>&nbsp;<\/p>\n<h3>Videos y contenidos audiovisuales<\/h3>\n<ul>\n<li>Pitch VERBIDEAS\u00ae<br \/>\nUn resumen visual y directo de la esencia del sistema.<\/li>\n<\/ul>\n<ul>\n<li>Introducci\u00f3n Start-up IN<br \/>\nUna breve explicaci\u00f3n de c\u00f3mo se aplican los planes en la realidad empresarial.<\/li>\n<\/ul>\n<p>Si deseas recibir actualizaciones, novedades metodol\u00f3gicas o nuevos recursos, puedes ponerte en contacto con nosotros.<\/p>\n<p>\u27a1\ufe0f <a href=\"https:\/\/blog.iese.edu\/intrapreneurship-verbideas\/\"><strong>Contactar con VERBIDEAS\u00ae sigue el blog<\/strong><\/a><\/p>\n","protected":false},"excerpt":{"rendered":"<p>VERBIDEAS\u00ae \u2014 Qu\u00e9 es y c\u00f3mo funciona Una introducci\u00f3n clara al sistema: principios, operaciones y l\u00f3gica de innovaci\u00f3n aplicada. \u27a1\ufe0f Descargar PDF Consultor\u00eda e Innovaci\u00f3n VERBIDEAS\u00ae C\u00f3mo aplicar el sistema para acelerar innovaci\u00f3n y productividad en empresas de cualquier tama\u00f1o. \u27a1\ufe0f Descargar PDF Executive Education \/ Formaci\u00f3n directiva con VERBIDEAS\u00ae Planes formativos basados en acci\u00f3n [&hellip;]<\/p>\n","protected":false},"author":2123,"featured_media":0,"parent":0,"menu_order":0,"comment_status":"closed","ping_status":"closed","template":"","meta":{"footnotes":""},"class_list":["post-13","page","type-page","status-publish","hentry"],"aioseo_notices":[],"_links":{"self":[{"href":"https:\/\/blog.iese.edu\/verbideas\/wp-json\/wp\/v2\/pages\/13","targetHints":{"allow":["GET"]}}],"collection":[{"href":"https:\/\/blog.iese.edu\/verbideas\/wp-json\/wp\/v2\/pages"}],"about":[{"href":"https:\/\/blog.iese.edu\/verbideas\/wp-json\/wp\/v2\/types\/page"}],"author":[{"embeddable":true,"href":"https:\/\/blog.iese.edu\/verbideas\/wp-json\/wp\/v2\/users\/2123"}],"replies":[{"embeddable":true,"href":"https:\/\/blog.iese.edu\/verbideas\/wp-json\/wp\/v2\/comments?post=13"}],"version-history":[{"count":5,"href":"https:\/\/blog.iese.edu\/verbideas\/wp-json\/wp\/v2\/pages\/13\/revisions"}],"predecessor-version":[{"id":45,"href":"https:\/\/blog.iese.edu\/verbideas\/wp-json\/wp\/v2\/pages\/13\/revisions\/45"}],"wp:attachment":[{"href":"https:\/\/blog.iese.edu\/verbideas\/wp-json\/wp\/v2\/media?parent=13"}],"curies":[{"name":"wp","href":"https:\/\/api.w.org\/{rel}","templated":true}]}}