{"id":2,"date":"2026-01-22T14:42:26","date_gmt":"2026-01-22T14:42:26","guid":{"rendered":"https:\/\/blog.iese.edu\/verbideas\/?page_id=2"},"modified":"2026-02-02T16:54:14","modified_gmt":"2026-02-02T15:54:14","slug":"sample-page","status":"publish","type":"page","link":"https:\/\/blog.iese.edu\/verbideas\/","title":{"rendered":"Verbideas"},"content":{"rendered":"<p><strong>VERBIDEAS\u00ae: creatividad, productividad e intraemprendimiento real.<\/strong><\/p>\n<p>Innovar m\u00e1s r\u00e1pido no es una opci\u00f3n, es una necesidad.<\/p>\n<p>No es suficiente innovar con nuevas m\u00e1s ideas, es necesario <strong>crear m\u00e1s valor<\/strong>.<\/p>\n<p>VERBIDEAS\u00ae responde a esta necesidad.<\/p>\n<p>Es un <strong>sistema estructurado<\/strong> que convierte la creatividad en productividad real y ayuda a los equipos a innovar <strong>desde dentro<\/strong>, en su propia realidad, sin interrumpir las operaciones y con impacto medible.<\/p>\n<p>Es un modelo de pensamiento y acci\u00f3n basado en personas, porque solo las personas pueden transformar la realidad.<\/p>\n<p>VERBIDEAS\u00ae activa \u2014visi\u00f3n, intuici\u00f3n, juicio, responsabilidad, colaboraci\u00f3n\u2014 y las organiza en un proceso claro que permite tomar decisiones, crear valor y ejecutar innovaci\u00f3n de forma eficiente.<strong>\u00a0<\/strong><\/p>\n<p><strong>Innovaci\u00f3n aplicada.\u00a0 Productividad real. Personas que crean valor.<\/strong><\/p>\n<h3><strong>Start-up IN para tu empresa<\/strong><\/h3>\n<p>Start-up IN son los planes VERBIDEAS para ayudar a empresas y equipos a trabajar sobre sus propios retos: mejorar operaciones, repensar procesos, tomar decisiones complejas, activar talento, crear nuevos modelos de valor o acelerar transformaciones culturales y digitales.<\/p>\n<p>Todo ello con <strong>metodolog\u00edas breves, pr\u00e1cticas y de impacto inmediato<\/strong>.<\/p>\n<p>\u27a1\ufe0f <a href=\"https:\/\/blog.iese.edu\/verbideas\/start-up-para-tu-empresa\/\"><strong>Descubre Start-up IN para tu empresa<\/strong><\/a><\/p>\n<h3><strong>Verbideas Licensed Partners en todo el mundo<\/strong><\/h3>\n<p>VERBIDEAS\u00ae se implementa mediante una red internacional de licenciatarios que aplican el sistema en diferentes sectores y contextos.<\/p>\n<p>\u27a1\ufe0f <strong>Conoce donde hay licenciatarios<\/strong><br \/>\n\u27a1\ufe0f <a href=\"https:\/\/blog.iese.edu\/verbideas\/licenciatarios\/\"><strong>\u00bfQuieres ser licenciatario VERBIDEAS?<\/strong><\/a><\/p>\n<h3><strong>Un sistema para innovar \u201chaciendo\u201d<\/strong><\/h3>\n<p>VERBIDEAS\u00ae no es una teor\u00eda, ni un curso, ni un conjunto de conceptos abstractos. Es acci\u00f3n.<br \/>\nSe aprende \u201chaciendo\u201d: mirando la realidad con profundidad, encontrando nuevos significados y convirtiendo el valor en acciones concretas que mejoran lo que hacemos y c\u00f3mo lo hacemos.<\/p>\n<p><strong>Un sistema universal.\u00a0 Aplicable a cualquier sector. Sencillo. R\u00e1pida implementaci\u00f3n. Corto. Escalable. Potente en resultados<\/strong>.<strong>\u00a0<\/strong><\/p>\n<p><strong>Empieza a transformar la forma en que tu organizaci\u00f3n crea valor<\/strong><\/p>\n<p>Si tu empresa necesita innovar, tomar decisiones m\u00e1s claras, activar a sus equipos o afrontar retos complejos <em>cont\u00e1ctanos:<\/em><a href=\"mailto:verbideas@iese.edu\"><em>verbideas@iese.edu<\/em><\/a><\/p>\n","protected":false},"excerpt":{"rendered":"<p>VERBIDEAS\u00ae: creatividad, productividad e intraemprendimiento real. Innovar m\u00e1s r\u00e1pido no es una opci\u00f3n, es una necesidad. No es suficiente innovar con nuevas m\u00e1s ideas, es necesario crear m\u00e1s valor. VERBIDEAS\u00ae responde a esta necesidad. Es un sistema estructurado que convierte la creatividad en productividad real y ayuda a los equipos a innovar desde dentro, en [&hellip;]<\/p>\n","protected":false},"author":217,"featured_media":0,"parent":0,"menu_order":0,"comment_status":"closed","ping_status":"open","template":"","meta":{"footnotes":""},"class_list":["post-2","page","type-page","status-publish","hentry"],"aioseo_notices":[],"_links":{"self":[{"href":"https:\/\/blog.iese.edu\/verbideas\/wp-json\/wp\/v2\/pages\/2","targetHints":{"allow":["GET"]}}],"collection":[{"href":"https:\/\/blog.iese.edu\/verbideas\/wp-json\/wp\/v2\/pages"}],"about":[{"href":"https:\/\/blog.iese.edu\/verbideas\/wp-json\/wp\/v2\/types\/page"}],"author":[{"embeddable":true,"href":"https:\/\/blog.iese.edu\/verbideas\/wp-json\/wp\/v2\/users\/217"}],"replies":[{"embeddable":true,"href":"https:\/\/blog.iese.edu\/verbideas\/wp-json\/wp\/v2\/comments?post=2"}],"version-history":[{"count":8,"href":"https:\/\/blog.iese.edu\/verbideas\/wp-json\/wp\/v2\/pages\/2\/revisions"}],"predecessor-version":[{"id":30,"href":"https:\/\/blog.iese.edu\/verbideas\/wp-json\/wp\/v2\/pages\/2\/revisions\/30"}],"wp:attachment":[{"href":"https:\/\/blog.iese.edu\/verbideas\/wp-json\/wp\/v2\/media?parent=2"}],"curies":[{"name":"wp","href":"https:\/\/api.w.org\/{rel}","templated":true}]}}