{"id":7,"date":"2025-10-27T16:23:59","date_gmt":"2025-10-27T15:23:59","guid":{"rendered":"https:\/\/blog.iese.edu\/wagner\/?page_id=7"},"modified":"2025-10-28T12:33:39","modified_gmt":"2025-10-28T11:33:39","slug":"resume","status":"publish","type":"page","link":"https:\/\/blog.iese.edu\/wagner\/resume\/","title":{"rendered":"R\u00e9sum\u00e9"},"content":{"rendered":"<p><strong>Academic appointments<\/strong><\/p>\n<p>Associate Professor, IESE Business School, 2023-present.<\/p>\n<p>Assistant Professor, Catolica School of Business and Economics, 2017-2023.<\/p>\n<p>Postdoctoral Research Fellow, IESE Business School, 2016.<\/p>\n<p><strong>Education<\/strong><\/p>\n<p>IESE Business School University of Navarra, Barcelona, Spain, 2022 (September to December)<br \/>\no\t<em>Visiting Research<\/em><\/p>\n<p>IESE Business School University of Navarra, Barcelona, Spain, 2016-2017<br \/>\no\t<em>Postdoctoral Fellow<\/em><\/p>\n<p>University of Zaragoza, Zaragoza Logistics Center, Zaragoza, Spain 2011- 2016<br \/>\nMIT-Zaragoza International Logistics Program (MIT-ZLC, Spain)<br \/>\no\t<em>Ph.D., Supply Chain Management<\/em><br \/>\nPhD Thesis:  Product Fraud in Supply Chains<br \/>\nAdvisors: Prof. Mustafa \u00c7agri G\u00fcrb\u00fcz (MIT-ZLC, Spain),<br \/>\nProf. Mahmut Parlar (De Groote School of Business, Mc Master University, Canada)<\/p>\n<p>MIT (Massachusetts Institute of Technology), Cambridge, USA, 2012-2013<br \/>\no\t<em>Visiting Student<\/em><\/p>\n<p>University of St. Gallen, St. Gallen, Switzerland 2010<br \/>\no\t<em>MBA \u2013 General Management<\/em><br \/>\nAdvisor: Prof. Daniel Corsten (IE Business School, Madrid)<br \/>\nThesis: Financial supply chain analysis- Applicability in the automotive industry<\/p>\n<p>ESADE and University of St. Gallen, Barcelona, Spain 2009<br \/>\no\t<em>Diploma of Executive Education | Leadership Development<\/em><br \/>\nModules: Operational Strategy, Corporate Finance, Marketing, Leadership skills, Business simulation<\/p>\n<p>Technical University of Graz, Graz, Austria, 2006<br \/>\no\t<em>Dipl.- Ing.(MSC) Mechanical Engineering and Economics<\/em><br \/>\nFocus area: Mechatronics (electro mechanics) and Industrial Engineering<br \/>\nThesis: Concept for the construction of a Distribution Center that has to be integrated into the existing material flow with restrictions in space availability and budget [Rieper AG in Vintl| Italy]<\/p>\n<p><strong>Professional experience<\/strong><\/p>\n<p>Thyssenkrupp Presta AG, Eschen, Liechtenstein, 2007- 2010<br \/>\nProgram Manager Flexible Steering Concepts<br \/>\nLed a new product development Team<\/p>\n<p>Management of Test laboratory<br \/>\nResponsible for the strategic alignment and operative implementation of  a Development Project<\/p>\n<p>Protema Logistics Consulting, Stuttgart, Germany, 2006- 2007<br \/>\nProduct management and consulting for an international development project with a job offer from Thyssenkrupp Presta AG<\/p>\n<p>Bosch Rexroth AG, Lohr, Germany, 2006<br \/>\nStandardized worldwide manufacturing planning activities with focus on Supply Chain within the industrial commodity industry<\/p>\n<p>Virtual Vehicle GmbH, Graz, Austria, 2004-2005<\/p>\n","protected":false},"excerpt":{"rendered":"<p>Academic appointments Associate Professor, IESE Business School, 2023-present. Assistant Professor, Catolica School of Business and Economics, 2017-2023. Postdoctoral Research Fellow, IESE Business School, 2016. Education IESE Business School University of Navarra, Barcelona, Spain, 2022 (September to December) o Visiting Research IESE Business School University of Navarra, Barcelona, Spain, 2016-2017 o Postdoctoral Fellow University of Zaragoza, [&hellip;]<\/p>\n","protected":false},"author":217,"featured_media":0,"parent":0,"menu_order":20,"comment_status":"closed","ping_status":"closed","template":"","meta":{"footnotes":""},"class_list":["post-7","page","type-page","status-publish","hentry"],"_links":{"self":[{"href":"https:\/\/blog.iese.edu\/wagner\/wp-json\/wp\/v2\/pages\/7","targetHints":{"allow":["GET"]}}],"collection":[{"href":"https:\/\/blog.iese.edu\/wagner\/wp-json\/wp\/v2\/pages"}],"about":[{"href":"https:\/\/blog.iese.edu\/wagner\/wp-json\/wp\/v2\/types\/page"}],"author":[{"embeddable":true,"href":"https:\/\/blog.iese.edu\/wagner\/wp-json\/wp\/v2\/users\/217"}],"replies":[{"embeddable":true,"href":"https:\/\/blog.iese.edu\/wagner\/wp-json\/wp\/v2\/comments?post=7"}],"version-history":[{"count":8,"href":"https:\/\/blog.iese.edu\/wagner\/wp-json\/wp\/v2\/pages\/7\/revisions"}],"predecessor-version":[{"id":30,"href":"https:\/\/blog.iese.edu\/wagner\/wp-json\/wp\/v2\/pages\/7\/revisions\/30"}],"wp:attachment":[{"href":"https:\/\/blog.iese.edu\/wagner\/wp-json\/wp\/v2\/media?parent=7"}],"curies":[{"name":"wp","href":"https:\/\/api.w.org\/{rel}","templated":true}]}}