{"id":14,"date":"2011-06-14T10:49:50","date_gmt":"2011-06-14T10:49:50","guid":{"rendered":"https:\/\/blog.iese.edu\/xvives\/?page_id=14"},"modified":"2026-02-06T16:38:42","modified_gmt":"2026-02-06T15:38:42","slug":"curriculum","status":"publish","type":"page","link":"https:\/\/blog.iese.edu\/xvives\/curriculum\/","title":{"rendered":"Curriculum"},"content":{"rendered":"<table class=\"pagTexto\" border=\"0\" width=\"100%\" cellspacing=\"5\" cellpadding=\"0\">\n<tbody>\n<tr>\n<td><\/td>\n<\/tr>\n<tr>\n<td width=\"3%\"><\/td>\n<td width=\"97%\"><strong>Earned Degrees:<\/strong><\/p>\n<ul>\n<li>Ph.D. (Economics, Gerard\u00a0Debreu supervisor), University of\u00a0California, Berkeley, 1983.<\/li>\n<li>M.A. (Economics), University\u00a0of California, Berkeley, 1982.<\/li>\n<li>Licenciado (Economics),\u00a0Universitat Aut\u00f2noma, Barcelona,\u00a01978.<\/li>\n<\/ul>\n<\/td>\n<\/tr>\n<tr>\n<td width=\"3%\"><\/td>\n<td><strong>Present Positions:<\/strong><\/p>\n<ul>\n<li>Professor of Economics\u00a0and Finance, IESE Business School.<\/li>\n<li>Academic director of the\u00a0Public-Private Sector Research Center.<\/li>\n<li>Director of the Abertis\u00a0Chair of Regulation, Competition\u00a0and Public Policy.<\/li>\n<li>Academic director of the Banking Initiative.<\/li>\n<\/ul>\n<\/td>\n<\/tr>\n<tr>\n<td width=\"3%\"><\/td>\n<td><strong>Past Academic Positions:<\/strong><\/p>\n<ul>\n<li>Research Professor, ICREA-UPF, 2004-2005.<\/li>\n<li>Professor of Economics and Finance, and The Portuguese\u00a0Council Chaired Professor in European Studies, INSEAD, 2001-2005.<\/li>\n<li>Director, Institut d&#8217;An\u00e0lisi Econ\u00f2mica,\u00a0CSIC, 1991-2001, Vice-Director 1990-1991, and Research \u00a0Professor\u00a0since 1990 (on leave).<\/li>\n<li>King Juan Carlos I of Spain Chair of Spanish Culture\u00a0and Civilization, New York University, Fall 1999.<\/li>\n<li>Visiting Professor, Harvard University, 1997-1998.<\/li>\n<li>Visiting Professor, University of Pennsylvania, November\u00a01994.<\/li>\n<li>Visiting Scholar, MIT, November 1991; Boston University,\u00a0November 1992; New York University, November 1995; University\u00a0of Bonn, January 1997.<\/li>\n<li>Senior Researcher, Fundaci\u00f3n de Estudios de Econom\u00eda\u00a0Aplicada (FEDEA), October 1988-August 1989.<\/li>\n<li>Institut d&#8217;An\u00e0lisi Econ\u00f2mica, CSIC, 1987-1990,\u00a0Research Professor (contract).<\/li>\n<li>Assistant Professor of Economics, University of Pennsylvania,\u00a01983 &#8211; 1986.<\/li>\n<li>Visiting Professor, Universitat Aut\u00f2noma de Barcelona\u00a0and Universitat Pompeu Fabra.<\/li>\n<li>Visiting Assistant Professor of Economics, University\u00a0of California, Berkeley, August 1984 &#8211; December 1984.<\/li>\n<li>Research Assistant, University of California, Berkeley,\u00a0July 1982.<\/li>\n<li>Reader\/Teaching Assistant, Introduction to Mathematical\u00a0Economics, University of California, Berkeley, March 1982 \u2013\u00a0June 1982.<\/li>\n<li>Assistant Professor, Universitat Aut\u00f2noma of\u00a0Barcelona, October 1978 \u2013 September 1979.<\/li>\n<li>Research Assistant, Centro de Estudios de Planificaci\u00f3n\u00a0of Barcelona, July 1975 \u2013 January 1976.<\/li>\n<\/ul>\n<\/td>\n<\/tr>\n<tr>\n<td width=\"3%\"><\/td>\n<td><strong>Honors:<\/strong><\/p>\n<ul>\n<li>Research fellow, Barcelona School of Economics (BSE), 2025-<\/li>\n<li>Economic Theory Fellow of the Society for the Advancement of Economic Theory (SAET), 2024-<\/li>\n<li>Fellow of the Finance Theory Group (FTG), 2023-<\/li>\n<li>President of the European Finance Association (EFA), 2023.<\/li>\n<li>Premio Nacional de Investigaci\u00f3n \u201cPascual Madoz\u201d, 2020.<\/li>\n<li>Luohan Academy Fellow, 2020-<\/li>\n<li>European Research Council Advanced Grant 2018-2023.<\/li>\n<li>President of the European Association for Research in Industrial Economics (EARIE), 2016-2018.<\/li>\n<li>IESE Alumni Association Research Award, 2016.<\/li>\n<li>ECB Wim Duisenberg Fellowship, 2015.<\/li>\n<li>Premio Rey Jaime I de Econom\u00eda, 2013.<\/li>\n<li>Member of the Economics, Business and Management Section of the Academia Europaea, 2012.<\/li>\n<li>Numerary Member of the Phylosophy and Social Sciences Section of the Institut d\u2019Estudis Catalans, 2011.<\/li>\n<li>Honorary Member of the Spanish Economic Association, 2010.<\/li>\n<li>European Research Council Advanced Grant, 2009-2013.<\/li>\n<li>Recognition of five 6-year periods of research excellence by this Ministry of Education and Science.<\/li>\n<li>Research Associate, ECGI, 2009-<\/li>\n<li>President of the Spanish Economic Association, 2008.<\/li>\n<li>Research Fellow, CESifo, 2006-<\/li>\n<li>Vice President of the Asociaci\u00f3n Espa\u00f1ola para la Econom\u00eda Energ\u00e9tica (AEEE), 2006-2009.<\/li>\n<li>Elected member of the Council of the Econometric Society,\u00a02006-2008.<\/li>\n<li>Premi Catalunya d\u2019Economia,\u00a02005.<\/li>\n<li>Fellow of the European Economic\u00a0Association, 2004.<\/li>\n<li>Narc\u00eds Monturiol\u00a0Medal of the Generalitat de Catalunya,\u00a02002.<\/li>\n<li>Member of the European Academy\u00a0of Sciences and Arts, 2002-2018.<\/li>\n<li>Premi Societat Catalana\u00a0d&#8217;Economia, 1996.<\/li>\n<li>Fellow of the Econometric\u00a0Society, 1992.<\/li>\n<li>Elected member of the Council\u00a0of the European Economic Association,\u00a01991-1995.<\/li>\n<li>King Juan Carlos I Prize for research in social science, Spain, 1987.<\/li>\n<li>Research Fellow, Centre\u00a0for Economic Policy Research, 1988-<\/li>\n<li>Premio Extraordinario de\u00a0Licenciatura, Universitat Aut\u00f2noma,\u00a0Barcelona, 1978.<\/li>\n<\/ul>\n<\/td>\n<\/tr>\n<tr>\n<td width=\"3%\"><\/td>\n<td><strong>Editorial Services:<\/strong><\/p>\n<ul>\n<li>Department Editor (Finance) of Management Science, 2025-<\/li>\n<li>Member of the Competition Policy International (CPI) TechREG Editorial Advisory Board, 2021-<\/li>\n<li>Member of the Editorial Board as an Advisory editor of the Journal of Public Economic Theory, 2021-<\/li>\n<li>Co-editor of the Journal of Economics and Management\u00a0Strategy, 1992-<\/li>\n<li>Associate editor of the Recherches Economiques de Louvain, 1991-<\/li>\n<li>Member of the editorial board of Nota d\u2019Economia, 2004-<\/li>\n<li>Member of the Advisory Board of the Journal of Risk and Financial Management, 2021-2023.<\/li>\n<li>Member of the editorial board for finance at ECGI (European Corporate Governance Institute), 2006-2021.<\/li>\n<li>Editor of the Journal of Economic Theory, 2013-2020.<\/li>\n<li>Member of the editorial board of Econom\u00eda Industrial, 1987-2013.<\/li>\n<li>Editor of the Journal of the European Economic Association, 2003-2008.<\/li>\n<li>Editor of the European Economic Review, 1998-2002.<\/li>\n<li>Editor of the International Journal of Industrial Organization, 1993-1997.<\/li>\n<li>Associate editor of the International Journal of Industrial\u00a0Organization (1988-1992), the Journal of Industrial Economics\u00a0(1991-1992), the Journal of the Japanese and International Economies\u00a0(1993-1995), the Journal of Financial Markets (1997-2000), the\u00a0Rand Journal of Economics (1995-2002) and \u00a0the European\u00a0Economic Review (1991-1996). Member of the editorial board of\u00a0Investigaciones Econ\u00f3micas (1988- 1991), Revista Espa\u00f1ola\u00a0de Econom\u00eda (1989-1994), the Journal of Industrial Economics\u00a0(1992-1998), and Economic Policy (1993-1994).<\/li>\n<li>Referee for American Economic Review, Econometrica,\u00a0Economic Behavior and Organization, Economic \u00a0Journal, Economics Letters, Games and Economic Behavior, Information Economics and Policy,\u00a0International Economic Review, Journal of Economic Theory, Journal\u00a0of Economics (Zeitschrift f\u00fcr National\u00f6konomie), Journal\u00a0of\u00a0Economics and Business, Journal of Empirical Finance, Journal of Finance, Journal of Financial Intermediation, Journal of Industrial Economics, Journal of Law and Economics Organization,\u00a0 Journal of Mathematical Economics, Journal of Money, Credit\u00a0and Banking, Journal of Political Economy, Journal of the Japanese\u00a0and\u00a0International Economics, Management Science, Mathematical Social Sciences, Quarterly\u00a0Journal of Economics, Rand Journal\u00a0of Economics, Review of Economic Studies, Review of Financial Studies, and Theoretical Economics.<\/li>\n<\/ul>\n<\/td>\n<\/tr>\n<tr>\n<td width=\"3%\"><\/td>\n<td><strong>Research Direction:<\/strong><\/p>\n<ul>\n<li>Member of the steering committee of the European Symposium\u00a0in Economic Theory (ESSET) at Gerzensee, 1992-<\/li>\n<li>Member of the Board of Governors of Economic Policy,\u00a02000-2014.<\/li>\n<li>Member of the Steering Committee of the Association\u00a0for Competition Economics, 2003-2006.<\/li>\n<li>Program Director, Applied Microeconomics \/ Industrial\u00a0Organization, CEPR, 1991-1997.<\/li>\n<li>Director of the Research Program for Banking at Fundaci\u00f3n\u00a0BBV, 1991-1996.<\/li>\n<\/ul>\n<\/td>\n<\/tr>\n<tr>\n<td width=\"3%\"><\/td>\n<td><strong>Scientific and Advisory Committees:<\/strong><\/p>\n<ul>\n<li>Member of the Advisory Board, European Initiative of the Competition and Innovation Lab, George Washington University, 2024-<\/li>\n<li>Member of the Group of Financial Expert Economists, CNMV, 2024-<\/li>\n<li>Member of the Technical Scientific Committee, Agencia Estatal de Investigaci\u00f3n, Spanish Government, 2023-<\/li>\n<li>Member of the Advisory Scientific Committee, European Systemic Risk Board (ESRB), European Central Bank, 2023-<\/li>\n<li>Member of the European Financial Architecture Research and Policy Network (RPN-EFA), 2022-<\/li>\n<li>Member of the Selection Committee of the ECB Lamfalussy Fellowships, 2021-<\/li>\n<li>Member of the ERC Identification Committee, 2014-2019.<\/li>\n<li>Member of the Alumni Advisory Board, Universitat Aut\u00f2noma de Barcelona, 2011-<\/li>\n<li>Member of the Academic Council of the Barcelona Graduate School of Economics, 2010-<\/li>\n<li>Member of the Scientific Council of the IN3 at Universitat\u00a0Oberta de Catalunya, 2007-2011.<\/li>\n<li>Member of the Academic Board of the Iberdrola Training\u00a0Center, 2006-2008.<\/li>\n<li>Member of the Conseil Scientifique de l\u2019Autorit\u00e9\u00a0des March\u00e9s Financiers (Paris), 2004-<\/li>\n<li>Member of Scientific Committee of the Europlace Institute\u00a0of Finance, 2003-<\/li>\n<li>Member of Scientific Advisory Committee of CREI, Universitat Pompeu Fabra, 2001-<\/li>\n<li>Member of the Academic Board of the Iberdrola Training\u00a0Center, 2006-2008.<\/li>\n<li>Member of the Advisory Council of the Research Department\u00a0of \u201cla Caixa\u201d, 2005-2009.<\/li>\n<li>Member of the Scientific Council of ECARE (European\u00a0Center for Advanced Research in Economics), Universit\u00e9\u00a0Libre de Bruxelles, 1991.<\/li>\n<\/ul>\n<\/td>\n<\/tr>\n<tr>\n<td width=\"3%\"><\/td>\n<td><strong>Policy, Community and Other\u00a0Professional Services:<\/strong><\/p>\n<ul>\n<li>President of the Advisory Board, Iniciativa per la Productivitat i la Innovaci\u00f3 (IPI), Cercle Economia, 2025-<\/li>\n<li>Member of the Board of Directors of Cercle d\u2019Economia, 2021-2025<\/li>\n<li>Member of the network of experts &#8220;Los 100 de COTEC&#8221;, 2020-<\/li>\n<li>Member of the Academic Advisory Committee for the development of the Agenda 2030 in the city of Barcelona, Barcelona City Council, 2020-<\/li>\n<li>Member of the Board of Fundaci\u00f3 Privada Aula, 2018-2019.<\/li>\n<li>President of the Advisory Council of the Pla Estrategic Metropolit\u00e0 de Barcelona, 2014-2015.<\/li>\n<li>Member of the Forum Catalunya en Expansi\u00f3n, 2014-<\/li>\n<li>Member of the Societat Econ\u00f2mica Barcelonesa d&#8217;Amics del Pa\u00eds, 2012-<\/li>\n<li>Member of the Board of the Fundaci\u00f3n de Econom\u00eda Anal\u00edtica, IAE-CSIC, 2012-2016.<\/li>\n<li>Member of the Advisory Comitee for the Economic Recovery and Growth (CAREC) to the Government of Catalonia, 2011-2015.<\/li>\n<li>Member of the Board of Directors of CaixaBank, 2008-2020.<\/li>\n<li>Member of the Board of Directors of Aula Escuela Europea SA, 2006-2017.<\/li>\n<li>Member of the Cercle d&#8217;Economia, Barcelona.<\/li>\n<li>Member of the Economic Advisory Group on Competition\u00a0Policy of DG Competition of the European Commission, 2003-2013.<\/li>\n<li>Member of the European Economic Advisory Group at CESifo\u00a0(Munich), 2001-2011.<\/li>\n<li>Special Advisor to the Vicepresident of the European Commission, Mr. Joaqu\u00edn Almunia, 2011-2014.<\/li>\n<li>Member of the Economic Advisory Board to the Barcelona Town Hall, 2010-2011.<\/li>\n<li>Member of the Commission for the I Pla Director d\u2019Industria\u00a0i Empresa, Generalitat de Catalunya,\u00a02007-2008.<\/li>\n<li>Member of the Grupo de Reflexi\u00f3n Abertis, 2006-2011.<\/li>\n<li>Member of the Board of Trustees of the Fundaci\u00f3\u00a0Empresa i Ci\u00e8ncia of the Universitat Aut\u00f2noma\u00a0de Barcelona, 1995-2004.<\/li>\n<li>President of the Commission on Leadership and Globalisation\u00a0of the Barcelona Strategic Metropolitan Plan, 2002.<\/li>\n<li>Member of the Commission about the Future of the University\u00a0System in Catalonia, 2000-2002.<\/li>\n<li>Member of the Editorial Board of Expansi\u00f3n and\u00a0Actualidad Econ\u00f3mica, 2000-2002 and 2004-2005.<\/li>\n<li>Member of the Economic Advisory Group of DG Industry\u00a0of the European Commission, 1995.<\/li>\n<li>Consultant for the World Bank, the Inter-American Development\u00a0Bank, the European Commission, the Federal Reserve Bank of New York, the Spanish government, the Generalitat\u00a0de Catalunya, and for other regulatory bodies as well as for\u00a0major international corporations.<\/li>\n<li>Contributor to Financial Times, The Wall Street Journal\u00a0Europe, La Vanguardia, Expansi\u00f3n, El Pa\u00eds and\u00a0columnist for Project Syndicate.<\/li>\n<\/ul>\n<\/td>\n<\/tr>\n<tr>\n<td width=\"3%\"><\/td>\n<td><strong>Evaluation Panels:<\/strong><\/p>\n<ul>\n<li>Panel Member for the panel SH1\u2013Individuals, Markets and Organisations in the 2023 evaluation of completed ERC-funded projects, European Research Council, 2023.<\/li>\n<li>Member of the jury of the Premio Nacional de Investigaci\u00f3n Pascual Madoz 2021 award.<\/li>\n<li>Member of the jury of the XII Societat Catalana d\u2019Economia 2020 Award.<\/li>\n<li>Member of the jury of the XI Societat Catalana d\u2019Economia 2018 Award.<\/li>\n<li>Member of the Identification Committee of the European Research Council, 2014-2019.<\/li>\n<li>Member of the European Research Council evaluation panel SH1, Individuals and Organizations, 2007-2009 and 2011-2013.<\/li>\n<li>Advisor for Social Sciences to CIRIT, Generalitat de\u00a0Catalunya, 2000-2001.<\/li>\n<li>Member of the CIRIT Evaluation Board, Generalitat de\u00a0Catalunya, 1994-1996.<\/li>\n<li>Member of the Comisi\u00f3n de \u00c1rea de Humanidades\u00a0y Ciencias Sociales, CSIC, 1993-1996.<\/li>\n<li>Member of the Fellowship Committee of IGIER (Innocenzo\u00a0Gasparini Institute for Economic Research), \u00a0Milano, 1991-1994.<\/li>\n<li>Member of the ACE panel of the European Community, 1991.<\/li>\n<li>Member of the Comisi\u00f3n Nacional Evaluadora de\u00a0la Actividad Investigadora del Profesorado Universitario,\u00a01990.<\/li>\n<li>Referee for: the SPES program of the European Community;\u00a0the National Science Foundation, USA; the Social and Humanities\u00a0Research Council of Canada; the Comisi\u00f3n Asesora Investigaci\u00f3n\u00a0Cient\u00edfica y T\u00e9cnica, Spanish Ministry of Education\u00a0and Science; The Netherlands Association for Scientific Research; and The Israel Science Foundation.<\/li>\n<\/ul>\n<\/td>\n<\/tr>\n<tr>\n<td><\/td>\n<\/tr>\n<\/tbody>\n<\/table>\n","protected":false},"excerpt":{"rendered":"<p>Earned Degrees: Ph.D. (Economics, Gerard\u00a0Debreu supervisor), University of\u00a0California, Berkeley, 1983. M.A. (Economics), University\u00a0of California, Berkeley, 1982. Licenciado (Economics),\u00a0Universitat Aut\u00f2noma, Barcelona,\u00a01978. Present Positions: Professor of Economics\u00a0and Finance, IESE Business School. Academic director of the\u00a0Public-Private Sector Research Center. Director of the Abertis\u00a0Chair of Regulation, Competition\u00a0and Public Policy. Academic director of the Banking Initiative. Past Academic Positions: Research [&hellip;]<\/p>\n","protected":false},"author":714,"featured_media":0,"parent":0,"menu_order":1,"comment_status":"open","ping_status":"open","template":"","meta":{"footnotes":""},"class_list":["post-14","page","type-page","status-publish","hentry"],"aioseo_notices":[],"_links":{"self":[{"href":"https:\/\/blog.iese.edu\/xvives\/wp-json\/wp\/v2\/pages\/14","targetHints":{"allow":["GET"]}}],"collection":[{"href":"https:\/\/blog.iese.edu\/xvives\/wp-json\/wp\/v2\/pages"}],"about":[{"href":"https:\/\/blog.iese.edu\/xvives\/wp-json\/wp\/v2\/types\/page"}],"author":[{"embeddable":true,"href":"https:\/\/blog.iese.edu\/xvives\/wp-json\/wp\/v2\/users\/714"}],"replies":[{"embeddable":true,"href":"https:\/\/blog.iese.edu\/xvives\/wp-json\/wp\/v2\/comments?post=14"}],"version-history":[{"count":92,"href":"https:\/\/blog.iese.edu\/xvives\/wp-json\/wp\/v2\/pages\/14\/revisions"}],"predecessor-version":[{"id":4691,"href":"https:\/\/blog.iese.edu\/xvives\/wp-json\/wp\/v2\/pages\/14\/revisions\/4691"}],"wp:attachment":[{"href":"https:\/\/blog.iese.edu\/xvives\/wp-json\/wp\/v2\/media?parent=14"}],"curies":[{"name":"wp","href":"https:\/\/api.w.org\/{rel}","templated":true}]}}