{"id":1898,"date":"2015-11-03T10:34:19","date_gmt":"2015-11-03T09:34:19","guid":{"rendered":"https:\/\/blog.iese.edu\/xvives\/?page_id=1898"},"modified":"2024-09-09T12:24:02","modified_gmt":"2024-09-09T11:24:02","slug":"other-media-coverage-international","status":"publish","type":"page","link":"https:\/\/blog.iese.edu\/xvives\/media\/other-media-coverage-international\/","title":{"rendered":"Other media coverage (International)"},"content":{"rendered":"<h2>2024<\/h2>\n<ul>\n<li><a href=\"https:\/\/blog.iese.edu\/xvives\/files\/2024\/09\/Banques-_-les-pistes-de-lEurope-pour-eviter-la-reedition-de-la-crise-americaine-de-2023-_-Les-Echos.pdf\">Banques: les pistes de l&#8217;Europe pour \u00e9viter la r\u00e9\u00e9dition de la crise am\u00e9ricaine de 2023<\/a>, 04\/09\/2024, Les Echos<\/li>\n<li><a href=\"https:\/\/www.iese.edu\/insight\/articles\/financial-system-reforms-digital-bank\/\">Lessons and reforms for a fragile financial system<\/a>, 20\/06\/2024, IESE Insight<\/li>\n<li><a href=\"https:\/\/www.reuters.com\/markets\/europe\/year-credit-suisses-rescue-banks-remain-vulnerable-2024-03-15\/\">A year on from Credit Suisse&#8217;s rescue, banks remain vulnerable<\/a>, 16\/03\/2024, Reuters<\/li>\n<\/ul>\n<h2>2022<\/h2>\n<ul>\n<li><a href=\"https:\/\/www.pymnts.com\/cryptocurrency\/2022\/ftx-liquidators-in-bahamas-move-case-from-new-york-to-delaware\/\">FTX collapse has historical parallels; will we learn from them?<\/a>, 30\/11\/2022, PYMNTS<\/li>\n<li><a href=\"https:\/\/www.pymnts.com\/cryptocurrency\/2022\/sen-sherrod-brown-seeks-more-cooperation-on-crypto-regulation\/\">Sen Sherrod Brown Seeks More Cooperation on Crypto Regulation<\/a>, 30\/11\/2022, PYMNTS<\/li>\n<li><a href=\"https:\/\/www.ieseinsight.com\/doc.aspx?id=2544&amp;idioma=2\">Winter is coming in Europe<\/a>, 25\/08\/2022, IESE Insight<\/li>\n<li><a href=\"https:\/\/www.forbes.com\/sites\/davidbirch\/2022\/05\/30\/locking-the-stablecoin-door-after-the-horse-has-spent-all-of-the-crypto-on-carrots-and-then-vanished-over-the-fence\/?sh=1c97e7187bf1\">Locking the stablecoin door after the horse has spent all of the crypto on carrots and then vanished over the fence<\/a>, 30\/05\/2022, Forbes<\/li>\n<\/ul>\n<h2>2021<\/h2>\n<ul>\n<li><a href=\"https:\/\/www.pymnts.com\/cryptocurrency\/2021\/crypto-at-the-point-of-sale-bitcoin-versus-stablecoins\/\">Bitcoin versus stablecoins<\/a>, 10\/12\/2021, PYMNTS.com<\/li>\n<li><a href=\"https:\/\/voxeu.org\/vox-talks\/financial-system-and-climate-risk\">VoxTalks: The financial system and climate change<\/a>, 25\/05\/2021, VoxEU CEPR<\/li>\n<li><a href=\"https:\/\/voxeu.org\/article\/taking-oligopoly-seriously-macroeconomics\">Rise of the superstar firms: Taking oligopoly seriously in macroeconomics<\/a>, 20\/01\/2021, VoxEU CEPR; <a href=\"https:\/\/www.obserwatorfinansowy.pl\/tematyka\/makroekonomia\/trendy-gospodarcze\/wzrost-znaczenia-firm-supergwiazd\/\">Obserwator finansowy.pl<\/a><\/li>\n<\/ul>\n<h2>2020<\/h2>\n<ul>\n<li><a href=\"https:\/\/blog.iese.edu\/xvives\/files\/2020\/11\/2020-11-26-FT..pdf\">Spanish banks seek firmer footing with round of mergers<\/a>, 26\/11\/2020, Financial Times<\/li>\n<li><a href=\"https:\/\/blog.iese.edu\/xvives\/files\/2020\/11\/2020-11-19-AFP.pdf\">Les banques espagnoles cherchent \u00e0 fusionner pour faire face \u00e0 la crise<\/a>, 19\/11\/2020, AFP; <a href=\"https:\/\/www.swissinfo.ch\/spa\/bancos-espa%C3%B1oles-buscan-fusiones-para-protegerse-del-covid-y-la-nueva-competencia\/46172328\">Swissinfo.ch<\/a>, <a href=\"https:\/\/www.cnnindonesia.com\/ekonomi\/20201122133316-78-572954\/gelombang-merger-landa-perbankan-spanyol-di-tengah-corona\">CNN Indonesia<\/a>, <a href=\"https:\/\/www.ibtimes.com.au\/spanish-banks-seek-mergers-outlook-darkens-1643310\">International Business Times<\/a>, <a href=\"https:\/\/www.elfinancierocr.com\/finanzas\/bancos-espanoles-buscan-fusiones-para-protegerse\/NFIION7X4FF4VHHH2EXO46FADM\/story\/\">El Financiero<\/a>, <a href=\"https:\/\/www.manilatimes.net\/2020\/11\/23\/business\/foreign-business\/spanish-banks-seek-mergers-as-pandemic-darkens-outlook\/800281\/\">The Manila Times<\/a>, <a href=\"https:\/\/www.rfi.fr\/en\/wires\/20201122-spanish-banks-seek-mergers-outlook-darkens\">Radio France Internacionale<\/a>, <a href=\"https:\/\/www.trtworld.com\/business\/spanish-banks-seek-mergers-as-outlook-darkens-41693\">TRT World<\/a><\/li>\n<li><a href=\"https:\/\/www.thelocal.es\/20200918\/spain-has-a-new-mega-bank-as-la-caixa-bankia-merger-approved\">Spain has a new &#8216;mega bank&#8217; as La Caixa and Bankia merger approved<\/a>, 18\/09\/2020, The Local<\/li>\n<li>CaixaBank et Bankia se r\u00e9unissent pour approuver leur fusion, 17\/09\/2020; <a href=\"https:\/\/www.france24.com\/fr\/20200917-caixabank-et-bankia-se-r%C3%A9unissent-pour-approuver-leur-fusion\">France 24<\/a>, <a href=\"https:\/\/www.lefigaro.fr\/flash-eco\/reunion-jeudi-des-ca-de-caixabank-et-bankia-pour-approuver-leur-fusion-20200917\">Le Figaro<\/a>, <a href=\"https:\/\/www.la-croix.com\/CaixaBank-Bankia-reunissent-approuver-leur-fusion-2020-09-17-1301114507\">La Croix<\/a>, <a href=\"https:\/\/www.rtl.be\/info\/monde\/economie\/caixabank-et-bankia-se-reunissent-pour-approuver-leur-fusion-1244887.aspx\">RTL Info Belgium<\/a><\/li>\n<li><a href=\"https:\/\/voxeu.org\/vox-talks\/banks-under-pressure\">VoxTalks: Banks under pressure<\/a>, 8\/07\/2020, VoxEU CEPR<\/li>\n<\/ul>\n<h2>2019<\/h2>\n<ul>\n<li><a href=\"https:\/\/on.ft.com\/2II5I6T\">Better data on modern finance reveals uncomfortable truths,<\/a> 10\/10\/2019, Financial Times<\/li>\n<\/ul>\n<h2>2018<\/h2>\n<ul>\n<li><a href=\"https:\/\/markets.ft.com\/data\/announce\/detail?dockey=600-201810290800BIZWIRE_USPRX____BW5370-1\">IESE launches new research program with global bank<\/a>, Citi, 29\/10\/2018, Financial Times<\/li>\n<li>The European Corporate Governance Institute Meets in Berlin, 5\/05\/2018, ECGI<br \/>\n<a href=\"http:\/\/www.ecgi.global\/news\/european-corporate-governance-institute-meets-berlin\">Read news<\/a>\u00a0&amp; <a href=\"https:\/\/www.youtube.com\/watch?v=s_zvEa5jNMo&amp;feature=youtu.be\">Watch Prof. Vives interview <\/a><\/li>\n<\/ul>\n<h2>2016<\/h2>\n<ul>\n<li><a href=\"http:\/\/www.lemonde.fr\/economie\/article\/2016\/04\/20\/madrid-revise-a-la-hausse-son-deficit-public_4905340_3234.html\" target=\"_blank\" rel=\"noopener noreferrer\">Madrid r\u00e9vise \u00e0 la hausse son d\u00e9ficit public<\/a>, 20\/14\/2016, Le Monde<\/li>\n<\/ul>\n<h2>2014<\/h2>\n<ul>\n<li><a href=\"http:\/\/downloads.bbc.co.uk\/podcasts\/worldservice\/wbnews\/wbnews_20141127-2017a.mp3\" target=\"_blank\" rel=\"noopener noreferrer\">Reportaje de la BBC sobre medidas contra la corrupci\u00f3n en Espa\u00f1a<\/a>, min.7, 26\/11\/2014,\u00a0BBC World Service (Global) &#8211; World Business Report<\/li>\n<li><a href=\"http:\/\/www.youtube.com\/watch?v=6kPor3o9vAQ\" target=\"_blank\" rel=\"noopener noreferrer\">Europe: Building a Brighter Future<\/a>, 29\/09\/2014, IESE&#8217;s YouTube Channel<\/li>\n<li><a href=\"http:\/\/ec.europa.eu\/research\/index.cfm?pg=newsalert&amp;year=2014&amp;na=na-270514\" target=\"_blank\" rel=\"noopener noreferrer\">El profesor Vives formar\u00e1 parte del European Research Council Identification Committee<\/a>, 27\/05\/2014, European Commission<\/li>\n<\/ul>\n<p>&nbsp;<\/p>\n<h2><strong><span class=\"pagTitulo\">2012<\/span><\/strong><\/h2>\n<ul>\n<li><a href=\"https:\/\/blog.iese.edu\/xvives\/files\/2012\/12\/2012-11-26-XV-FTimes-.pdf\" target=\"_blank\" rel=\"noopener noreferrer\">Spanish constitution crisis looms after poll<\/a>, 26\/11\/2012, Financial Times<\/li>\n<li><a href=\"http:\/\/www.guardian.co.uk\/business\/feedarticle\/10460762\" target=\"_blank\" rel=\"noopener noreferrer\">Spain debt rises on aid to banks, regions, finance cost<\/a>, 29\/09\/2012, The Guardian<\/li>\n<li><a href=\"http:\/\/video.ft.com\/v\/1736720219001\/Exports-are-Spain-s-future\" target=\"_blank\" rel=\"noopener noreferrer\">Entrevista al Prof. Vives: Exports are Spain&#8217;s future<\/a>, 16\/07\/2012, Financial Times<\/li>\n<li><a href=\"http:\/\/www.shanghaidaily.com\/article\/article_xinhua.asp?id=80155\" target=\"_blank\" rel=\"noopener noreferrer\">Spain welcomes agreement achieved at EU summit<\/a>, 29\/06\/2012, Shanghai daily<\/li>\n<li><a href=\"https:\/\/blog.iese.edu\/xvives\/files\/2012\/07\/2012-06-29-Spanish-govt-bailout-less-likely-after-EU-measures-ap.pdf\" target=\"_blank\" rel=\"noopener noreferrer\">Spanish govt bailout less likely after EU measures<\/a>, 29\/06\/2012, Associated Press<\/li>\n<li><a href=\"https:\/\/blog.iese.edu\/xvives\/files\/2012\/07\/2012-06-28-International-Herald-Tribune.pdf\" target=\"_blank\" rel=\"noopener noreferrer\">Bank woes in Europe go beyond southern tier<\/a>, 28\/06\/2012, International Herald Tribune<\/li>\n<li><a href=\"http:\/\/www.nytimes.com\/2012\/06\/28\/business\/global\/euro-zone-riddled-with-shaky-banks.html?_r=2&amp;pagewanted=all\" target=\"_blank\" rel=\"noopener noreferrer\">\u201cThe Spanish banking system is not the only one which has problems\u201d<\/a>, 27\/06\/2012, The New York Times<\/li>\n<li><a href=\"http:\/\/www.npr.org\/2012\/05\/03\/151915911\/take-over-moves-by-bolivia-argentina-angers-spain\" target=\"_blank\" rel=\"noopener noreferrer\">Lauren Frayer entrevista a Xavier Vives para hablar sobre las expropiaciones en Latinoam\u00e9rica<\/a>, 03\/05\/2012, National Public Radio (USA)<\/li>\n<li>&#8220;<a href=\"http:\/\/video.cnbc.com\/gallery\/?video=3000087064&amp;play=1\">Does Spain want to compete?<\/a>&#8220;, 02\/05\/2012, SquawkBox, CNBC TV<\/li>\n<li><a href=\"http:\/\/www.expansion.com\/2012\/04\/24\/catalunya\/1335291371.html\" target=\"_blank\" rel=\"noopener noreferrer\">\u201cLa gente est\u00e1 resignada a la subida de impuestos\u201d<\/a>, 25\/04\/2012, Expansi\u00f3n<\/li>\n<li><a href=\"http:\/\/www.iese.edu\/Aplicaciones\/News\/videos\/view.asp?id=3467&amp;lan=cat\" target=\"_blank\" rel=\"noopener noreferrer\">YPF\u00a0Expropriation: Everyone Loses<\/a>, 24\/04\/2012, IESE Noticias<\/li>\n<li><a href=\"http:\/\/www.catradio.cat\/audio\/630500\/Tertulia-dactualitat\" target=\"_blank\" rel=\"noopener noreferrer\">Tertulia semanal sobre la actualidad econ\u00f3mica<\/a>, 24\/04\/2012, El Mat\u00ed de Catalunya R\u00e0dio<\/li>\n<li><a href=\"https:\/\/blog.iese.edu\/xvives\/files\/2012\/04\/2012-04-19-ARA.pdf\" target=\"_blank\" rel=\"noopener noreferrer\">&#8220;Socializar la deuda no es la soluci\u00f3n&#8221;<\/a>, 19\/04\/2012, Ara<\/li>\n<li>El &#8216;Quo vadis Europa&#8217; de John Reed y Xavier Vives, 18\/04\/2012, <a href=\"https:\/\/blog.iese.edu\/xvives\/files\/2012\/04\/PRESS-CLIPPING-pel-blog-Vives.pdf\" target=\"_blank\" rel=\"noopener noreferrer\">Press Clipping<\/a><\/li>\n<li><a href=\"http:\/\/www.marketwatch.com\/story\/2011-list-of-top-ten-most-cited-spanish-social-scientists-released-2012-04-02\" target=\"_blank\" rel=\"noopener noreferrer\">2011 List of Top Ten most cited Spanish social scientists<\/a>, 2\/04\/2012,\u00a0Market Watch<\/li>\n<li>Presentaci\u00f3n del Informe CESifo en el C\u00edrculo de Econom\u00eda de Barcelona, 27\/03\/2012, <a href=\"https:\/\/blog.iese.edu\/xvives\/files\/2012\/05\/Clipping-CESifo-Cercle.pdf\" target=\"_blank\" rel=\"noopener noreferrer\">Press Clipping<\/a><\/li>\n<\/ul>\n<p>&nbsp;<\/p>\n<h2>\u00a0<strong><span class=\"pagTitulo\">2011<\/span><\/strong><\/h2>\n<ul>\n<li><a href=\"http:\/\/online.wsj.com\/video\/new-spanish-leader-fails-to-becalm-markets\/BD6AED86-DEC8-4443-A0E8-EEF9D4E7C8E1.html\" target=\"_blank\" rel=\"noopener noreferrer\">Video: El profesor Vives comenta las opciones del nuevo l\u00edder Mariano Rajoy<\/a>, 21\/11\/2011, The Wall Street Journal<\/li>\n<li><a href=\"http:\/\/www.lesechos.fr\/economie-politique\/monde\/actu\/0201752937766-emploi-deficit-et-secteur-bancaire-les-principaux-defis-du-futur-gouvernement-251641.php\" target=\"_blank\" rel=\"noopener noreferrer\">Emploi, d\u00e9ficit et secteur bancaire : les principaux d\u00e9fis du futur gouvernement<\/a>, 21\/11\/2011, Les Echos<\/li>\n<li><a href=\"https:\/\/blog.iese.edu\/xvives\/files\/2012\/05\/2011-11-21_Spain-turns-right-to-find-way-out-of-debt_XV.pdf\" target=\"_blank\" rel=\"noopener noreferrer\">Spain turns right to find way out of debt<\/a>, 21\/11\/2011, The Times<\/li>\n<li><a href=\"http:\/\/www.businessspectator.com.au\/bs.nsf\/Article\/Spains-new-leader-faces-wrath-of-markets-NS4GK?OpenDocument&amp;src=hp7\" target=\"_blank\" rel=\"noopener noreferrer\">Spain&#8217;s new leader faces wrath of markets<\/a>, 20\/11\/2011, Business Spectator<\/li>\n<li><a href=\"http:\/\/www.telegraph.co.uk\/news\/worldnews\/europe\/eu\/8882853\/Debt-crisis-Spain-in-danger-of-missing-deficit-targets.html\" target=\"_blank\" rel=\"noopener noreferrer\">Debt crisis: Spain in danger of missing deficit targets<\/a>, 11\/11\/2011, The Telegraph<\/li>\n<li><a href=\"https:\/\/blog.iese.edu\/xvives\/files\/2012\/05\/2011-11-11_The-times_XV.pdf\" target=\"_blank\" rel=\"noopener noreferrer\">Markets Live: November 10<\/a>, 11\/11\/2011, The Times<\/li>\n<li>Xavier Vives nombrado Consejero Especial del Vicepresidente de la Comisi\u00f3n Europea y Comisario de Competencia, Joaqu\u00edn Almunia,\u00a016\/05\/2011,\u00a0<a href=\"http:\/\/www.iese.edu\/es\/files\/2011%2005%2016%20Clipping%20Almunia.pdf\">Press Clipping<\/a>.<\/li>\n<\/ul>\n<p>&nbsp;<\/p>\n<h2><strong>2010<\/strong><\/h2>\n<ul>\n<li><a href=\"http:\/\/www.handelsblatt.com\/politik\/oekonomie\/nachrichten\/konkurrenz-unter-banken-stabilisiert-das-finanzystem\/3503490.html?p3503490=all\" target=\"_blank\" rel=\"noopener noreferrer\">Konkurrenz unter Banken stabilisiert das Finanzystem<\/a>, 30\/07\/2010, Handelsblatt.<\/li>\n<li><a href=\"http:\/\/www.iese.edu\/es\/files\/ht%20i%20nyt_tcm5-48324.pdf\">Herald Tribune y New York Times se hacen eco de las pol\u00e9micas\u00a0declaraciones de Xavier Vives<\/a> (PDF, 322 Kb),\u00a004\/05\/2010.<\/li>\n<li><a href=\"http:\/\/www.iese.edu\/es\/files\/0103201_tcm5-48335.pdf\" target=\"_blank\" rel=\"noopener noreferrer\">Entre los diez primeros<\/a>\u00a0(PDF, 127 Kb),\u00a0Lauder Institute research.<\/li>\n<\/ul>\n<p>&nbsp;<\/p>\n<h2><strong><span class=\"pagTitulo\">2009<\/span><\/strong><\/h2>\n<ul>\n<li><a href=\"http:\/\/www.iese.edu\/es\/files\/2009%2002%2026%20Economist%20-%20Power%20games_tcm5-48326.pdf\" target=\"_blank\" rel=\"noopener noreferrer\">Power games<\/a>\u00a0(PDF, 23 Kb),\u00a026\/02\/2009,\u00a0The Economist.<\/li>\n<\/ul>\n<p>&nbsp;<\/p>\n<h2><strong>2008<\/strong><\/h2>\n<ul>\n<li><a href=\"http:\/\/www.ifo.de\/portal\/page\/portal\/ifoHome\" target=\"_blank\" rel=\"noopener noreferrer\">Presentaci\u00f3n del informe CESifo sobre la econom\u00eda europea\u00a0por parte de Xavier Vives<\/a>,\u00a016\/04\/2008, Madrid, <a href=\"http:\/\/www.iese.edu\/es\/files\/Informe%20CESifo_tcm5-15254.pdf\" target=\"_blank\" rel=\"noopener noreferrer\">Press Clipping<\/a>. International press: <a href=\"http:\/\/www.iese.edu\/es\/files\/Finfactspdf_tcm5-15257.pdf\" target=\"_blank\" rel=\"noopener noreferrer\">Finfacts<\/a>, <a href=\"http:\/\/www.iese.edu\/es\/files\/Business%20Week_tcm5-15258.pdf\" target=\"_blank\" rel=\"noopener noreferrer\">Business\u00a0Week<\/a>,\u00a0<a href=\"http:\/\/www.iese.edu\/es\/files\/CNBC_tcm5-15259.pdf\" target=\"_blank\" rel=\"noopener noreferrer\">CNBC<\/a>, <a href=\"http:\/\/www.iese.edu\/es\/files\/Cond%C3%A9%20Nast%20Portfolio_tcm5-15260.pdf\" target=\"_blank\" rel=\"noopener noreferrer\">Cond\u00e9\u00a0Nast Portfolio<\/a>, <a href=\"https:\/\/blog.iese.edu\/xvives\/media\/other-media-coverage\/Houston%20Chronical\" target=\"_blank\" rel=\"noopener noreferrer\">Houston\u00a0Chronicle<\/a>,\u00a0<a href=\"https:\/\/blog.iese.edu\/xvives\/media\/other-media-coverage\/International%20Herald%20Tribune\" target=\"_blank\" rel=\"noopener noreferrer\">International Herald Tribune<\/a>, <a href=\"http:\/\/www.iese.edu\/es\/files\/MSN%20Money_tcm5-15263.pdf\" target=\"_blank\" rel=\"noopener noreferrer\">MSN\u00a0Money<\/a>, <a href=\"http:\/\/www.iese.edu\/es\/files\/Yahoo%20Finance_tcm5-15264.pdf\" target=\"_blank\" rel=\"noopener noreferrer\">Yahoo\u00a0Finance<\/a>.<\/li>\n<\/ul>\n<p>&nbsp;<\/p>\n<h2><strong><span class=\"pagTitulo\">2007<\/span><\/strong><\/h2>\n<ul>\n<li><a href=\"http:\/\/www.iese.edu\/es\/events\/spsp\/50years_2007\/50years2007.asp\" target=\"_blank\" rel=\"noopener noreferrer\">Conference\u00a0on the Fifty Years of the Treaty: Assessment and Perspectives\u00a0of Competition Policy in Europe<\/a>, 19 and 20\/11\/2007, Barcelona, <a href=\"http:\/\/www.iese.edu\/es\/files\/SPSP-EcoMedios%2050Years%20UE_tcm5-6667.pdf\" target=\"_blank\" rel=\"noopener noreferrer\">Press Clipping<\/a>.<\/li>\n<li>Barroso settles for second-best,\u00a018\/01\/2007,\u00a0European Voice.<a href=\"https:\/\/blog.iese.edu\/xvives\/media\/other-media-coverage-international\">Other media coverage International<\/a><\/li>\n<\/ul>\n","protected":false},"excerpt":{"rendered":"<p>2024 Banques: les pistes de l&#8217;Europe pour \u00e9viter la r\u00e9\u00e9dition de la crise am\u00e9ricaine de 2023, 04\/09\/2024, Les Echos Lessons and reforms for a fragile financial system, 20\/06\/2024, IESE Insight A year on from Credit Suisse&#8217;s rescue, banks remain vulnerable, 16\/03\/2024, Reuters 2022 FTX collapse has historical parallels; will we learn from them?, 30\/11\/2022, PYMNTS [&hellip;]<\/p>\n","protected":false},"author":2010,"featured_media":0,"parent":40,"menu_order":0,"comment_status":"open","ping_status":"closed","template":"","meta":{"footnotes":""},"class_list":["post-1898","page","type-page","status-publish","hentry"],"aioseo_notices":[],"_links":{"self":[{"href":"https:\/\/blog.iese.edu\/xvives\/wp-json\/wp\/v2\/pages\/1898","targetHints":{"allow":["GET"]}}],"collection":[{"href":"https:\/\/blog.iese.edu\/xvives\/wp-json\/wp\/v2\/pages"}],"about":[{"href":"https:\/\/blog.iese.edu\/xvives\/wp-json\/wp\/v2\/types\/page"}],"author":[{"embeddable":true,"href":"https:\/\/blog.iese.edu\/xvives\/wp-json\/wp\/v2\/users\/2010"}],"replies":[{"embeddable":true,"href":"https:\/\/blog.iese.edu\/xvives\/wp-json\/wp\/v2\/comments?post=1898"}],"version-history":[{"count":35,"href":"https:\/\/blog.iese.edu\/xvives\/wp-json\/wp\/v2\/pages\/1898\/revisions"}],"predecessor-version":[{"id":4358,"href":"https:\/\/blog.iese.edu\/xvives\/wp-json\/wp\/v2\/pages\/1898\/revisions\/4358"}],"up":[{"embeddable":true,"href":"https:\/\/blog.iese.edu\/xvives\/wp-json\/wp\/v2\/pages\/40"}],"wp:attachment":[{"href":"https:\/\/blog.iese.edu\/xvives\/wp-json\/wp\/v2\/media?parent=1898"}],"curies":[{"name":"wp","href":"https:\/\/api.w.org\/{rel}","templated":true}]}}