{"id":32,"date":"2011-06-16T08:41:15","date_gmt":"2011-06-16T07:41:15","guid":{"rendered":"https:\/\/blog.iese.edu\/xvives\/?page_id=32"},"modified":"2022-06-01T21:37:26","modified_gmt":"2022-06-01T20:37:26","slug":"books","status":"publish","type":"page","link":"https:\/\/blog.iese.edu\/xvives\/books\/","title":{"rendered":"Books"},"content":{"rendered":"<h3>English:<\/h3>\n<p><img decoding=\"async\" class=\"img-fluid\" src=\"https:\/\/blog.iese.edu\/xvives\/files\/2016\/05\/Book-Front-Cover-199x300.jpg\" alt=\"Book Front Cover\" \/><\/p>\n<p><em>Competition and Stability in Banking. The Role of Regulation and Competition Policy<\/em>, Princeton University Press 2016 (<a href=\"http:\/\/press.princeton.edu\/titles\/10741.html\">website<\/a>).<\/p>\n<p>Six Banking Lectures:\u00a0\u00a0<a href=\"https:\/\/blog.iese.edu\/xvives\/files\/2018\/01\/Outline-Six-Banking-Lectures.pdf\">Outline<\/a><\/p>\n<p><a href=\"https:\/\/blog.iese.edu\/xvives\/files\/2018\/01\/Lecture-1.pdf\">1 &#8211; Banking, fragility, and crises<\/a><br \/>\n<a href=\"https:\/\/blog.iese.edu\/xvives\/files\/2018\/01\/Lecture-2.pdf\">2 &#8211; Market failures and regulation<\/a><br \/>\n<a href=\"https:\/\/blog.iese.edu\/xvives\/files\/2018\/02\/Lecture-3r.pdf\">3 &#8211; LOLR, bailouts and crisis resolution<\/a><br \/>\n<a href=\"https:\/\/blog.iese.edu\/xvives\/files\/2018\/01\/Lecture-4.pdf\">4 &#8211; Competition in banking<\/a><br \/>\n<a href=\"https:\/\/blog.iese.edu\/xvives\/files\/2018\/01\/Lectures-5-6.pdf\">5, 6 &#8211; Competition and financial stability<\/a><\/p>\n<p>&nbsp;<\/p>\n<p><img decoding=\"async\" class=\"img-fluid\" src=\"https:\/\/blog.iese.edu\/xvives\/files\/2011\/06\/Comp-policy-in-the-eu-jacket2.jpg\" alt=\"Comp policy in the eu jacket\" \/><\/p>\n<p style=\"text-align: left\"><em>Competition Policy in the EU. Fifty Years on from the Treaty of Rome<\/em>, Oxford University Press 2009 (<a href=\"https:\/\/global.oup.com\/academic\/product\/competition-policy-in-the-eu-9780199566358?cc=es&amp;lang=en&amp;\">website<\/a>).<\/p>\n<p>&nbsp;<\/p>\n<p><img decoding=\"async\" class=\"img-fluid\" src=\"https:\/\/blog.iese.edu\/xvives\/files\/2016\/05\/Book-Cover-Info-Learning-in-Mkts-215x300.jpg\" alt=\"Book Cover Info &amp; Learning in Mkts\" \/><\/p>\n<p><em>Information and Learning in Markets: The impact of market microstructure<\/em>, 2008, Princeton University Press <span style=\"color: #000000\">(<a title=\"Princeton University Press\" href=\"http:\/\/press.princeton.edu\/titles\/8655.html\" target=\"_blank\" rel=\"noopener noreferrer\">website<\/a><\/span><span style=\"color: #000000\">).\u00a0<\/span><\/p>\n<ul>\n<li><a href=\"https:\/\/blog.iese.edu\/xvives\/files\/2011\/09\/Table-of-contents-XV-InformationLearning-in-Markets.pdf\" target=\"_blank\" rel=\"noopener noreferrer\">Table of contents<\/a><\/li>\n<li><a href=\"https:\/\/blog.iese.edu\/xvives\/files\/2011\/09\/I-Introduction-VIVES-prot.pdf\" target=\"_blank\" rel=\"noopener noreferrer\">Introduction<\/a><\/li>\n<li><a href=\"https:\/\/blog.iese.edu\/xvives\/files\/2011\/09\/Introduction-and-lecture-guide-XV-InformationLearning-in-Markets.pdf\" target=\"_blank\" rel=\"noopener noreferrer\">Introduction and Lecture Guide<\/a><\/li>\n<li><a href=\"https:\/\/blog.iese.edu\/xvives\/files\/2011\/09\/Chapter-1-XV-InformationLearning-in-Markets.pdf\" target=\"_blank\" rel=\"noopener noreferrer\">Chapter 1<\/a><\/li>\n<li><a href=\"https:\/\/blog.iese.edu\/xvives\/files\/2011\/09\/Chapter-4-XV-InformationLearning-in-Markets2.pdf\" target=\"_blank\" rel=\"noopener noreferrer\">Chapter 4<\/a> (<a href=\"https:\/\/blog.iese.edu\/xvives\/files\/2011\/09\/ch4-slides-compact.pdf\">lecture slides<\/a>)<\/li>\n<li><a href=\"https:\/\/blog.iese.edu\/xvives\/files\/2011\/09\/Chapter-6-XV-InformationLearning-in-Markets2.pdf\" target=\"_blank\" rel=\"noopener noreferrer\">Chapter 6<\/a> (<a href=\"https:\/\/blog.iese.edu\/xvives\/files\/2011\/09\/ch6-slides-compact.pdf\">lecture slides<\/a>)<\/li>\n<li><a href=\"https:\/\/blog.iese.edu\/xvives\/files\/2011\/09\/Chapter-9-XV-InformationLearning-in-Markets2.pdf\">Chapter 9<\/a> (<a href=\"https:\/\/blog.iese.edu\/xvives\/files\/2011\/09\/ch9-lecture-slides-compact.pdf\">lecture slides<\/a>)<\/li>\n<li><a href=\"https:\/\/blog.iese.edu\/xvives\/files\/2011\/07\/Errata-july-2011.pdf\" target=\"_blank\" rel=\"noopener noreferrer\">Errata<\/a>;\u00a0<a href=\"https:\/\/blog.iese.edu\/xvives\/files\/2011\/09\/Book-review-by-L-Glosten.pdf\" target=\"_blank\" rel=\"noopener noreferrer\">Book Reviews<\/a><\/li>\n<\/ul>\n<p>&nbsp;<\/p>\n<p><img decoding=\"async\" class=\"img-fluid\" src=\"https:\/\/blog.iese.edu\/xvives\/files\/2016\/05\/Oligopoly-book-cover-203x300.png\" alt=\"Oligopoly book cover\" \/><\/p>\n<p><em>Oligopoly Pricing: Old Ideas and New Tools<\/em>, MIT Press, 1999, pp. 425 <span style=\"color: #000000\">(<a href=\"https:\/\/mitpress.mit.edu\/books\/oligopoly-pricing\">website<\/a>).<\/span><\/p>\n<p>&nbsp;<\/p>\n<hr \/>\n<p><span style=\"text-decoration: underline\"><strong>Books and Symposium Issues (editor):<\/strong><\/span><br \/>\n<strong>English:<\/strong><\/p>\n<ul>\n<li><a title=\"\u2022 Football Economics. Proceedings of the Armand Carab\u00e9n Workshop on Sports Economics\" href=\"http:\/\/www.ieseinsight.com\/busquedaResultados.aspx?&amp;buscador=2&amp;keywords=&amp;autores=&amp;titulo=Football%20economics&amp;referencia=&amp;fPublicacionMesInf=&amp;fPublicacionAnyoInf=&amp;fPublicacionMesSup=&amp;fPublicacionAnyoSup=&amp;idiomaB=&amp;idiomaBT=&amp;area=&amp;tipo=&amp;tipoT=&amp;deps=&amp;publicadoPor=&amp;catedra=\">Football Economics. Proceedings of the Armand Carab\u00e9n Workshop on Sports Economics <\/a>(with Jordi Gal\u00ed), Reports <em>of the Public-Private Sector Research Center<\/em>, 2010, pp. 155.<\/li>\n<li><a title=\"\u2022 Social Networks and Peer Effects: Theory and Applications, in Memory of Antoni Calv\u00f3-Armengo\" href=\"http:\/\/onlinelibrary.wiley.com\/doi\/10.1111\/j.1542-4774.2010.tb00492.x\/abstract\">Social Networks and Peer Effects: Theory and Applications<\/a>, in Memory of Antoni Calv\u00f3-Armengol (coeditor with Matthew O. Jackson), <em>Journal of the European Economic Association<\/em>, 2010.<\/li>\n<li><a title=\"\u2022 Competition Policy in the EU. Fifty Years on from the Treaty of Rome\" href=\"http:\/\/global.oup.com\/academic\/product\/competition-policy-in-the-eu-9780199566358?cc=es&amp;lang=en&amp;\"><em>Competition Policy in the EU. Fifty Years on from the Treaty of Rome<\/em><\/a>, Oxford<br \/>\nUniversity Press 2009 (<a href=\"http:\/\/www.oup.com\/us\/catalog\/general\/subject\/Economics\/Political\/?view=usa&amp;ci=9780199566358\">website<\/a>).<\/li>\n<li><a title=\"\u2022 Complementarities and Information, Symposium issue\" href=\"http:\/\/onlinelibrary.wiley.com\/doi\/10.1162\/JEEA.2009.7.1.1\/abstract\">Complementarities and Information, Symposium issue<\/a>, (coeditor with Douglas Gale), <em>Journal of the European Economic Association<\/em>, 2009.<\/li>\n<li><a title=\"\u2022 Corporate Governance; Theoretical and Empirical Perspectives \" href=\"http:\/\/www.cambridge.org\/cl\/academic\/subjects\/economics\/industrial-economics\/corporate-governance-theoretical-and-empirical-perspectives\"><em>Corporate Governance; Theoretical and Empirical Perspectives<\/em> <\/a>(editor), Cambridge University Press, Cambridge, 2000.<\/li>\n<li><a title=\"\u2022 Financial Intermediation, Symposium issue\" href=\"http:\/\/www.sciencedirect.com\/science\/article\/pii\/001429219594027Q\">Financial Intermediation, Symposium issue, <em>European Economic Review<\/em> <\/a>(coeditor with Fran\u00e7ois Bourguignon), 1995.<\/li>\n<li><a title=\"\u2022 Capital Markets and Financial Intermediation \" href=\"http:\/\/www.cambridge.org\/us\/academic\/subjects\/economics\/finance\/capital-markets-and-financial-intermediation\"><em>Capital Markets and Financial Intermediation<\/em><\/a> (coeditor with Colin Mayer), Cambridge University Press, Cambridge, 1993, pp. 357.<\/li>\n<\/ul>\n<p><strong>Spanish:<\/strong><\/p>\n<ul>\n<li><em>Pol\u00edticas p\u00fablicas y equilibrio territorial en el estado auton\u00f3mico<\/em> (with Angel de la Fuente), Bilbao: Fundaci\u00f3n FBBVA, 2003, pp. 253.<\/li>\n<li><em>Crecimiento y Convergencia Regional en Espa\u00f1a y Europa<\/em> (coeditor with Joan M\u00aa Esteban), IAE, 1994, Vol. I. pp. 244 and Vol. II pp. 558.<\/li>\n<li><em>Ensayos sobre el sector bancario espa\u00f1ol<\/em>, (with J. Gual), FEDEA, 1991, pp. 166.<\/li>\n<li><a title=\"\u2022 Concentraci\u00f3n empresarial y competitividad: Espa\u00f1a en la CE\" href=\"http:\/\/www.ieseinsight.com\/fichaMaterial.aspx?pk=3475&amp;idi=1&amp;origen=1&amp;idioma=1\"><em>Concentraci\u00f3n empresarial y competitividad: Espa\u00f1a en la CE<\/em>,<\/a> (editor) ARIEL, 1990.<\/li>\n<\/ul>\n<p><strong>Catalan:<\/strong><\/p>\n<ul>\n<li><a title=\"\u2022 Globalitzaci\u00f3 i localitzaci\u00f3 de l\u2019activitat econ\u00f2mica \" href=\"http:\/\/fdbdrep.gencat.cat\/ConsultaIea\/ws\/ieaweb\/novetat2\/T_CATALEG_AR\/RecordIEABIB;jsessionid=6F459219A5DEEFFC5E51C14FA9EE1E99?upp=0&amp;m=1&amp;w=NATIVE%28%27+CAT_AUTORS+ph+words+%27%27RUS+MENDOZA%2C+Gin%E9s+de%27%27+%27%29\"><em>Globalitzaci\u00f3 i localitzaci\u00f3 de l\u2019activitat econ\u00f2mica<\/em><\/a> (coeditor with Jordi Brandts), Institut Catal\u00e0 de Finances, 2000.<\/li>\n<li><em>El govern de l\u2019empresa<\/em> (editor), Institut Catal\u00e0 de Finances, 1998.<\/li>\n<\/ul>\n","protected":false},"excerpt":{"rendered":"<p>English: Competition and Stability in Banking. The Role of Regulation and Competition Policy, Princeton University Press 2016 (website). Six Banking Lectures:\u00a0\u00a0Outline 1 &#8211; Banking, fragility, and crises 2 &#8211; Market failures and regulation 3 &#8211; LOLR, bailouts and crisis resolution 4 &#8211; Competition in banking 5, 6 &#8211; Competition and financial stability &nbsp; Competition Policy [&hellip;]<\/p>\n","protected":false},"author":714,"featured_media":0,"parent":0,"menu_order":3,"comment_status":"open","ping_status":"closed","template":"","meta":{"footnotes":""},"class_list":["post-32","page","type-page","status-publish","hentry"],"aioseo_notices":[],"_links":{"self":[{"href":"https:\/\/blog.iese.edu\/xvives\/wp-json\/wp\/v2\/pages\/32","targetHints":{"allow":["GET"]}}],"collection":[{"href":"https:\/\/blog.iese.edu\/xvives\/wp-json\/wp\/v2\/pages"}],"about":[{"href":"https:\/\/blog.iese.edu\/xvives\/wp-json\/wp\/v2\/types\/page"}],"author":[{"embeddable":true,"href":"https:\/\/blog.iese.edu\/xvives\/wp-json\/wp\/v2\/users\/714"}],"replies":[{"embeddable":true,"href":"https:\/\/blog.iese.edu\/xvives\/wp-json\/wp\/v2\/comments?post=32"}],"version-history":[{"count":106,"href":"https:\/\/blog.iese.edu\/xvives\/wp-json\/wp\/v2\/pages\/32\/revisions"}],"predecessor-version":[{"id":3779,"href":"https:\/\/blog.iese.edu\/xvives\/wp-json\/wp\/v2\/pages\/32\/revisions\/3779"}],"wp:attachment":[{"href":"https:\/\/blog.iese.edu\/xvives\/wp-json\/wp\/v2\/media?parent=32"}],"curies":[{"name":"wp","href":"https:\/\/api.w.org\/{rel}","templated":true}]}}