{"id":37,"date":"2011-06-16T08:41:50","date_gmt":"2011-06-16T08:41:50","guid":{"rendered":"https:\/\/blog.iese.edu\/xvives\/?page_id=37"},"modified":"2020-02-06T17:09:12","modified_gmt":"2020-02-06T16:09:12","slug":"other-publications","status":"publish","type":"page","link":"https:\/\/blog.iese.edu\/xvives\/publications\/other-publications\/","title":{"rendered":"Other Publications"},"content":{"rendered":"<div>\n<ul>\n<li><a href=\"#eng\"><strong>Book Reviews, Short Articles, and Comments<\/strong><\/a><\/li>\n<li><a href=\"#spa\"><strong>Publications in Spanish<\/strong><\/a><\/li>\n<li><a href=\"#cat\"><strong>Publications in Catalan<\/strong><\/a><\/li>\n<\/ul>\n<\/div>\n<div>\n<p><strong><strong><a name=\"eng\"><\/a><\/strong><\/strong><\/p>\n<hr \/>\n<p><strong><a name=\"eng\"><\/a><\/strong><\/p>\n<\/div>\n<div><strong><a name=\"eng\"><\/a>Book Reviews, Short Articles, and Comments<\/strong><\/div>\n<div>\n<ul>\n<li>&#8220;<a href=\"https:\/\/www.competitionpolicyinternational.com\/institutional-investment-common-ownership-and-antitrust\/\">Institutional Investment, Common Ownership and Antitrust<\/a>&#8220;, Antitrust Chronicle, 2017, 1, 3, pp. 7-9.<\/li>\n<li><a href=\"https:\/\/blog.iese.edu\/xvives\/files\/2011\/09\/2.pdf\">Review of M. Dewatripont and J. Tirole, &#8220;The Prudential Regulation of Banks&#8221;<\/a> (Cambridge and London: MIT Press, 1994), <em>Journal of Economic Literature,<\/em> 34, September 1996, pp. 1365-1366.<\/li>\n<li><a href=\"https:\/\/blog.iese.edu\/xvives\/files\/2011\/09\/4.pdf\">Correspondence: &#8220;American and European Economists&#8221;<\/a>, <em>Journal of Economic Perspectives<\/em>, 9, 1, 1995, pp. 203-215.<\/li>\n<li>Discussion of &#8220;Speculative Behavior and the Functioning of Risk Markets&#8221;, by R. Shiller, <em>Moneda y Cr\u00e9dito<\/em>, 200, 1995, pp. 44-50.<\/li>\n<li>Discussion of &#8220;Capital Market Imperfections and Regional Economic Development&#8221; by B. Greenwald, A. Levinson, and J. Stiglitz, in <em>Finance and Development: Issues and Experiences<\/em>, A. Giovanini (ed.), Cambridge University Press, 1993, pp. 94-96.<\/li>\n<li><a href=\"https:\/\/blog.iese.edu\/xvives\/files\/2011\/09\/8.pdf\">Review of L. White, &#8220;The S&amp;L Debacle&#8221;<\/a>(Oxford University Press, Oxford, 1991), <em>International Journal of Industrial Organization<\/em>, 10, 1, 1992, pp. 139-140.<\/li>\n<\/ul>\n<\/div>\n<div>\n<p><strong><strong><a name=\"spa\"><\/a><\/strong><\/strong><\/p>\n<hr \/>\n<p><strong><a name=\"spa\"><\/a><\/strong><\/p>\n<\/div>\n<div>\n<p><strong><a name=\"spa\"><\/a>Publications in Spanish:<\/strong><\/p>\n<ul>\n<li><a href=\"https:\/\/blog.iese.edu\/xvives\/files\/2020\/02\/162art02FUNCAS.pdf\">&#8220;La banca frente a la disrupci\u00f3n digital\u201d<\/a>, <em>Papeles de Econom\u00eda Espa\u00f1ola<\/em>, 2019, 162, 2-13.<\/li>\n<li>\u201c<a href=\"https:\/\/blog.iese.edu\/xvives\/files\/2011\/06\/Juegos-con-complementariedades-estrat\u00e9gicas_-Aplicaciones-a-la-organizaci\u00f3n-industrial.pdf\">Juegos con complementariedades estrat\u00e9gicas: Aplicaciones a la organizaci\u00f3n industrial<\/a>\u201d, en <em>Econom\u00eda industrial: Teor\u00eda y M\u00e9todos de la Econom\u00eda Industrial<\/em> (monogr\u00e1fico), 2014, 393, 59-67.<\/li>\n<li>\u201c<a title=\"Globalizaci\u00f3n, Crisis, y Pol\u00edtica Industrial\" href=\"http:\/\/www.minetur.gob.es\/Publicaciones\/Publicacionesperiodicas\/EconomiaIndustrial\/RevistaEconomiaIndustrial\/387\/Xavier%20Vives.pdf\">Globalizaci\u00f3n, Crisis, y Pol\u00edtica Industrial<\/a>\u201d, <em>Econom\u00eda Industrial<\/em>, 2013, 387, 25-31.<\/li>\n<li>&#8220;<a href=\"https:\/\/blog.iese.edu\/xvives\/files\/2012\/01\/OP-196.pdf\">El Paradigma de la Competencia en el Sector Bancario despu\u00e9s de la Crisis<\/a>&#8220;, 2011, <em>Papeles de Econom\u00eda Espa\u00f1ola<\/em>, 2011, 130, 12-20.<\/li>\n<li>&#8220;<a href=\"http:\/\/www.alianzaeditorial.es\/libro.php?id=2838848&amp;id_col=100508&amp;id_subcol=100511\">La Industria Financiera Espa\u00f1ola en el Inicio del Siglo XXI: Situaci\u00f3n y Retos de Futuro<\/a>&#8220;, in <em>Un Siglo de Historia del Sistema Financiero Espa\u00f1ol<\/em>, J.L. Malo de Molina and P. Mart\u00edn Ace\u00f1a (eds.), Madrid: Banco de Espa\u00f1a, 2011, pp. 415-454.<\/li>\n<li>&#8220;<a href=\"https:\/\/blog.iese.edu\/xvives\/files\/2011\/09\/La-crisis-financiera-y-la-regulacion.pdf\" target=\"_blank\" rel=\"noopener noreferrer\">La Crisis Financiera y la Regulaci\u00f3n<\/a>&#8220;, in <em>La Crisis de 2008: de la Econom\u00eda a la Pol\u00edtica y M\u00e1s All\u00e1<\/em>, A. Costas (ed.), Almer\u00eda: Fundaci\u00f3n Cajamar, 2010, 77-92.<\/li>\n<li>&#8220;<a href=\"https:\/\/blog.iese.edu\/xvives\/files\/2011\/09\/Competencia-y-Estabilidad-en-la-Banca-Economia-Chilena.pdf\" target=\"_blank\" rel=\"noopener noreferrer\">Competencia y Estabilidad en la Banca<\/a>&#8220;, Econom\u00eda Chilena, 2010, 13, 2, 85-112.<\/li>\n<li>&#8220;<a href=\"https:\/\/blog.iese.edu\/xvives\/files\/2011\/09\/Politicas-energeticas-en-la-UE.pdf\" target=\"_blank\" rel=\"noopener noreferrer\">Pol\u00edticas Energ\u00e9ticas en la UE: Seguridad de Suministro, Medio Ambiente y Competencia<\/a>&#8220;, (with G. Federico), <em>Cuadernos Econ\u00f3micos de ICE<\/em>, 2010, 79, 117-137.<\/li>\n<li>&#8220;<a href=\"https:\/\/blog.iese.edu\/xvives\/files\/2012\/01\/L\u00f3pez-Vives.pdf\">Inversi\u00f3n en banda ancha: competencia en infraestructuras y competencia en servicios<\/a>&#8221; (with Angel L. L\u00f3pez), in <em>Espa\u00f1a 2007. Un Balance<\/em>, Colegio de Economistas de Madrid, 2008, pp. 258-265.<\/li>\n<li>&#8220;<a href=\"https:\/\/blog.iese.edu\/xvives\/files\/2012\/01\/XV-Regulaci\u00f3n-competencia-y-fusiones-en-Europa-_Nov-2007_.pdf\">Regulaci\u00f3n, Competencia y Fusiones en Europa<\/a>&#8220;, in <em>El Papel de las Instituciones P\u00fablicas en las Operaciones de Control Corporativo Nacionales y Transnacionales<\/em>, Papeles de la Fundaci\u00f3n no. 23, Madrid: Fundaci\u00f3n de Estudios Financieros, 2008, 148-159.<\/li>\n<li>&#8220;El Reto de la Competencia &#8220;, in <em>Energ\u00eda y Regulaci\u00f3n<\/em>, Madrid, Comisi\u00f3n Nacional de la Energ\u00eda, 2007, 103-112.<\/li>\n<li>&#8220;<a href=\"https:\/\/blog.iese.edu\/xvives\/files\/2012\/01\/Buen-gobierno-de-las-empresas-p\u00fablicas.pdf\">El Buen Gobierno de las Empresas P\u00fablicas<\/a>&#8220;, in <em>Libro Marr\u00f3n. La Administraci\u00f3n P\u00fablica<\/em> <em>que Espa\u00f1a necesita<\/em>, Madrid: C\u00edrculo de Empresarios, 2007, 363-376.<\/li>\n<li>&#8220;<a href=\"https:\/\/blog.iese.edu\/xvives\/files\/2012\/01\/OP-06-13-El-reto-de-la-competencia-en-el-sector-el\u00e9ctrico.pdf\">El reto de la competencia en el sector el\u00e9ctrico<\/a>&#8220;, in <em>Energ\u00eda: del monopolio al mercado. CNE, 10 a\u00f1os en perspectiva<\/em>, Madrid: Comisi\u00f3n Nacional de la Energ\u00eda, 2006, 223-246.<\/li>\n<li>&#8220;La Investigaci\u00f3n en Espa\u00f1a en las dos \u00faltimas d\u00e9cadas&#8221; in <em>Econom\u00eda y Economistas <\/em><em>Espa\u00f1oles<\/em>, E. Fuentes Quintana (ed.), Barcelona: C\u00edrculo de Lectores, 8, 2004, 993-1004.<\/li>\n<li>&#8220;<a href=\"https:\/\/blog.iese.edu\/xvives\/files\/2011\/09\/Competencia-regulacion-y-estabilidad-del-sistema-bancario.pdf\" target=\"_blank\" rel=\"noopener noreferrer\">Competencia, regulaci\u00f3n y estabilidad del sistema bancario<\/a>&#8220;, <em>Papeles de Econom\u00eda Espa\u00f1ola<\/em>, 94, 2002.<\/li>\n<li>&#8220;Globalizaci\u00f3n y localizaci\u00f3n econ\u00f3mica&#8221; in <em>Nuevas fronteras de la Pol\u00edtica Econ\u00f3mica<\/em>, 2000, T. Garc\u00eda Mila (ed.), CREI (UPF), 2001.<\/li>\n<li>&#8220;Microeconom\u00eda&#8221;, Instituto Valenciano de Investigaciones Econ\u00f3micas (IVIE), <em>X aniversario<\/em>, 2001.<\/li>\n<li>&#8220;Dimensi\u00f3n empresarial y competencia&#8221;, <em>Economistas<\/em>, 82, 1999, 14-19.<\/li>\n<li>&#8220;La defensa de la competencia en el sector bancario&#8221;, in <em>Anuario de la Competencia 1998<\/em>, Fundaci\u00f3n ICO, 1999, 71-82.<\/li>\n<li>&#8220;La supervisi\u00f3n bancaria en la Uni\u00f3n Monetaria europea&#8221;, in <em>El euro y sus repercusiones sobre la econom\u00eda espa\u00f1ola<\/em>, Fundaci\u00f3n BBV, 1999, 509-543.<\/li>\n<li>&#8220;Concentraci\u00f3n y competencia&#8221;, in <em>Anuario de la Competencia 1996<\/em>, Fundaci\u00f3n ICO, 1998, 71-85.<\/li>\n<li>&#8220;Estrategias Regionales ante la Uni\u00f3n Monetaria&#8221; in <em>Las Regiones Espa\u00f1olas ante la Uni\u00f3n Monetaria, Grandes cuestiones de la econom\u00eda<\/em>, 20, Fundaci\u00f3n Argentaria, 1998.<\/li>\n<li>&#8220;Informaci\u00f3n asim\u00e9trica y tr\u00e1fico de informaci\u00f3n privilegiada en los mercados financieros&#8221;, in <em>\u00c9tica en la actividad financiera<\/em>, Dom\u00e8nce Mel\u00e9 Carn\u00e9 (coord.), Ediciones Universidad de Navarra, 1998, 151-159.<\/li>\n<li>&#8220;El Nobel a los Incentivos&#8221;, <em>Economistas<\/em>, 73, 1996, pp. 160-161.<\/li>\n<li>&#8220;Econom\u00eda, ciencia y tecnolog\u00eda&#8221;, <em>Fronteras de la Ciencia y la Tecnolog\u00eda<\/em>, 9, 1995.<\/li>\n<li>Discussion of &#8220;El Tratamiento de los Problemas \u00c9ticos en las Instituciones y los Mercados Financieros&#8221; by Antonio Argando\u00f1a, in <em>La Dimensi\u00f3n \u00c9tica de las Instituciones y Mercados Financieros<\/em>, A. Argando\u00f1a (ed.), Fundaci\u00f3n BBV, 1995, pp. 51-57.<\/li>\n<li>&#8220;Desregulaci\u00f3n y reforma regulatoria en el sector bancario&#8221;, <em>Papeles de Econom\u00eda Espa\u00f1ola<\/em>, 58, 1994, 2-13.<\/li>\n<li>&#8220;La competencia en la perspectiva europea&#8221;, <em>Papeles de Econom\u00eda Espa\u00f1ola<\/em>, 57, 1993, 103-116.<\/li>\n<li>&#8220;El impacto de la integraci\u00f3n econ\u00f3mica europea en los sectores industriales espa\u00f1oles. An\u00e1lisis de sus determinantes&#8221; (with J. Gual and Llu\u00eds Torrens), in <em>La econom\u00eda espa\u00f1ola ante el Mercado \u00danico Europeo<\/em>, J. Vi\u00f1als (ed.), Alianza Editorial, 1992, 229-312.<\/li>\n<li>&#8220;Competencia estrat\u00e9gica y econom\u00eda industrial&#8221;, in <em>Invitaci\u00f3 a la Teoria Econ\u00f2mica<\/em>, R. Marimon and X. Calsamiglia (eds.), Editorial Ariel, 1991, 135-148.<\/li>\n<li>&#8220;La nueva competencia&#8221;, <em>Papeles de Econom\u00eda Espa\u00f1ola<\/em>, 44, 1990, 20-25.<\/li>\n<li>&#8220;Impacto del Mercado \u00danico en los sectores industriales espa\u00f1oles&#8221; (with J. Gual and X. Mart\u00ednez), <em>Hacienda P\u00fablica Espa\u00f1ola<\/em>, Monograf\u00edas I\/1990, 1990, 87-96.<\/li>\n<li>&#8220;Cournot, el problema del oligopolio y la teor\u00eda de juegos&#8221;, <em>Cuadernos Econ\u00f3micos de Informaci\u00f3n Comercial Espa\u00f1ola,<\/em> 40, 1988\/3, 217-228. (Translation of &#8220;Cournot and the Oligopoly Problem&#8221;, <em>European Economic Review<\/em>, 33, 1989, 503-514).<\/li>\n<li>&#8220;La industria espa\u00f1ola en el horizonte de 1992. Problemas y factores de competitividad&#8221;, <em>Hacienda P\u00fablica Espa\u00f1ola<\/em>, no.110-111, 1988, 49-68.<\/li>\n<li>&#8220;Fusiones empresariales y pol\u00edtica p\u00fablica en la perspectiva de 1992&#8221;, <em>Bolet\u00edn del C\u00edrculo <\/em><em>de Empresarios<\/em>, 44, 1988, 77-83.<\/li>\n<li>&#8220;Concentraci\u00f3n Bancaria y Competitividad&#8221;, <em>Papeles de Econom\u00eda Espa\u00f1ola<\/em>, 36, 1988, 62-76.<\/li>\n<li>&#8220;Econom\u00eda Industrial y Teor\u00eda de Juegos&#8221;, <em>Jornadas de Econom\u00eda Industrial<\/em>, 1988.<\/li>\n<li>&#8220;Concentraci\u00f3n Empresarial y Competitividad: Espa\u00f1a ante 1992&#8221;, <em>Econom\u00eda Industrial<\/em>, 257, Septiembre-Octubre 1987, 25-44.<\/li>\n<li>&#8220;La organizaci\u00f3n de las transacciones econ\u00f3micas y los l\u00edmites del mercado&#8221;, <em>Revista Espa\u00f1ola de Econom\u00eda<\/em>, 4, 2, 1987, 325-326.<\/li>\n<li>&#8220;Competencia Estrat\u00e9gica en la Teor\u00eda de la Organizaci\u00f3n Industrial&#8221;, <em>Revista Espa\u00f1ola de Econom\u00eda<\/em>, 3, 1986, 111-149.<\/li>\n<\/ul>\n<\/div>\n<div>\n<p><strong><strong><a name=\"cat\"><\/a><\/strong><\/strong><\/p>\n<hr \/>\n<p><strong><a name=\"cat\"><\/a><\/strong><\/p>\n<\/div>\n<div><strong><a name=\"cat\"><\/a>Publications in Catalan:<\/strong><\/div>\n<div>\n<ul>\n<li>&#8220;<a href=\"http:\/\/www.cambrabcn.org\/c\/document_library\/get_file?uuid=b458ea28-1ae3-4e35-a385-8edca56226ea&amp;groupId=1533402\">Cap a la Uni\u00f3 Banc\u00e0ria?<\/a>&#8220;, in <em>Mem\u00f2ria Econ\u00f2mica de Catalunya 2012,<\/em> Consell General de Cambres de Catalunya, 2013, 28-30.<\/li>\n<li>&#8220;<a href=\"https:\/\/blog.iese.edu\/xvives\/files\/2011\/09\/Barcelona-mirant-cap-al-futur-des-de-lEixample.pdf\" target=\"_blank\" rel=\"noopener noreferrer\">Barcelona, mirant cap al futur des de l&#8217;Eixample<\/a>&#8220;, in <em>L\u2019Agenda Cerd\u00e0. Construint la Barcelona Metropolitana<\/em>, Joan Fuster Sobrepere ed., Barcelona: Institut Cerd\u00e0 and Ajuntament de Barcelona, 2010.<\/li>\n<li>&#8220;<a href=\"https:\/\/blog.iese.edu\/xvives\/files\/2017\/11\/Vives-2009-Aportacions-a-la-Recerca-i-al-Debat-en-Economia-a-Catalunya.pdf\">La geografia econ\u00f2mica de la Uni\u00f3 Europea i el potencial de l&#8217;Euroregi\u00f3 Pirineus-Mediterr\u00e0nia<\/a>&#8220;, (with Ll. Torrens), in <em>Aportacions a la Recerca i al Debat en Economia a Catalunya<\/em>, Barcelona: Institut d&#8217;Estudis Catalans, 2009.<\/li>\n<li>&#8220;<a href=\"https:\/\/blog.iese.edu\/xvives\/files\/2011\/06\/Estrat\u00e8gies-\u00e0rees-metropolitanes.pdf\">Estrat\u00e8gies de les regions metropolitanes europees davant l\u2019ampliaci\u00f3 de la Uni\u00f3 Europea<\/a>&#8221; (with Llu\u00eds Torrens). Pl\u00e0 estrat\u00e8gic metropolit\u00e0 de Barcelona, 2004, pp. 125.<\/li>\n<li>\u201c<a href=\"https:\/\/blog.iese.edu\/xvives\/files\/2017\/11\/Glob-i-estr-de-futur.pdf\">Globalitzaci\u00f3 i estrat\u00e8gies de les regions metropolitanes europees. Els efectes de l\u2019ampliaci\u00f3 europea<\/a>\u201d,\u00a0<em>Pl\u00e0 estrat\u00e8gic metropolit\u00e0 de Barcelona<\/em>, 2004.<\/li>\n<li>&#8220;<a href=\"https:\/\/blog.iese.edu\/xvives\/files\/2011\/09\/Vives-Torrents-2004.pdf\">El posicionament de la Regi\u00f3 Metropolitana de Barcelona davant les regions europees<\/a>&#8220;, <em>Nota d\u2019Economia<\/em>, 79, 2004, 103-118.<\/li>\n<li>&#8220;<a href=\"http:\/\/empresa.gencat.cat\/web\/.content\/01_-_informacio_departamental\/01_-_departament\/publicacions\/industria\/papers_d_economia_industrial\/documents\/arxius\/doc_13914514_1.pdf\">Centres de decisi\u00f3 empresarial i activitat econ\u00f3mica: els efectes de la globalitzaci\u00f3<\/a>&#8220;, <em>Papers d\u2019Economia Industrial<\/em>, 17, Generalitat de Catalunya, 2002, 113.<\/li>\n<li>&#8220;<a href=\"https:\/\/blog.iese.edu\/xvives\/files\/2011\/09\/37.pdf\" target=\"_blank\" rel=\"noopener noreferrer\">Massa cr\u00edtica i complementarietat: claus de la nova economia<\/a>&#8220;, <em>Nota d\u2019Economia<\/em>, 69-70, 2001, 13-19.<\/li>\n<li>&#8220;<a href=\"https:\/\/blog.iese.edu\/xvives\/files\/2017\/11\/Vives-Nota-Econ-68.pdf\">Globalizaci\u00f3 i localizaci\u00f3 de l\u2019activitat econ\u00f2mica: Catalunya i la geografia del poder econ\u00f2mic<\/a>&#8220;, <em>Nota d\u2019Economia<\/em>, 68, 2000, 99-114.<\/li>\n<li>&#8220;<a href=\"https:\/\/blog.iese.edu\/xvives\/files\/2011\/09\/Vives-2000-Rev-Econ-Cat.pdf\" target=\"_blank\" rel=\"noopener noreferrer\">Notes sobre el govern de les caixes<\/a>&#8220;, in <em>Revista Econ\u00f2mica de Catalunya<\/em>, 40, 2000, 107-111.<\/li>\n<li>&#8220;<a title=\"La Regulaci\u00f3 dels Sectors Privatitzats\" href=\"e.edu\/xvives\/files\/2012\/02\/La-Regulaci\u00f3-dels-Sectors-Privatitzats.pdf\">La regulaci\u00f3 dels sectors privatitzats<\/a>&#8220;, Revista Econ\u00f2mica de Catalunya, 36, 1999, 85-93.<\/li>\n<li>&#8220;Mirrlees, Vickrey i els Incentius&#8221;, in <em>Anuari Societat Catalana d&#8217;Economia<\/em>, Institut d&#8217;Estudis Catalans, 14, 1997.<\/li>\n<li>&#8220;La Banca a Catalunya&#8221;, <em>Revista Econ\u00f2mica de Catalunya<\/em>, 25, 1994, 133-137.<\/li>\n<li>&#8220;Creixement i Converg\u00e8ncia Regional a Espanya i Europa&#8221; (with Joan M. Esteban), in <em>Anuari Societat Catalana d&#8217;Economia<\/em>, 13, 1996, 9-21.<\/li>\n<li>&#8220;Les Entitats Financeres a Catalunya&#8221; (with Ramon Caminal and Llu\u00eds Torrens), in<em>L&#8217;Economia de Catalunya davant del canvi de segle<\/em>, Generalitat de Catalunya-BBV, 1994.<\/li>\n<li>&#8220;L&#8217;economia industrial avui&#8221;, Rev<em>ista Economica de Catalunya<\/em>, 1991.<\/li>\n<\/ul>\n<\/div>\n","protected":false},"excerpt":{"rendered":"<p>Book Reviews, Short Articles, and Comments Publications in Spanish Publications in Catalan Book Reviews, Short Articles, and Comments &#8220;Institutional Investment, Common Ownership and Antitrust&#8220;, Antitrust Chronicle, 2017, 1, 3, pp. 7-9. Review of M. Dewatripont and J. Tirole, &#8220;The Prudential Regulation of Banks&#8221; (Cambridge and London: MIT Press, 1994), Journal of Economic Literature, 34, September [&hellip;]<\/p>\n","protected":false},"author":714,"featured_media":0,"parent":2,"menu_order":7,"comment_status":"open","ping_status":"open","template":"","meta":{"footnotes":""},"class_list":["post-37","page","type-page","status-publish","hentry"],"aioseo_notices":[],"_links":{"self":[{"href":"https:\/\/blog.iese.edu\/xvives\/wp-json\/wp\/v2\/pages\/37","targetHints":{"allow":["GET"]}}],"collection":[{"href":"https:\/\/blog.iese.edu\/xvives\/wp-json\/wp\/v2\/pages"}],"about":[{"href":"https:\/\/blog.iese.edu\/xvives\/wp-json\/wp\/v2\/types\/page"}],"author":[{"embeddable":true,"href":"https:\/\/blog.iese.edu\/xvives\/wp-json\/wp\/v2\/users\/714"}],"replies":[{"embeddable":true,"href":"https:\/\/blog.iese.edu\/xvives\/wp-json\/wp\/v2\/comments?post=37"}],"version-history":[{"count":63,"href":"https:\/\/blog.iese.edu\/xvives\/wp-json\/wp\/v2\/pages\/37\/revisions"}],"predecessor-version":[{"id":3056,"href":"https:\/\/blog.iese.edu\/xvives\/wp-json\/wp\/v2\/pages\/37\/revisions\/3056"}],"up":[{"embeddable":true,"href":"https:\/\/blog.iese.edu\/xvives\/wp-json\/wp\/v2\/pages\/2"}],"wp:attachment":[{"href":"https:\/\/blog.iese.edu\/xvives\/wp-json\/wp\/v2\/media?parent=37"}],"curies":[{"name":"wp","href":"https:\/\/api.w.org\/{rel}","templated":true}]}}