{"id":71,"date":"2011-06-16T10:02:28","date_gmt":"2011-06-16T10:02:28","guid":{"rendered":"https:\/\/blog.iese.edu\/xvives\/?page_id=71"},"modified":"2024-07-03T08:50:01","modified_gmt":"2024-07-03T07:50:01","slug":"publications-by-topic-spanish","status":"publish","type":"page","link":"https:\/\/blog.iese.edu\/xvives\/publications-by-topics\/publications-by-topic-spanish\/","title":{"rendered":"Publications by topic in Spanish"},"content":{"rendered":"<table class=\"pagTexto\" border=\"0\" width=\"100%\" cellspacing=\"5\" cellpadding=\"0\">\n<tbody>\n<tr>\n<td><\/td>\n<\/tr>\n<tr>\n<td><\/td>\n<td><\/td>\n<\/tr>\n<tr>\n<td><\/td>\n<td class=\"pagTitulo\"><strong>Banca y finanzas: <\/strong><\/td>\n<\/tr>\n<tr>\n<td><\/td>\n<td>\n<ul>\n<li><a href=\"http:\/\/dialnet.unirioja.es\/servlet\/articulo?codigo=64676\" target=\"_blank\" rel=\"noopener noreferrer\">&#8220;La nueva competencia&#8221;<\/a>, <em>Papeles de Econom\u00eda Espa\u00f1ola<\/em>, 1990, 44, 20-25.<\/li>\n<li>&#8220;<a title=\"Ensayos sobre el sector bancario espa\u00f1ol\" href=\"http:\/\/www.econbiz.de\/Record\/ensayos-sobre-el-sector-bancario-espa%C3%B1ol-gual-sol%C3%A9-jordi\/10000838496\" target=\"_blank\" rel=\"noopener noreferrer\">Ensayos sobre el sector bancario espa\u00f1ol<\/a>&#8221; (con J. Gual), FEDEA, 1991.<\/li>\n<li>&#8220;<a title=\"Desregulaci\u00f3n y reforma regulatoria en el sector bancario\" href=\"http:\/\/www.econbiz.de\/Record\/desregulaci%C3%B3n-y-reforma-regulatoria-en-el-sector-bancario-vives-torrents-xavier\/10009939671\" target=\"_blank\" rel=\"noopener noreferrer\">Desregulaci\u00f3n y reforma regulatoria en el sector bancario<\/a>&#8220;, <em>Papeles de Econom\u00eda Espa\u00f1ola<\/em>, 1994, 58, 2-13.<\/li>\n<li>Comentario sobre &#8220;El Tratamiento de los Problemas \u00c9ticos en las Instituciones y los Mercados Financieros&#8221; de Antonio Argando\u00f1a, en La Dimensi\u00f3n \u00c9tica de las Instituciones y Mercados Financieros, A. Argando\u00f1a (Ed.), Fundaci\u00f3n BBV, 1995, 51-57.<\/li>\n<li>Comentario sobre &#8220;Speculative Behavior and the Functioning of Risk Markets&#8221; de. R. Shiller, Moneda y Cr\u00e9dito, 1995.<\/li>\n<li><a href=\"https:\/\/books.google.es\/books?id=UApmAAAACAAJ&amp;dq=%C3%89tica+en+la+actividad+financiera&amp;hl=es&amp;sa=X&amp;ei=BR9wVcCbEIrlUtzTgZgK&amp;ved=0CDgQ6AEwAg\" target=\"_blank\" rel=\"noopener noreferrer\">&#8220;Informaci\u00f3n asim\u00e9trica y tr\u00e1fico de informaci\u00f3n privilegiada en los mercados financieros&#8221;<\/a>, en <em>\u00c9tica en la actividad financiera<\/em>, Dom\u00e8nce Mel\u00e9 Carn\u00e9 (coordinator), Ediciones Universidad de Navarra, 1998, 151-159.<\/li>\n<li>&#8220;La supervisi\u00f3n bancaria en la Uni\u00f3n Monetaria europea&#8221;, en <em>El euro y sus repercusiones sobre la econom\u00eda espa\u00f1ola<\/em>, Fundaci\u00f3n BBV, 1999, 509-543.<\/li>\n<li><a href=\"http:\/\/dialnet.unirioja.es\/servlet\/articulo?codigo=275665\" target=\"_blank\" rel=\"noopener noreferrer\">&#8220;Competencia, regulaci\u00f3n y estabilidad del sistema bancario&#8221;<\/a>, <em>Papeles de Econom\u00eda Espa\u00f1ola<\/em>, 2002, 94.<\/li>\n<li><a href=\"http:\/\/www.bcentral.cl\/estudios\/revista-economia\/2010\/ago\/v13n2ago2010.htm\" target=\"_blank\" rel=\"noopener noreferrer\">&#8220;Competencia y Estabilidad en la Banca&#8221;<\/a>,\u00a0<em>Econom\u00eda Chilena<\/em>, 2010, 13, 2, 85-112.<\/li>\n<li><a href=\"http:\/\/www.publicacionescajamar.es\/publicaciones-periodicas\/mediterraneo-economico\/mediterraneo-economico-18-la-crisis-de-2008-de-la-economia-a-la-politica-y-mas-alla\/\" target=\"_blank\" rel=\"noopener noreferrer\">&#8220;La Crisis Financiera y la Regulaci\u00f3n&#8221;<\/a>, in <em>La Crisis de 2008: de la Econom\u00eda a la Pol\u00edtica y M\u00e1s All\u00e1<\/em>, A. Costas (ed.), Almer\u00eda: Fundaci\u00f3n Cajamar, 2010, 77-92.<\/li>\n<li><a href=\"https:\/\/blog.iese.edu\/xvives\/files\/2020\/02\/162art02FUNCAS.pdf\">&#8220;La banca frente a la disrupci\u00f3n digital\u201d<\/a>, <em>Papeles de Econom\u00eda Espa\u00f1ola<\/em>, 2019, 162, 2-13.<\/li>\n<\/ul>\n<\/td>\n<\/tr>\n<tr>\n<td><\/td>\n<td class=\"pagTitulo\"><strong>Defensa de la competencia y regulaci\u00f3n: <\/strong><\/td>\n<\/tr>\n<tr>\n<td><\/td>\n<td>\n<ul>\n<li><a href=\"https:\/\/blog.iese.edu\/xvives\/files\/2024\/03\/DT-Fedea.pdf\">&#8220;La Competencia en los Mercados Digitales&#8221;<\/a>, 2024, FEDEA Documento de Trabajo 2024\/01.<\/li>\n<li>&#8220;<a title=\"Concentraci\u00f3n Empresarial y Competitividad: Espa\u00f1a ante 1992\" href=\"http:\/\/www.ieseinsight.com\/fichaMaterial.aspx?pk=3475&amp;idi=1&amp;origen=1&amp;idioma=1\" target=\"_blank\" rel=\"noopener noreferrer\">Concentraci\u00f3n Empresarial y Competitividad: Espa\u00f1a ante 1992<\/a>&#8220;, <em>Econom\u00eda Industrial<\/em>, 257, Septiembre-Octubre 1987, 25-44.<\/li>\n<li><a href=\"http:\/\/dialnet.unirioja.es\/servlet\/articulo?codigo=64486\" target=\"_blank\" rel=\"noopener noreferrer\">&#8220;Concentraci\u00f3n Bancaria y Competitividad&#8221;<\/a>, <em>Papeles de Econom\u00eda Espa\u00f1ola<\/em>, 36,1988.<\/li>\n<li><a href=\"http:\/\/circulodeempresarios.org\/es\/publicaciones\/otras-publicaciones\/boletin-no-44-los-efectos-positivos-de-una-convulsion-social\" target=\"_blank\" rel=\"noopener noreferrer\">&#8220;Fusiones empresariales y pol\u00edtica p\u00fablica en la perspectiva de 1992&#8221;<\/a>, <em>Bolet\u00edn del C\u00edrculo <\/em><em>de Empresarios<\/em>, 44, 1988,77-83.<\/li>\n<li><a href=\"http:\/\/dialnet.unirioja.es\/servlet\/articulo?codigo=64970\" target=\"_blank\" rel=\"noopener noreferrer\">&#8220;La competencia en la perspectiva europea&#8221;<\/a>, <em>Papeles de Econom\u00eda Espa\u00f1ola<\/em>, 57, 1993, 103-116.<\/li>\n<li><a href=\"http:\/\/www.cne.es\/cgi-bin\/BRSCGI.EXE?CMD=VERDOC&amp;BASE=DOEX&amp;docr=11&amp;SORT=-FECH&amp;RNG=20&amp;SEPARADOR=&amp;desc-c=%20TRIBUNAL%20DE%20DEFENSA%20DE%20LA%20COMPETENCIA&amp;\" target=\"_blank\" rel=\"noopener noreferrer\">&#8220;Concentraci\u00f3n y competencia&#8221;<\/a>, en <em>Anuario de la Competencia 1996<\/em> , Fundaci\u00f3n ICO, 1998, 71-85.<\/li>\n<li><a href=\"http:\/\/www.cne.es\/cgi-bin\/BRSCGI.exe?CMD=VERDOC&amp;BASE=DOEX&amp;DOCR=9&amp;SORT=-FECH&amp;RNG=20&amp;SEPARADOR=&amp;&amp;desc-c=+JURISPRUDENCIA\" target=\"_blank\" rel=\"noopener noreferrer\">&#8220;La defensa de la competencia en el sector bancario&#8221;<\/a>, en <em>Anuario de la Competencia 1998<\/em>, Fundaci\u00f3n ICO, 1999, 71-82.<\/li>\n<li>&#8220;<a href=\"http:\/\/www.cne.es\/cgi-bin\/BRSCGI.EXE?CMD=VERDOC&amp;BASE=TODO&amp;DOCR=7&amp;SORT=-FECH&amp;RNG=20&amp;SEPARADOR=&amp;&amp;desc-c=+DIMENSIONES+EMPRESA\" target=\"_blank\" rel=\"noopener noreferrer\">Dimensi\u00f3n empresarial y competencia<\/a>&#8220;, <em>Economistas<\/em>, 82, 1999, 14-19.<\/li>\n<li>&#8220;Econom\u00eda, ciencia y tecnolog\u00eda&#8221;, <em>Fronteras de la Ciencia y la Tecnolog\u00eda<\/em>, 9, 1995.<\/li>\n<li><a href=\"http:\/\/dialnet.unirioja.es\/servlet\/articulo?codigo=1161133\" target=\"_blank\" rel=\"noopener noreferrer\">&#8220;La Investigaci\u00f3n en Espa\u00f1a en las dos \u00faltimas d\u00e9cadas&#8221;<\/a> en <em>Econom\u00eda y Economistas Espa\u00f1oles<\/em>, E. Fuentes Quintana (ed.), 1999.<\/li>\n<li>&#8220;Microeconom\u00eda&#8221;, IVIE, 10 aniversario, 2001<\/li>\n<li><a title=\"\u2022 \u201cPrivate Information, Strategic Behavior, and Efficiency in Cournot markets\u201d\" href=\"http:\/\/www.jstor.org\/stable\/10.2307\/3087462?Search=yes&amp;resultItemClick=true&amp;searchText=Private&amp;searchText=Information,&amp;searchText=Strategic&amp;searchText=Behavior,&amp;searchText=and&amp;searchText=Efficiency&amp;searchText=in&amp;searchText=Cournot&amp;searchText=markets&amp;searchUri=%2Faction%2FdoBasicSearch%3FQuery%3DPrivate%2BInformation%252C%2BStrategic%2BBehavior%252C%2Band%2BEfficiency%2Bin%2BCournot%2Bmarkets%26amp%3Bacc%3Don%26amp%3Bwc%3Don%26amp%3Bfc%3Doff\" target=\"_blank\" rel=\"noopener noreferrer\">&#8220;<\/a><a href=\"http:\/\/www.lajuridica.es\/ENERGIA--DEL-MONOPOLIO-AL-MERCADO-CNE-DIEZ-ANOS-EN-PERSPECTIVA-8447025403\" target=\"_blank\" rel=\"noopener noreferrer\">El reto de la competencia en el sector el\u00e9ctrico<\/a><a title=\"\u2022 \u201cPrivate Information, Strategic Behavior, and Efficiency in Cournot markets\u201d\" href=\"http:\/\/www.jstor.org\/stable\/10.2307\/3087462?Search=yes&amp;resultItemClick=true&amp;searchText=Private&amp;searchText=Information,&amp;searchText=Strategic&amp;searchText=Behavior,&amp;searchText=and&amp;searchText=Efficiency&amp;searchText=in&amp;searchText=Cournot&amp;searchText=markets&amp;searchUri=%2Faction%2FdoBasicSearch%3FQuery%3DPrivate%2BInformation%252C%2BStrategic%2BBehavior%252C%2Band%2BEfficiency%2Bin%2BCournot%2Bmarkets%26amp%3Bacc%3Don%26amp%3Bwc%3Don%26amp%3Bfc%3Doff\" target=\"_blank\" rel=\"noopener noreferrer\">&#8220;<\/a>, en <em>Energ\u00eda: del monopolio al mercado.\u00a0CNE, 10 a\u00f1os en perspectiva<\/em>, Madrid: Comisi\u00f3n Nacional de la Energ\u00eda, 2006, 223-246.<\/li>\n<li>&#8220;El reto de la Competencia&#8221;, in <em>Energ\u00eda y Regulaci\u00f3n<\/em>, Madrid, Comisi\u00f3n Nacional de la Energ\u00eda, 2007, 103-112.<\/li>\n<li><a title=\"\u2022 \u201cPrivate Information, Strategic Behavior, and Efficiency in Cournot markets\u201d\" href=\"http:\/\/www.jstor.org\/stable\/10.2307\/3087462?Search=yes&amp;resultItemClick=true&amp;searchText=Private&amp;searchText=Information,&amp;searchText=Strategic&amp;searchText=Behavior,&amp;searchText=and&amp;searchText=Efficiency&amp;searchText=in&amp;searchText=Cournot&amp;searchText=markets&amp;searchUri=%2Faction%2FdoBasicSearch%3FQuery%3DPrivate%2BInformation%252C%2BStrategic%2BBehavior%252C%2Band%2BEfficiency%2Bin%2BCournot%2Bmarkets%26amp%3Bacc%3Don%26amp%3Bwc%3Don%26amp%3Bfc%3Doff\" target=\"_blank\" rel=\"noopener noreferrer\">&#8220;<\/a><a href=\"http:\/\/www.begv.gva.es\/gavina\/index.html?URL=http:\/\/www.begv.gva.es\/GAVINACGI\/BASIS\/TLPPRES\/WWW\/CAT2\/DDW?W%3DSUBJ_OPAC+EQ+%22instituci%F3n+p%FAblica%22+ORDER+BY+EVERY+YEAR\/D%26M%3D10%26K%3D41963%26R%3DY%26U%3D1\" target=\"_blank\" rel=\"noopener noreferrer\">Regulaci\u00f3n, Competencia y Fusiones en Europa<\/a><a title=\"\u2022 \u201cPrivate Information, Strategic Behavior, and Efficiency in Cournot markets\u201d\" href=\"http:\/\/www.jstor.org\/stable\/10.2307\/3087462?Search=yes&amp;resultItemClick=true&amp;searchText=Private&amp;searchText=Information,&amp;searchText=Strategic&amp;searchText=Behavior,&amp;searchText=and&amp;searchText=Efficiency&amp;searchText=in&amp;searchText=Cournot&amp;searchText=markets&amp;searchUri=%2Faction%2FdoBasicSearch%3FQuery%3DPrivate%2BInformation%252C%2BStrategic%2BBehavior%252C%2Band%2BEfficiency%2Bin%2BCournot%2Bmarkets%26amp%3Bacc%3Don%26amp%3Bwc%3Don%26amp%3Bfc%3Doff\" target=\"_blank\" rel=\"noopener noreferrer\">&#8220;<\/a>, en <em>El Papel de las Instituciones P\u00fablicas en las Operaciones de Control Corporativo Nacionales y Transnacionales<\/em>, Papeles de la Fundaci\u00f3n no. 23, Madrid: Fundaci\u00f3n de Estudios Financieros, 2008, 148-159.<\/li>\n<li><a title=\"\u2022 \u201cPrivate Information, Strategic Behavior, and Efficiency in Cournot markets\u201d\" href=\"http:\/\/www.jstor.org\/stable\/10.2307\/3087462?Search=yes&amp;resultItemClick=true&amp;searchText=Private&amp;searchText=Information,&amp;searchText=Strategic&amp;searchText=Behavior,&amp;searchText=and&amp;searchText=Efficiency&amp;searchText=in&amp;searchText=Cournot&amp;searchText=markets&amp;searchUri=%2Faction%2FdoBasicSearch%3FQuery%3DPrivate%2BInformation%252C%2BStrategic%2BBehavior%252C%2Band%2BEfficiency%2Bin%2BCournot%2Bmarkets%26amp%3Bacc%3Don%26amp%3Bwc%3Don%26amp%3Bfc%3Doff\" target=\"_blank\" rel=\"noopener noreferrer\">&#8220;<\/a><a href=\"http:\/\/www.colegioeconomistasmadrid.com\/ceMadridV1\/info\/cem\/revista\/116.htm\" target=\"_blank\" rel=\"noopener noreferrer\">Inversi\u00f3n en banda ancha: competencia en infraestrucuras y competencia en servicios<\/a><a title=\"\u2022 \u201cPrivate Information, Strategic Behavior, and Efficiency in Cournot markets\u201d\" href=\"http:\/\/www.jstor.org\/stable\/10.2307\/3087462?Search=yes&amp;resultItemClick=true&amp;searchText=Private&amp;searchText=Information,&amp;searchText=Strategic&amp;searchText=Behavior,&amp;searchText=and&amp;searchText=Efficiency&amp;searchText=in&amp;searchText=Cournot&amp;searchText=markets&amp;searchUri=%2Faction%2FdoBasicSearch%3FQuery%3DPrivate%2BInformation%252C%2BStrategic%2BBehavior%252C%2Band%2BEfficiency%2Bin%2BCournot%2Bmarkets%26amp%3Bacc%3Don%26amp%3Bwc%3Don%26amp%3Bfc%3Doff\" target=\"_blank\" rel=\"noopener noreferrer\">&#8220;<\/a>\u00a0(with Angel L. L\u00f3pez), en <em>Espa\u00f1a 2007. Un balance<\/em>, Colegio de Economistas de Madrid, 2008, 258-265.<\/li>\n<li><a title=\"\u2022 \u201cPrivate Information, Strategic Behavior, and Efficiency in Cournot markets\u201d\" href=\"http:\/\/www.jstor.org\/stable\/10.2307\/3087462?Search=yes&amp;resultItemClick=true&amp;searchText=Private&amp;searchText=Information,&amp;searchText=Strategic&amp;searchText=Behavior,&amp;searchText=and&amp;searchText=Efficiency&amp;searchText=in&amp;searchText=Cournot&amp;searchText=markets&amp;searchUri=%2Faction%2FdoBasicSearch%3FQuery%3DPrivate%2BInformation%252C%2BStrategic%2BBehavior%252C%2Band%2BEfficiency%2Bin%2BCournot%2Bmarkets%26amp%3Bacc%3Don%26amp%3Bwc%3Don%26amp%3Bfc%3Doff\" target=\"_blank\" rel=\"noopener noreferrer\">&#8220;<\/a><a title=\"Pol\u00edticas Energ\u00e9ticas en la UE: Seguridad de Suministro, Medio Ambiente y Competencia\" href=\"http:\/\/cde.uv.es\/documentos\/bibliografia\/item\/8602-pol%C3%ADticas-energ%C3%A9ticas-en-la-ue-seguridad-de-suministro-medio-ambiente-y-competencia.html\" target=\"_blank\" rel=\"noopener noreferrer\">Pol\u00edticas Energ\u00e9ticas en la UE: Seguridad de Suministro, Medio Ambiente y Competencia<\/a><a title=\"\u2022 \u201cPrivate Information, Strategic Behavior, and Efficiency in Cournot markets\u201d\" href=\"http:\/\/www.jstor.org\/stable\/10.2307\/3087462?Search=yes&amp;resultItemClick=true&amp;searchText=Private&amp;searchText=Information,&amp;searchText=Strategic&amp;searchText=Behavior,&amp;searchText=and&amp;searchText=Efficiency&amp;searchText=in&amp;searchText=Cournot&amp;searchText=markets&amp;searchUri=%2Faction%2FdoBasicSearch%3FQuery%3DPrivate%2BInformation%252C%2BStrategic%2BBehavior%252C%2Band%2BEfficiency%2Bin%2BCournot%2Bmarkets%26amp%3Bacc%3Don%26amp%3Bwc%3Don%26amp%3Bfc%3Doff\" target=\"_blank\" rel=\"noopener noreferrer\">&#8220;<\/a>\u00a0(with G. Federico), <em>Cuadernos Econ\u00f3micos de ICE<\/em>, 2010, 79, 117-137.<\/li>\n<\/ul>\n<\/td>\n<\/tr>\n<tr>\n<td><\/td>\n<td class=\"pagTitulo\"><strong>Econom\u00eda Industrial (Espa\u00f1a):<br \/>\n<\/strong><\/td>\n<\/tr>\n<tr>\n<td><\/td>\n<td>\n<ul>\n<li>&#8220;La industria espa\u00f1ola en el horizonte de 1992&#8221;. <em>Problemas y factores de competitividad<\/em>, Hacienda P\u00fablica Espa\u00f1ola, 110\/111, 1988, 49-68.<\/li>\n<li><a href=\"http:\/\/bddoc.csic.es:8080\/detalles.html;jsessionid=CD42CDF7D150612E31FA1A628A75E317?id=143113&amp;bd=JURIDOC&amp;tabla=docu\" target=\"_blank\" rel=\"noopener noreferrer\">&#8220;Impacto del Mercado Unico en los sectores industriales espa\u00f1oles&#8221;<\/a> (con J. Gual y X. Mart\u00ednez), <em>Hacienda P\u00fablica Espa\u00f1ola, Monograf\u00edas<\/em> I\/1990, 1990, 87-96.<\/li>\n<li>&#8220;<a title=\"El impacto de la integraci\u00f3n econ\u00f3mica europea en los sectores industriales espa\u00f1oles. An\u00e1lisis de sus determinantes\" href=\"http:\/\/www.ieseinsight.com\/fichaMaterial.aspx?pk=3842&amp;idi=1&amp;origen=1&amp;idioma=1\" target=\"_blank\" rel=\"noopener noreferrer\">El impacto de la integraci\u00f3n econ\u00f3mica europea en los sectores industriales espa\u00f1oles. An\u00e1lisis de sus determinantes<\/a>&#8221; (con J. Gual y Llu\u00eds Torrens), en <em>La econom\u00eda espa\u00f1ola ante el Mercado \u00danico Europeo<\/em>, J. Vi\u00f1als editor, Alianza Editorial,1992, 229-312.<\/li>\n<\/ul>\n<\/td>\n<\/tr>\n<tr>\n<td><\/td>\n<td class=\"pagTitulo\"><strong><strong>Econom\u00eda Industrial (teor\u00eda):<\/strong><\/strong><\/td>\n<\/tr>\n<tr>\n<td><\/td>\n<td>\n<ul>\n<li>&#8220;<a href=\"http:\/\/bddoc.csic.es:8080\/detalles.html?id=99739&amp;bd=ECOSOC&amp;tabla=docu\" target=\"_blank\" rel=\"noopener noreferrer\">Competencia Estrat\u00e9gica en la Teor\u00eda de la Organizaci\u00f3n Industrial<\/a>&#8220;, <em>Revista Espa\u00f1ola de Econom\u00eda<\/em>, 3, 1986, 111-149.<\/li>\n<li>&#8220;<a href=\"http:\/\/bddoc.csic.es:8080\/detalles.html?id=113010&amp;bd=ECOSOC&amp;tabla=docu\" target=\"_blank\" rel=\"noopener noreferrer\">La organizaci\u00f3n de las transacciones econ\u00f3micas y los l\u00edmites del mercado<\/a>&#8220;, <em>Revista Espa\u00f1ola de Econom\u00eda<\/em>, 1987.<\/li>\n<li><a href=\"http:\/\/pendientedemigracion.ucm.es\/BUCM\/cee\/econhis\/W\/9812\/02101521_35.htm\" target=\"_blank\" rel=\"noopener noreferrer\">&#8220;Econom\u00eda Industrial y Teor\u00eda de Juegos&#8221;<\/a>, <em>Investigaciones Econ\u00f3micas<\/em>, 1988, 7-21.<\/li>\n<li><a href=\"http:\/\/www.revistasice.com\/CachePDF\/CICE_40___E750308B9DEFD9038194B6CFB6929CA7.pdf\" target=\"_blank\" rel=\"noopener noreferrer\">&#8220;Cournot, el problema del oligopolio y la teor\u00eda de juegos&#8221;<\/a>, en <em>Cuadernos Econ\u00f3micos de Informaci\u00f3n Comercial Espa\u00f1ola<\/em>, 40, 1988\/3, 217-228. (Traducci\u00f3n de &#8220;Cournot and the Oligopoly Problem&#8221;, European Economic Review, 33, 1989, 503-514)<\/li>\n<li><a href=\"http:\/\/www.casadellibro.com\/libro-invitacion-a-la-teoria-economica\/9788434420649\/110831\" target=\"_blank\" rel=\"noopener noreferrer\">&#8220;Competencia estrat\u00e9gica y econom\u00eda industrial&#8221;<\/a>, en R. Marimon y X. Calsamiglia (eds.) <em>Invitaci\u00f3 a la Teoria Econ\u00f2mica<\/em>, Editorial Ariel, 1991, 135-148.<\/li>\n<li>&#8220;<a href=\"http:\/\/dialnet.unirioja.es\/servlet\/articulo?codigo=93463\" target=\"_blank\" rel=\"noopener noreferrer\">El Nobel a los Incentivos<\/a>&#8220;, <em>Economistas<\/em>, 73, 1996, 160-161.<\/li>\n<li><a title=\"\u2022 \u201cPrivate Information, Strategic Behavior, and Efficiency in Cournot markets\u201d\" href=\"http:\/\/www.jstor.org\/stable\/10.2307\/3087462?Search=yes&amp;resultItemClick=true&amp;searchText=Private&amp;searchText=Information,&amp;searchText=Strategic&amp;searchText=Behavior,&amp;searchText=and&amp;searchText=Efficiency&amp;searchText=in&amp;searchText=Cournot&amp;searchText=markets&amp;searchUri=%2Faction%2FdoBasicSearch%3FQuery%3DPrivate%2BInformation%252C%2BStrategic%2BBehavior%252C%2Band%2BEfficiency%2Bin%2BCournot%2Bmarkets%26amp%3Bacc%3Don%26amp%3Bwc%3Don%26amp%3Bfc%3Doff\" target=\"_blank\" rel=\"noopener noreferrer\">&#8220;<\/a><a href=\"http:\/\/dialnet.unirioja.es\/ejemplar\/331795\" target=\"_blank\" rel=\"noopener noreferrer\">Globalizaci\u00f3n, Crisis, y Pol\u00edtica Industrial<\/a><a title=\"\u2022 \u201cPrivate Information, Strategic Behavior, and Efficiency in Cournot markets\u201d\" href=\"http:\/\/www.jstor.org\/stable\/10.2307\/3087462?Search=yes&amp;resultItemClick=true&amp;searchText=Private&amp;searchText=Information,&amp;searchText=Strategic&amp;searchText=Behavior,&amp;searchText=and&amp;searchText=Efficiency&amp;searchText=in&amp;searchText=Cournot&amp;searchText=markets&amp;searchUri=%2Faction%2FdoBasicSearch%3FQuery%3DPrivate%2BInformation%252C%2BStrategic%2BBehavior%252C%2Band%2BEfficiency%2Bin%2BCournot%2Bmarkets%26amp%3Bacc%3Don%26amp%3Bwc%3Don%26amp%3Bfc%3Doff\" target=\"_blank\" rel=\"noopener noreferrer\">&#8220;<\/a>, <em>Econom\u00eda Industrial<\/em>, 2013, 387, 25-31.<\/li>\n<\/ul>\n<\/td>\n<\/tr>\n<tr>\n<td><\/td>\n<td class=\"pagTitulo\"><strong><strong>Econom\u00eda regional:<\/strong><\/strong><\/td>\n<\/tr>\n<tr>\n<td><\/td>\n<td>\n<ul>\n<li>&#8220;<a title=\"Pol\u00edticas p\u00fablicas y equilibrio territorial en el estado auton\u00f3mico\" href=\"http:\/\/www.fbbva.es\/TLFU\/tlfu\/esp\/publicaciones\/libros\/fichalibro\/index.jsp?codigo=28\" target=\"_blank\" rel=\"noopener noreferrer\">Pol\u00edticas p\u00fablicas y equilibrio territorial en el estado auton\u00f3mico<\/a>&#8221; (con Angel de la Fuente, Bilbao: Fundaci\u00f3n FBBVA, 2003, pp.253.<\/li>\n<li>&#8220;Estrategias Regionales ante la Uni\u00f3n Monetaria en Las Regiones Espa\u00f1olas ante la Uni\u00f3n Monetaria&#8221;, en <em>Grandes cuestiones de la econom\u00eda<\/em>, Fundaci\u00f3n Argentaria, 20, 1998.<\/li>\n<li>&#8220;Crecimiento y Convergencia Regional en Espa\u00f1a y Europa&#8221; (codirector with Joan M\u00aa Esteban), <em>IAE<\/em>, 1994, Vol. I. pp. 244 and Vol. II pp. 558.<\/li>\n<li><a title=\"\u2022 \u201cPrivate Information, Strategic Behavior, and Efficiency in Cournot markets\u201d\" href=\"http:\/\/www.jstor.org\/stable\/10.2307\/3087462?Search=yes&amp;resultItemClick=true&amp;searchText=Private&amp;searchText=Information,&amp;searchText=Strategic&amp;searchText=Behavior,&amp;searchText=and&amp;searchText=Efficiency&amp;searchText=in&amp;searchText=Cournot&amp;searchText=markets&amp;searchUri=%2Faction%2FdoBasicSearch%3FQuery%3DPrivate%2BInformation%252C%2BStrategic%2BBehavior%252C%2Band%2BEfficiency%2Bin%2BCournot%2Bmarkets%26amp%3Bacc%3Don%26amp%3Bwc%3Don%26amp%3Bfc%3Doff\" target=\"_blank\" rel=\"noopener noreferrer\">&#8220;<\/a><a href=\"http:\/\/crei.cat\/research\/books\/books.html\" target=\"_blank\" rel=\"noopener noreferrer\">Globalizaci\u00f3n y localizaci\u00f3n econ\u00f3mica<\/a><a title=\"\u2022 \u201cPrivate Information, Strategic Behavior, and Efficiency in Cournot markets\u201d\" href=\"http:\/\/www.jstor.org\/stable\/10.2307\/3087462?Search=yes&amp;resultItemClick=true&amp;searchText=Private&amp;searchText=Information,&amp;searchText=Strategic&amp;searchText=Behavior,&amp;searchText=and&amp;searchText=Efficiency&amp;searchText=in&amp;searchText=Cournot&amp;searchText=markets&amp;searchUri=%2Faction%2FdoBasicSearch%3FQuery%3DPrivate%2BInformation%252C%2BStrategic%2BBehavior%252C%2Band%2BEfficiency%2Bin%2BCournot%2Bmarkets%26amp%3Bacc%3Don%26amp%3Bwc%3Don%26amp%3Bfc%3Doff\" target=\"_blank\" rel=\"noopener noreferrer\">&#8220;<\/a>\u00a0en <em>Nuevas fronteras de la Pol\u00edtica Econ\u00f3mica<\/em>, 2000, T. Garc\u00eda Mila (ed.), CREI (UPF), October 2001.<\/li>\n<\/ul>\n<\/td>\n<\/tr>\n<tr>\n<td><\/td>\n<td class=\"pagTitulo\"><strong><strong>Otros:<\/strong><\/strong><\/td>\n<\/tr>\n<tr>\n<td><\/td>\n<td>\n<ul>\n<li><a title=\"\u2022 \u201cPrivate Information, Strategic Behavior, and Efficiency in Cournot markets\u201d\" href=\"http:\/\/www.jstor.org\/stable\/10.2307\/3087462?Search=yes&amp;resultItemClick=true&amp;searchText=Private&amp;searchText=Information,&amp;searchText=Strategic&amp;searchText=Behavior,&amp;searchText=and&amp;searchText=Efficiency&amp;searchText=in&amp;searchText=Cournot&amp;searchText=markets&amp;searchUri=%2Faction%2FdoBasicSearch%3FQuery%3DPrivate%2BInformation%252C%2BStrategic%2BBehavior%252C%2Band%2BEfficiency%2Bin%2BCournot%2Bmarkets%26amp%3Bacc%3Don%26amp%3Bwc%3Don%26amp%3Bfc%3Doff\" target=\"_blank\" rel=\"noopener noreferrer\">&#8220;<\/a><a title=\"El buen gobierno de las empresas p\u00fablicas\" href=\"http:\/\/www.ieseinsight.com\/doc.aspx?id=663&amp;ar=5&amp;idioma=1\" target=\"_blank\" rel=\"noopener noreferrer\">El buen gobierno de las empresas p\u00fablicas<\/a><a title=\"\u2022 \u201cPrivate Information, Strategic Behavior, and Efficiency in Cournot markets\u201d\" href=\"http:\/\/www.jstor.org\/stable\/10.2307\/3087462?Search=yes&amp;resultItemClick=true&amp;searchText=Private&amp;searchText=Information,&amp;searchText=Strategic&amp;searchText=Behavior,&amp;searchText=and&amp;searchText=Efficiency&amp;searchText=in&amp;searchText=Cournot&amp;searchText=markets&amp;searchUri=%2Faction%2FdoBasicSearch%3FQuery%3DPrivate%2BInformation%252C%2BStrategic%2BBehavior%252C%2Band%2BEfficiency%2Bin%2BCournot%2Bmarkets%26amp%3Bacc%3Don%26amp%3Bwc%3Don%26amp%3Bfc%3Doff\" target=\"_blank\" rel=\"noopener noreferrer\">&#8220;<\/a>, en <em>Libro Marr\u00f3n. La Administraci\u00f3n P\u00fablica que Espa\u00f1a necesita<\/em>, Madrid: C\u00edrculo de Empresarios, 2007, 363-376.<\/li>\n<\/ul>\n<\/td>\n<\/tr>\n<tr>\n<td><\/td>\n<\/tr>\n<\/tbody>\n<\/table>\n","protected":false},"excerpt":{"rendered":"<p>Banca y finanzas: &#8220;La nueva competencia&#8221;, Papeles de Econom\u00eda Espa\u00f1ola, 1990, 44, 20-25. &#8220;Ensayos sobre el sector bancario espa\u00f1ol&#8221; (con J. Gual), FEDEA, 1991. &#8220;Desregulaci\u00f3n y reforma regulatoria en el sector bancario&#8220;, Papeles de Econom\u00eda Espa\u00f1ola, 1994, 58, 2-13. Comentario sobre &#8220;El Tratamiento de los Problemas \u00c9ticos en las Instituciones y los Mercados Financieros&#8221; de [&hellip;]<\/p>\n","protected":false},"author":714,"featured_media":0,"parent":67,"menu_order":2,"comment_status":"open","ping_status":"open","template":"","meta":{"footnotes":""},"class_list":["post-71","page","type-page","status-publish","hentry"],"aioseo_notices":[],"_links":{"self":[{"href":"https:\/\/blog.iese.edu\/xvives\/wp-json\/wp\/v2\/pages\/71","targetHints":{"allow":["GET"]}}],"collection":[{"href":"https:\/\/blog.iese.edu\/xvives\/wp-json\/wp\/v2\/pages"}],"about":[{"href":"https:\/\/blog.iese.edu\/xvives\/wp-json\/wp\/v2\/types\/page"}],"author":[{"embeddable":true,"href":"https:\/\/blog.iese.edu\/xvives\/wp-json\/wp\/v2\/users\/714"}],"replies":[{"embeddable":true,"href":"https:\/\/blog.iese.edu\/xvives\/wp-json\/wp\/v2\/comments?post=71"}],"version-history":[{"count":32,"href":"https:\/\/blog.iese.edu\/xvives\/wp-json\/wp\/v2\/pages\/71\/revisions"}],"predecessor-version":[{"id":4321,"href":"https:\/\/blog.iese.edu\/xvives\/wp-json\/wp\/v2\/pages\/71\/revisions\/4321"}],"up":[{"embeddable":true,"href":"https:\/\/blog.iese.edu\/xvives\/wp-json\/wp\/v2\/pages\/67"}],"wp:attachment":[{"href":"https:\/\/blog.iese.edu\/xvives\/wp-json\/wp\/v2\/media?parent=71"}],"curies":[{"name":"wp","href":"https:\/\/api.w.org\/{rel}","templated":true}]}}