{"id":74,"date":"2011-06-16T10:13:31","date_gmt":"2011-06-16T10:13:31","guid":{"rendered":"https:\/\/blog.iese.edu\/xvives\/?page_id=74"},"modified":"2022-12-19T11:52:39","modified_gmt":"2022-12-19T10:52:39","slug":"publications-by-topic-catalan","status":"publish","type":"page","link":"https:\/\/blog.iese.edu\/xvives\/publications-by-topics\/publications-by-topic-catalan\/","title":{"rendered":"Publications by topic in Catalan"},"content":{"rendered":"<table class=\"pagTexto\" border=\"0\" width=\"100%\" cellspacing=\"5\" cellpadding=\"0\">\n<tbody>\n<tr>\n<td><\/td>\n<\/tr>\n<tr>\n<td width=\"3%\"><\/td>\n<td width=\"97%\">\n<ul>\n<li><a href=\"http:\/\/www.coleconomistes.cat\/Canales\/Ficha.aspx?IdMenu=1e333773-ef9d-4d24-a878-86732e3a51dd&amp;Cod=a410e41d-0006-40e1-bb73-50de988c6cd4&amp;Idioma=ca-ES\" target=\"_blank\" rel=\"noopener noreferrer\">&#8220;L&#8217;economia industrial avui&#8221;<\/a>, <em>Revista Economica de Catalunya<\/em>, 1991.<\/li>\n<li>&#8220;<a title=\"Les Entitats Financeres a Catalunya\" href=\"http:\/\/www.amazon.es\/economia-catalana-davant-canvi-segle\/dp\/8439330952\" target=\"_blank\" rel=\"noopener noreferrer\">Les Entitats Financeres a Catalunya<\/a>&#8221; (amb Ramon Caminal &amp; Llu\u00eds Torrens), in <em>L&#8217; economia de Catalunya davant del canvi de segle<\/em>, Generalitat de Catalunya-BBV, 1994.<\/li>\n<li><a href=\"http:\/\/www.coleconomistes.cat\/Canales\/Ficha.aspx?IdMenu=1e333773-ef9d-4d24-a878-86732e3a51dd&amp;Cod=08655753-469b-4565-950c-cb071b24daf8&amp;Idioma=ca-ES\" target=\"_blank\" rel=\"noopener noreferrer\">&#8220;La Banca a Catalunya&#8221;<\/a>, <em>Revista Econ\u00f2mica de Catalunya<\/em>, 25, 1994, 133-137.<\/li>\n<li>&#8220;<a title=\"Creixement i Converg\u00e8ncia Regional a Espanya i Europa\" href=\"http:\/\/www.raco.cat\/index.php\/AnuariEconomia\/article\/view\/219830\" target=\"_blank\" rel=\"noopener noreferrer\">Creixement i Converg\u00e8ncia Regional a Espanya i Europa<\/a>&#8221; (amb Joan M\u00aa Esteban), <em>Anuari Societat Catalana d&#8217;Economia<\/em>, 13, 1996, 9-21.<\/li>\n<li><a href=\"http:\/\/www.raco.cat\/index.php\/AnuariEconomia\/issue\/view\/16472\/showToc\" target=\"_blank\" rel=\"noopener noreferrer\">&#8220;Mirrlees, Vickrey i els Incentius&#8221;<\/a>, <em>Anuari Societat Catalana d&#8217;Economia<\/em>, 14, Institut d&#8217;Estudis Catalans, 1997.<\/li>\n<li><a href=\"http:\/\/www.coleconomistes.cat\/Canales\/Ficha.aspx?IdMenu=1e333773-ef9d-4d24-a878-86732e3a51dd&amp;Cod=217eea1b-01a5-40f6-8f79-d145fe25a7cf&amp;Idioma=ca-ES\" target=\"_blank\" rel=\"noopener noreferrer\">&#8220;La regulaci\u00f3 dels sectors privatitzats&#8221;<\/a>, in <em>Revista Econ\u00f2mica de Catalunya<\/em>, 36, 1999, 85-93.<\/li>\n<li><a href=\"http:\/\/www.coleconomistes.cat\/Canales\/Ficha.aspx?IdMenu=1e333773-ef9d-4d24-a878-86732e3a51dd&amp;Cod=7514ad2e-fbbc-4691-945e-1685fa72c304&amp;Idioma=ca-ES\" target=\"_blank\" rel=\"noopener noreferrer\">&#8220;Notes sobre el govern de les caixes&#8221;<\/a>, in <em>Revista Econ\u00f2mica de Catalunya<\/em>, 40, 2000, 107-111.<\/li>\n<li>&#8220;<a href=\"https:\/\/blog.iese.edu\/xvives\/files\/2017\/11\/Vives-Nota-Econ-68.pdf\">Globalizaci\u00f3 i localizaci\u00f3 de l\u2019activitat econ\u00f2mica: Catalunya i la geografia del poder econ\u00f2mic<\/a>&#8220;, <em>Nota d\u2019Economia<\/em>, 68, 2000, 99-114.<\/li>\n<li>&#8220;<a href=\"https:\/\/blog.iese.edu\/xvives\/files\/2011\/09\/37.pdf\" target=\"_blank\" rel=\"noopener noreferrer\">Massa cr\u00edtica i complementarietat: claus de la nova economia<\/a>&#8220;, <em>Nota d\u2019Economia<\/em>, 69-70, 2001, 13-19.<\/li>\n<li>&#8220;<a href=\"http:\/\/empresa.gencat.cat\/web\/.content\/001-departament\/04-serveis\/01-publicacions\/Empresa_Industria\/papers_d_economia_industrial\/documents\/arxius\/doc_13914514_1.pdf\">Centres de decisi\u00f3 empresarial i activitat econ\u00f3mica: els efectes de la globalitzaci\u00f3&#8221;<\/a>, <em>Papers d\u2019Economia Industrial<\/em>, 17, Generalitat de Catalunya, 2002, 113.<\/li>\n<li>\u201c<a href=\"https:\/\/blog.iese.edu\/xvives\/files\/2017\/11\/Glob-i-estr-de-futur.pdf\">Globalitzaci\u00f3 i estrat\u00e8gies de les regions metropolitanes europees. Els efectes de l\u2019ampliaci\u00f3 europea<\/a>\u201d,\u00a0<em>Pl\u00e0 estrat\u00e8gic metropolit\u00e0 de Barcelona<\/em>, 2004.<\/li>\n<li>&#8220;<a href=\"https:\/\/blog.iese.edu\/xvives\/files\/2011\/09\/Vives-Torrents-2004.pdf\">El posicionament de la Regi\u00f3 Metropolitana de Barcelona davant les regions europees<\/a>&#8220;, <em>Nota d\u2019Economia<\/em>, 79, 2004, 103-118.<\/li>\n<li>&#8220;<a href=\"https:\/\/blog.iese.edu\/xvives\/files\/2017\/11\/Vives-2009-Aportacions-a-la-Recerca-i-al-Debat-en-Economia-a-Catalunya.pdf\">La geografia econ\u00f2mica de la Uni\u00f3 Europea i el potencial de l&#8217;Euroregi\u00f3 Pirineus-Mediterr\u00e0nia<\/a>&#8220;, (amb Ll. Torrens), in <em>Aportacions a la Recerca i al Debat en Economia a Catalunya<\/em>, Barcelona: Institut d&#8217;Estudis Catalans, 2009.<\/li>\n<li><a href=\"https:\/\/blog.iese.edu\/xvives\/files\/2011\/09\/Barcelona-mirant-cap-al-futur-des-de-lEixample.pdf\">&#8220;Barcelona, mirant cap al futur des de l&#8217;Eixample&#8221;<\/a>, in <em>L\u2019Agenda Cerd\u00e0. Construint la Barcelona Metropolitana<\/em>, Joan Fuster Sobrepere ed., Barcelona: Institut Cerd\u00e0 and Ajuntament de Barcelona, 2010.<\/li>\n<li>&#8220;<a href=\"http:\/\/www.cambrabcn.org\/c\/document_library\/get_file?uuid=b458ea28-1ae3-4e35-a385-8edca56226ea&amp;groupId=1533402\">Cap a la Uni\u00f3 Banc\u00e0ria?<\/a>&#8220;, in <em>Mem\u00f2ria Econ\u00f2mica de Catalunya 2012,<\/em> Consell General de Cambres de Catalunya, 2013, 28-30.<\/li>\n<li>&#8220;L\u2019Economia Catalana: Present i Esdevenidor\u201d (amb L. Torrens), in <em>Ra\u00f3 de Catalunya: La Societat Catalana del Segle XXI<\/em>, S. Giner y O. Homs (dirs.), Barcelona: Enciclopedia Catalana, 2016, 173-192.<\/li>\n<li>&#8220;<a href=\"https:\/\/raco.cat\/index.php\/RECAT\/article\/view\/389648\/483078\">Un nou paradigma per als mercats financers?<\/a>\u201d, in <em style=\"font-family: inherit;font-size: inherit\">Revista Econ\u00f2mica de Catalunya<\/em>, 75, 2017, 94-98.<\/li>\n<li>&#8220;<a href=\"https:\/\/www.amicsdelpais.com\/public\/docs\/879_n1_conferencia2021web.pdf\">La recuperaci\u00f3: Europa no \u00e9s suficient<\/a>\u201d, in <em>Societat Econ\u00f2mica Barcelonesa d\u2019Amics del Pa\u00eds<\/em>, Barcelona, 2021.<\/li>\n<li>\u201c<a href=\"https:\/\/raco.cat\/index.php\/RECAT\/article\/view\/388693\/482177\">Els fons europeus com a eina de reactivaci\u00f3 i transformaci\u00f3 de l\u2019economia catalana<\/a>\u201d, in <em style=\"font-family: inherit;font-size: inherit\">Revista Econ\u00f2mica de Catalunya,<\/em> 83, 2021, 32-37.<\/li>\n<li>\u201c<a href=\"https:\/\/blog.iese.edu\/xvives\/files\/2021\/10\/Estrat%C3%A8gies-RMB.pdf\">Les opcions estrat\u00e8giques de l\u2019RMB<\/a>\u201d, in <em>Documentaci\u00f3 Metr\u00f2poli Pr\u00f2spera<\/em>, Pla Estrat\u00e8gic Metropolit\u00e0 de Barcelona, 2021.<\/li>\n<\/ul>\n<\/td>\n<\/tr>\n<tr>\n<td><\/td>\n<\/tr>\n<\/tbody>\n<\/table>\n","protected":false},"excerpt":{"rendered":"<p>&#8220;L&#8217;economia industrial avui&#8221;, Revista Economica de Catalunya, 1991. &#8220;Les Entitats Financeres a Catalunya&#8221; (amb Ramon Caminal &amp; Llu\u00eds Torrens), in L&#8217; economia de Catalunya davant del canvi de segle, Generalitat de Catalunya-BBV, 1994. &#8220;La Banca a Catalunya&#8221;, Revista Econ\u00f2mica de Catalunya, 25, 1994, 133-137. &#8220;Creixement i Converg\u00e8ncia Regional a Espanya i Europa&#8221; (amb Joan M\u00aa [&hellip;]<\/p>\n","protected":false},"author":714,"featured_media":0,"parent":67,"menu_order":3,"comment_status":"open","ping_status":"open","template":"","meta":{"footnotes":""},"class_list":["post-74","page","type-page","status-publish","hentry"],"aioseo_notices":[],"_links":{"self":[{"href":"https:\/\/blog.iese.edu\/xvives\/wp-json\/wp\/v2\/pages\/74","targetHints":{"allow":["GET"]}}],"collection":[{"href":"https:\/\/blog.iese.edu\/xvives\/wp-json\/wp\/v2\/pages"}],"about":[{"href":"https:\/\/blog.iese.edu\/xvives\/wp-json\/wp\/v2\/types\/page"}],"author":[{"embeddable":true,"href":"https:\/\/blog.iese.edu\/xvives\/wp-json\/wp\/v2\/users\/714"}],"replies":[{"embeddable":true,"href":"https:\/\/blog.iese.edu\/xvives\/wp-json\/wp\/v2\/comments?post=74"}],"version-history":[{"count":33,"href":"https:\/\/blog.iese.edu\/xvives\/wp-json\/wp\/v2\/pages\/74\/revisions"}],"predecessor-version":[{"id":3940,"href":"https:\/\/blog.iese.edu\/xvives\/wp-json\/wp\/v2\/pages\/74\/revisions\/3940"}],"up":[{"embeddable":true,"href":"https:\/\/blog.iese.edu\/xvives\/wp-json\/wp\/v2\/pages\/67"}],"wp:attachment":[{"href":"https:\/\/blog.iese.edu\/xvives\/wp-json\/wp\/v2\/media?parent=74"}],"curies":[{"name":"wp","href":"https:\/\/api.w.org\/{rel}","templated":true}]}}