{"id":80,"date":"2011-06-27T09:33:46","date_gmt":"2011-06-27T09:33:46","guid":{"rendered":"https:\/\/blog.iese.edu\/xvives\/?page_id=80"},"modified":"2026-04-16T14:47:10","modified_gmt":"2026-04-16T13:47:10","slug":"biography","status":"publish","type":"page","link":"https:\/\/blog.iese.edu\/xvives\/","title":{"rendered":"Highlights"},"content":{"rendered":"<p><strong>Recent working papers and forthcoming publications:<\/strong><\/p>\n<p><a href=\"https:\/\/blog.iese.edu\/xvives\/files\/2026\/04\/Market-opacity-and-fragility-Forth.pdf\" target=\"_blank\" rel=\"noopener\">&#8220;Market Opacity and Fragility: Why liquidity evaporates when it is most needed&#8221;<\/a> &amp; <a href=\"https:\/\/blog.iese.edu\/xvives\/files\/2026\/04\/internet-appendix.pdf\" target=\"_blank\" rel=\"noopener\">Online appendix<\/a> (with G. Cespa), forthcoming at the <em>American Economic Review<\/em>.<\/p>\n<p><a href=\"https:\/\/blog.iese.edu\/xvives\/files\/2025\/04\/Climate_Risk.pdf\">&#8220;Climate Risk, Soft Information, and Credit Supply&#8221;<\/a> (with L. \u00c1lvarez, S. Mayordomo and C. Vergara-Alert), R&amp;R at <em>Review of Finance<\/em>.<\/p>\n<p><a href=\"https:\/\/blog.iese.edu\/xvives\/files\/2026\/02\/PSV-26.pdf\" target=\"_blank\" rel=\"noopener\">&#8220;(In)efficiency in Information Acquisition and Aggregation through Prices&#8221;<\/a> (with A. Pavan and S. Sundaresan).<\/p>\n<p><a href=\"https:\/\/blog.iese.edu\/xvives\/files\/2025\/01\/Revisiting-Anticompetitive-Effects-CO.pdf\" target=\"_blank\" rel=\"noopener\">&#8220;Revisiting the Anticompetitive Effects of Common Ownership&#8221;<\/a> (with J. Azar). Recipient of the Intesa Sanpaolo award for the best paper in the 2023 ECGI Finance WP series.<\/p>\n<p>&#8220;<a href=\"https:\/\/blog.iese.edu\/xvives\/files\/2022\/11\/Ownership-diversification-and-product-market-pricing-incentives.pdf\">Ownership Diversification and Product Market Pricing Incentives<\/a>&#8221; (with A. Banal-Esta\u00f1ol and J. Seldeslachts).<\/p>\n<p>&nbsp;<\/p>\n<p><strong>Lectures and Talks:<\/strong><\/p>\n<p>Keynote lecture: &#8220;Lending competition: banks and fintechs\u201d, Oligo Workshop, Cambridge Judge Business School, 2025.<\/p>\n<p><a href=\"https:\/\/youtu.be\/6riml47DxpQ\">Keynote lecture: \u201cIT and Lender Competition\u201d<\/a>, Annual Conference of the Banco Central do Brasil, Brasilia, 2024.<\/p>\n<p><a href=\"https:\/\/blog.iese.edu\/xvives\/files\/2024\/04\/AI-in-finance-G7-Florence-2024.pdf\">Panel discussion: AI in finance<\/a>, G7 AI seminar, Florence, 2024<\/p>\n<p><a href=\"https:\/\/youtu.be\/3tJkLGzvq1s\">Panel discussion: Technological innovation and systemic risk<\/a>, Sixth ESRB Annual Conference, 2022.<\/p>\n<p><a href=\"https:\/\/www.youtube.com\/watch?v=ZJ3MDqocSLI\">Trust in financial institutions<\/a>, Future Trends Forum, 2020.<\/p>\n<p><a href=\"https:\/\/youtu.be\/8KRabY27w-I\">&#8220;Common Ownership and Competition Policy&#8221;<\/a>, The Cambridge-INET Institute 2nd Symposium on Competition Policy 2020.<\/p>\n<p><a href=\"https:\/\/blog.iese.edu\/xvives\/files\/2019\/08\/Digital-disruption-in-banking-EFA-2019.pdf\">&#8220;Digital Disruption in Banking&#8221;<\/a>, 46th annual meeting EFA 2019.<\/p>\n<p><a href=\"https:\/\/blog.iese.edu\/xvives\/publications\/books\/\">Banking<\/a><\/p>\n<p><a href=\"https:\/\/blog.iese.edu\/xvives\/files\/2019\/04\/G7-B-de-France.pdf\">\u201cCompetition and Regulation in the Financial Sector\u201d, <\/a>G7 &amp; Banque de France Conference 2019.<\/p>\n<p><a href=\"https:\/\/blog.iese.edu\/xvives\/files\/2020\/10\/General_Equilibrium_Oligopoly_forth.pdf\">Oligopoly and Ownership Structure<\/a>, Walras-Bowley Lecture 2018.<\/p>\n<p><a href=\"https:\/\/blog.iese.edu\/xvives\/files\/2018\/09\/EARIE-Lecture-Athens-2018.pdf.pdf\">Presidential Address \u201cCommon Ownership, Market Power and Innovation\u201d,<\/a> EARIE 2018.<\/p>\n<p>\u201c<a title=\"On the Possibility of Informationally Efficient Markets: A Large-Market Rational Expectations Equilibrium Model\" href=\"http:\/\/onlinelibrary.wiley.com\/doi\/10.1111\/jeea.12107\/abstract\" target=\"_blank\" rel=\"noopener noreferrer\">On the Possibility of Informationally Efficient Markets<\/a>\u201c, Joseph Schumpeter Lecture 2014, European Economic Association.<\/p>\n<p>&nbsp;<\/p>\n<p><strong><a href=\"https:\/\/blog.iese.edu\/xvives\/publications\/recent-and-forthcoming-publications\/\">Selected recent publications<\/a>:<\/strong><\/p>\n<p>&#8220;<a href=\"https:\/\/anuariocompetencia.cnmc.es\/s\/anuario\/item\/2279\" target=\"_blank\" rel=\"noopener\">Plataformas, <em>BigTech<\/em> y competencia digital<\/a>&#8220;, <em>Anuario de los Mercados y la Competencia 2025 &#8211; CNMC<\/em>, 2025, 11-32.<\/p>\n<p><a href=\"https:\/\/wifpr.wharton.upenn.edu\/wp-content\/uploads\/2025\/10\/WIFPR-FinTech-Competition-in-Lending-Vives.pdf\" target=\"_blank\" rel=\"noopener\">&#8220;FinTech Competition in Lending&#8221;<\/a>, 2025, White Paper Wharton Initiative on Financial Policy &amp; Regulation.<\/p>\n<p><a href=\"https:\/\/blog.iese.edu\/xvives\/files\/2025\/11\/Pages-from-REC92_XV-article.pdf\" target=\"_blank\" rel=\"noopener\">&#8220;Productivitat i Pol\u00edtica industrial&#8221;<\/a>, <em>Revista Econ\u00f2mica de Catalunya<\/em>, 2025, 92, 48-52.<\/p>\n<p>&#8220;<a href=\"https:\/\/www.iese.edu\/media\/research\/pdfs\/78735\" target=\"_blank\" rel=\"noopener\">Artificial Intelligence in Finance<\/a>&#8220;, 2025 (with T. Foucault, L. Gambacorta and W. Jiang), CEPR, pp. 197. <span style=\"color: #0000ff\"><a style=\"color: #0000ff\" href=\"https:\/\/cepr.org\/voxeu\/columns\/artificial-intelligence-finance\" target=\"_blank\" rel=\"noopener\">VoxEU column<\/a><\/span>.<\/p>\n<p>&#8220;<a href=\"https:\/\/www.sciencedirect.com\/science\/article\/pii\/S0304405X25000480\" target=\"_blank\" rel=\"noopener\">Fintech Entry, Lending Market Competition and Welfare<\/a>&#8221; (with Z. Ye). <em>Journal of Financial Economics<\/em>, 2025, 168, 104040. (Best Paper Award in the Second School of Finance Alumni Forum at Renmin University of China). <a href=\"https:\/\/cepr.org\/voxeu\/columns\/impact-fintech-lending\">VoxEU column.<\/a><\/p>\n<p>&#8220;<a href=\"https:\/\/blog.iese.edu\/xvives\/files\/2024\/07\/Free_entry.pdf\">Free Entry in a Cournot Market with Overlapping Ownership<\/a>&#8221; (with O. Vravosinos). <em>American Economic Journal-Microeconomics<\/em>, 2025, 17, 2, 292-320.<\/p>\n<p>&#8220;<a href=\"https:\/\/www.sciencedirect.com\/science\/article\/pii\/S0304405X24001806\" target=\"_blank\" rel=\"noopener\">Information Technology and Lender Competition<\/a>&#8220;, (with Z. Ye), <em>Journal of Financial Economics<\/em>, 2025, 163, 103957. (Recipient of the SANFI award for the best paper on Banking on the 29<sup>th<\/sup> Finance Forum 2022). <a href=\"https:\/\/cepr.org\/voxeu\/columns\/impact-fintech-lending\">VoxEU column.<\/a><\/p>\n<p><a href=\"https:\/\/www.sciencedirect.com\/science\/article\/pii\/S0304406824000673\">&#8220;Strategic complementarity in games&#8221;<\/a>, (with O. Vravosinos), <em>Journal of Mathematical Economics<\/em>, 2024, 113, 103005.<\/p>\n<p><a href=\"https:\/\/www.iese.edu\/media\/research\/pdfs\/77782\">&#8220;Banking Turmoil and Regulatory Reform&#8221;<\/a>, 2024 (with V. Acharya, E. Carletti and F. Restoy), CEPR, pp. 167. <span style=\"color: #0000ff\"><a style=\"color: #0000ff\" href=\"https:\/\/cepr.org\/voxeu\/columns\/banking-turmoil-and-regulatory-reform\" target=\"_blank\" rel=\"noopener\">VoxEU column<\/a><\/span>.<\/p>\n<p><a href=\"https:\/\/www.esrb.europa.eu\/pub\/pdf\/asc\/esrb.ascreport202409_bankfragility~0a370bb239.en.pdf?cf309d3c95b17dbfbf089512abcd210b\">Addressing banks\u2019 vulnerability to deposit runs: revisiting the facts, arguments and policy options<\/a> (with T. Beck, V. Ioannidou, E. Perotti, A. S\u00e1nchez-Serrano and J. Suarez), ECB ESRB Advisory Scientific Committee No 15, August 2024. <a href=\"https:\/\/www.esrb.europa.eu\/news\/pr\/date\/2024\/html\/esrb.pr240829~c5f44cf813.en.html\">Press Release<\/a>.<\/p>\n<p><a href=\"https:\/\/blog.iese.edu\/xvives\/files\/2024\/03\/DT-Fedea.pdf\">&#8220;La Competencia en los Mercados Digitales&#8221;<\/a>, 2024, FEDEA Documento de Trabajo 2024\/01.<\/p>\n<p><a href=\"https:\/\/media.iese.edu\/research\/pdfs\/76606.pdf\">&#8220;The International Economic and Financial Order After the Pandemic and War&#8221;<\/a>, 2023, (with G. Corsetti, B. Eichengreen and J. Zettelmeyer), CEPR, pp. 162. <span style=\"color: #0000ff\"><a style=\"color: #0000ff\" href=\"https:\/\/cepr.org\/voxeu\/columns\/international-economic-and-financial-order-after-pandemic-and-war\" target=\"_blank\" rel=\"noopener\">VoxEU column<\/a><\/span>.<\/p>\n<p><a href=\"https:\/\/pubs.aeaweb.org\/doi\/pdfplus\/10.1257\/pandp.20231006\">&#8220;Monetary Policy, Market Power and SMEs&#8221;<\/a> (with A. Ferrando, P. McAdam and F. Petroulakis), <em>AEA Papers and Proceedings, <\/em>2023, 113, 105-109.<\/p>\n<p><a href=\"https:\/\/european-economy.eu\/2022\/open-banking-promise-and-trade-offs\/\">&#8220;Open Banking: Promise and Trade-Offs&#8221;<\/a>, 2023 (with D. Rivero), <em>European Economy<\/em>, issue 2022, 45-56.<\/p>\n<p>&nbsp;<\/p>\n<p><strong><a href=\"https:\/\/blog.iese.edu\/xvives\/media\/\">Recent opinion articles and media exposure<\/a>:<\/strong><\/p>\n<p><a href=\"https:\/\/www.lavanguardia.com\/opinion\/20260320\/11494198\/geoeconomia-ormuz.html\" target=\"_blank\" rel=\"noopener\">La geoeconom\u00eda de Omuz<\/a>, La Vanguardia, 20\/03\/2026<\/p>\n<p><a href=\"https:\/\/blog.iese.edu\/xvives\/files\/2026\/03\/2026-03-07-Ara.pdf\" target=\"_blank\" rel=\"noopener\">Els enigmes de la IA<\/a>, Ara, 07\/03\/2026<\/p>\n<p><a href=\"https:\/\/www.lavanguardia.com\/opinion\/20260220\/11470421\/europa-cebolla-cabeza-ajos.html\" target=\"_blank\" rel=\"noopener\">Europa: \u00bfcebolla o cabeza de ajos?<\/a>, La Vanguardia, 20\/02\/2026<\/p>\n<p><a href=\"https:\/\/blog.iese.edu\/xvives\/files\/2026\/02\/2026-02-01-Ara-XV.pdf\" target=\"_blank\" rel=\"noopener\">El Govern i el caos de la mobilitat<\/a>, Ara, 01\/02\/2026<\/p>\n<p><a href=\"https:\/\/www.lavanguardia.com\/opinion\/20260123\/11446858\/limites-revolucion-ee-uu-ano.html\" target=\"_blank\" rel=\"noopener\">L\u00edmites a la revoluci\u00f3n en EE.UU. un a\u00f1o despu\u00e9s<\/a>, La Vanguardia, 23\/01\/2026<\/p>\n<p><a href=\"https:\/\/blog.iese.edu\/xvives\/files\/2026\/01\/2026-01-03-Ara-XV.pdf\" target=\"_blank\" rel=\"noopener\">Riscos per a l&#8217;economia el 2026<\/a>, Ara, 02\/01\/2026<\/p>\n<p><a href=\"https:\/\/www.lavanguardia.com\/opinion\/20251219\/11377639\/europa-debe-navegar-mundo-hoy.html\" target=\"_blank\" rel=\"noopener\">Europa debe navegar en el mundo de hoy<\/a>, La Vanguardia, 19\/12\/2025<\/p>\n<p><a href=\"https:\/\/nadaesgratis.es\/admin\/la-irrupcion-de-la-tecnologia-financiera-competencia-bienestar-y-politica-publica\" target=\"_blank\" rel=\"noopener\">La irrupci\u00f3n de la tecnolog\u00eda financiera: competencia, bienestar y pol\u00edtica p\u00fablica<\/a>, Nada es Gratis, 18\/11\/2025<\/p>\n<p><a href=\"https:\/\/blog.iese.edu\/xvives\/files\/2025\/11\/2025-11-09-ARA-XV.pdf\" target=\"_blank\" rel=\"noopener\">Com regular les &#8216;big tech&#8217;<\/a>, Ara, 09\/11\/2025<\/p>\n<p><a href=\"https:\/\/www.promarket.org\/2025\/11\/03\/europe-needs-first-a-consolidated-internal-market-business-consolidation-may-follow\/\" target=\"_blank\" rel=\"noopener\">Europe Needs First A Consolidated Internal Market. Business Consolidation May Follow<\/a>, Promarket, 3\/11\/2025<\/p>\n<p><a href=\"https:\/\/cepr.org\/voxeu\/columns\/impact-fintech-lending\" target=\"_blank\" rel=\"noopener\">The impact of fintech on lending<\/a>, VoxEU.org, 21\/10\/2025<\/p>\n<p><a href=\"https:\/\/blog.iese.edu\/xvives\/files\/2025\/10\/2025-10-01-Economia3.pdf\" target=\"_blank\" rel=\"noopener\">Entrevista: &#8220;El turismo es nuestro monocultivo y supone un riesgo para la econom\u00eda&#8221;<\/a>, 1\/10\/2025, Econom\u00eda 3<\/p>\n<p><a href=\"https:\/\/cadenaser.com\/embed\/audio\/460\/1754555885679\/\" target=\"_blank\" rel=\"noopener\">Els aranzels, la fi i el mitj\u00e0 de Trump<\/a>, min 8:25, 7\/08\/2025, SER Catalunya<\/p>\n<p><a href=\"https:\/\/cepr.org\/voxeu\/columns\/artificial-intelligence-finance\" target=\"_blank\" rel=\"noopener\">Artificial intelligence in finance<\/a>, VoxEU.org, 05\/06\/2025<\/p>\n<p>&nbsp;<\/p>\n","protected":false},"excerpt":{"rendered":"<p>Recent working papers and forthcoming publications: &#8220;Market Opacity and Fragility: Why liquidity evaporates when it is most needed&#8221; &amp; Online appendix (with G. Cespa), forthcoming at the American Economic Review. &#8220;Climate Risk, Soft Information, and Credit Supply&#8221; (with L. \u00c1lvarez, S. Mayordomo and C. Vergara-Alert), R&amp;R at Review of Finance. &#8220;(In)efficiency in Information Acquisition and [&hellip;]<\/p>\n","protected":false},"author":13,"featured_media":0,"parent":0,"menu_order":0,"comment_status":"open","ping_status":"open","template":"","meta":{"footnotes":""},"class_list":["post-80","page","type-page","status-publish","hentry"],"aioseo_notices":[],"_links":{"self":[{"href":"https:\/\/blog.iese.edu\/xvives\/wp-json\/wp\/v2\/pages\/80","targetHints":{"allow":["GET"]}}],"collection":[{"href":"https:\/\/blog.iese.edu\/xvives\/wp-json\/wp\/v2\/pages"}],"about":[{"href":"https:\/\/blog.iese.edu\/xvives\/wp-json\/wp\/v2\/types\/page"}],"author":[{"embeddable":true,"href":"https:\/\/blog.iese.edu\/xvives\/wp-json\/wp\/v2\/users\/13"}],"replies":[{"embeddable":true,"href":"https:\/\/blog.iese.edu\/xvives\/wp-json\/wp\/v2\/comments?post=80"}],"version-history":[{"count":688,"href":"https:\/\/blog.iese.edu\/xvives\/wp-json\/wp\/v2\/pages\/80\/revisions"}],"predecessor-version":[{"id":4721,"href":"https:\/\/blog.iese.edu\/xvives\/wp-json\/wp\/v2\/pages\/80\/revisions\/4721"}],"wp:attachment":[{"href":"https:\/\/blog.iese.edu\/xvives\/wp-json\/wp\/v2\/media?parent=80"}],"curies":[{"name":"wp","href":"https:\/\/api.w.org\/{rel}","templated":true}]}}